{"id":174311,"date":"2026-04-14T09:22:58","date_gmt":"2026-04-14T07:22:58","guid":{"rendered":"https:\/\/watchdeluxe.it\/prodotto\/nomos-club-neomatik-rouge-ref-743\/"},"modified":"2026-04-14T09:22:58","modified_gmt":"2026-04-14T07:22:58","slug":"nomos-club-neomatik-rouge-ref-743","status":"publish","type":"product","link":"https:\/\/watchdeluxe.it\/fr\/prodotto\/nomos-club-neomatik-rouge-ref-743\/","title":{"rendered":"Nomos club neomatik rouge r\u00e9f. 743"},"content":{"rendered":"<p>Nomos club neomatik rouge r\u00e9f. 743<\/p>\n<ul>\n<li><strong>R\u00e9f\u00e9rence :<\/strong> 743<\/li>\n<li><strong>Mouvement :<\/strong> Calibre automatique manufacture DUW 3001<\/li>\n<li><strong>Bo\u00eetier :<\/strong> Acier inoxydable<\/li>\n<li><strong>Diam\u00e8tre :<\/strong> 37,0 mm<\/li>\n<li><strong>\u00c9paisseur :<\/strong> 9,3 mm<\/li>\n<li><strong>\u00c9tanch\u00e9it\u00e9 :<\/strong> 20 atm (id\u00e9ale pour la plong\u00e9e)<\/li>\n<li><strong>Cadran :<\/strong> Rouge sir\u00e8ne avec chiffres et index luminescents<\/li>\n<li><strong>Verre :<\/strong> saphir bomb\u00e9<\/li>\n<li><strong>Bracelet :<\/strong> Textile technique gris clair, imperm\u00e9able<\/li>\n<li><strong>R\u00e9serve de marche :<\/strong> Jusqu\u2019\u00e0 43 heures<\/li>\n<\/ul>\n","protected":false},"excerpt":{"rendered":"<p>L&#8217;\u00e9nergie de la couleur rencontre la pr\u00e9cision m\u00e9canique dans la NOMOS Club neomatik signalrot, une ic\u00f4ne de style dynamique et de r\u00e9sistance exceptionnelle.<\/p>\n","protected":false},"featured_media":174307,"template":"","meta":{"_crdt_document":"","advanced_seo_description":"","jetpack_seo_html_title":"","jetpack_seo_noindex":false},"product_brand":[],"product_cat":[1919],"product_tag":[3728],"berocket_brand":[],"woo-feed-brand":[],"class_list":{"0":"post-174311","1":"product","2":"type-product","3":"status-publish","4":"has-post-thumbnail","6":"product_cat-nomos-glashutte","7":"product_tag-neomatik-2","9":"first","10":"instock","11":"sale","12":"taxable","13":"shipping-taxable","14":"purchasable","15":"product-type-simple"},"bundled_by":[],"bundle_stock_status":"instock","bundle_stock_quantity":1,"bundle_virtual":false,"bundle_layout":"","bundle_add_to_cart_form_location":"","bundle_editable_in_cart":false,"bundle_sold_individually_context":"","bundle_item_grouping":"","bundle_min_size":"","bundle_max_size":"","bundle_price":[],"bundled_items":[],"bundle_sell_ids":[],"group_of_quantity":0,"min_quantity":0,"max_quantity":"","exclude_order_quantity_value_rules":"no","exclude_category_quantity_rules":"no","combine_variations":"no","jetpack_sharing_enabled":true,"jetpack_likes_enabled":true,"_links":{"self":[{"href":"https:\/\/watchdeluxe.it\/fr\/wp-json\/wp\/v2\/product\/174311","targetHints":{"allow":["GET"]}}],"collection":[{"href":"https:\/\/watchdeluxe.it\/fr\/wp-json\/wp\/v2\/product"}],"about":[{"href":"https:\/\/watchdeluxe.it\/fr\/wp-json\/wp\/v2\/types\/product"}],"wp:featuredmedia":[{"embeddable":true,"href":"https:\/\/watchdeluxe.it\/fr\/wp-json\/wp\/v2\/media\/174307"}],"wp:attachment":[{"href":"https:\/\/watchdeluxe.it\/fr\/wp-json\/wp\/v2\/media?parent=174311"}],"wp:term":[{"taxonomy":"product_brand","embeddable":true,"href":"https:\/\/watchdeluxe.it\/fr\/wp-json\/wp\/v2\/product_brand?post=174311"},{"taxonomy":"product_cat","embeddable":true,"href":"https:\/\/watchdeluxe.it\/fr\/wp-json\/wp\/v2\/product_cat?post=174311"},{"taxonomy":"product_tag","embeddable":true,"href":"https:\/\/watchdeluxe.it\/fr\/wp-json\/wp\/v2\/product_tag?post=174311"},{"taxonomy":"berocket_brand","embeddable":true,"href":"https:\/\/watchdeluxe.it\/fr\/wp-json\/wp\/v2\/berocket_brand?post=174311"},{"taxonomy":"woo-feed-brand","embeddable":true,"href":"https:\/\/watchdeluxe.it\/fr\/wp-json\/wp\/v2\/woo-feed-brand?post=174311"}],"curies":[{"name":"wp","href":"https:\/\/api.w.org\/{rel}","templated":true}]}}