{"id":174128,"date":"2026-04-13T16:27:21","date_gmt":"2026-04-13T14:27:21","guid":{"rendered":"https:\/\/watchdeluxe.it\/prodotto\/breitling-classic-avi-chronographe-p-51-mustang-ref-a233803a1b1a1\/"},"modified":"2026-04-13T16:27:21","modified_gmt":"2026-04-13T14:27:21","slug":"breitling-classic-avi-chronographe-p-51-mustang-ref-a233803a1b1a1","status":"publish","type":"product","link":"https:\/\/watchdeluxe.it\/fr\/prodotto\/breitling-classic-avi-chronographe-p-51-mustang-ref-a233803a1b1a1\/","title":{"rendered":"Breitling classic avi chronographe p-51 mustang r\u00e9f. A233803A1B1A1"},"content":{"rendered":"<p>Breitling classic avi chronographe p-51 mustang r\u00e9f. A233803A1B1A1<\/p>\n<ul>\n<li><strong>R\u00e9f\u00e9rence :<\/strong> A233803A1B1A1<\/li>\n<li><strong>Collection :<\/strong> Classic AVI P-51 Mustang<\/li>\n<li><strong>Mouvement :<\/strong> Calibre Breitling 23 (M\u00e9canique \u00e0 remontage automatique)<\/li>\n<li><strong>Certification :<\/strong> Chronom\u00e8tre certifi\u00e9 COSC<\/li>\n<li><strong>R\u00e9serve de marche :<\/strong> Environ 48 heures<\/li>\n<li><strong>Mat\u00e9riau du bo\u00eetier :<\/strong> Acier inoxydable<\/li>\n<li><strong>Diam\u00e8tre :<\/strong> 42,0 mm<\/li>\n<li><strong>Cadran :<\/strong> Noir avec chiffres arabes et index Super-LumiNova<\/li>\n<li><strong>Lunette :<\/strong> Tournante bidirectionnelle avec \u00e9chelle 12 heures<\/li>\n<li><strong>\u00c9tanch\u00e9it\u00e9 :<\/strong> 100 m\u00e8tres (10 bars)<\/li>\n<\/ul>\n","protected":false},"excerpt":{"rendered":"<p>Un hommage en acier au l\u00e9gendaire chasseur P-51 Mustang : la Breitling Classic AVI allie le charme de l&#8217;aviation historique \u00e0 une pr\u00e9cision chronom\u00e9trique d&#8217;excellence.<\/p>\n","protected":false},"featured_media":174121,"template":"","meta":{"_crdt_document":"","advanced_seo_description":"","jetpack_seo_html_title":"","jetpack_seo_noindex":false},"product_brand":[],"product_cat":[1919],"product_tag":[],"berocket_brand":[],"woo-feed-brand":[],"class_list":{"0":"post-174128","1":"product","2":"type-product","3":"status-publish","4":"has-post-thumbnail","6":"product_cat-nomos-glashutte","8":"first","9":"instock","10":"sale","11":"taxable","12":"shipping-taxable","13":"purchasable","14":"product-type-simple"},"bundled_by":[],"bundle_stock_status":"instock","bundle_stock_quantity":1,"bundle_virtual":false,"bundle_layout":"","bundle_add_to_cart_form_location":"","bundle_editable_in_cart":false,"bundle_sold_individually_context":"","bundle_item_grouping":"","bundle_min_size":"","bundle_max_size":"","bundle_price":[],"bundled_items":[],"bundle_sell_ids":[],"group_of_quantity":0,"min_quantity":0,"max_quantity":"","exclude_order_quantity_value_rules":"no","exclude_category_quantity_rules":"no","combine_variations":"no","jetpack_sharing_enabled":true,"jetpack_likes_enabled":true,"_links":{"self":[{"href":"https:\/\/watchdeluxe.it\/fr\/wp-json\/wp\/v2\/product\/174128","targetHints":{"allow":["GET"]}}],"collection":[{"href":"https:\/\/watchdeluxe.it\/fr\/wp-json\/wp\/v2\/product"}],"about":[{"href":"https:\/\/watchdeluxe.it\/fr\/wp-json\/wp\/v2\/types\/product"}],"wp:featuredmedia":[{"embeddable":true,"href":"https:\/\/watchdeluxe.it\/fr\/wp-json\/wp\/v2\/media\/174121"}],"wp:attachment":[{"href":"https:\/\/watchdeluxe.it\/fr\/wp-json\/wp\/v2\/media?parent=174128"}],"wp:term":[{"taxonomy":"product_brand","embeddable":true,"href":"https:\/\/watchdeluxe.it\/fr\/wp-json\/wp\/v2\/product_brand?post=174128"},{"taxonomy":"product_cat","embeddable":true,"href":"https:\/\/watchdeluxe.it\/fr\/wp-json\/wp\/v2\/product_cat?post=174128"},{"taxonomy":"product_tag","embeddable":true,"href":"https:\/\/watchdeluxe.it\/fr\/wp-json\/wp\/v2\/product_tag?post=174128"},{"taxonomy":"berocket_brand","embeddable":true,"href":"https:\/\/watchdeluxe.it\/fr\/wp-json\/wp\/v2\/berocket_brand?post=174128"},{"taxonomy":"woo-feed-brand","embeddable":true,"href":"https:\/\/watchdeluxe.it\/fr\/wp-json\/wp\/v2\/woo-feed-brand?post=174128"}],"curies":[{"name":"wp","href":"https:\/\/api.w.org\/{rel}","templated":true}]}}