{"id":173473,"date":"2026-04-07T15:29:02","date_gmt":"2026-04-07T13:29:02","guid":{"rendered":"https:\/\/watchdeluxe.it\/prodotto\/rado-coupole-ref-r22862154\/"},"modified":"2026-04-07T15:29:02","modified_gmt":"2026-04-07T13:29:02","slug":"rado-coupole-ref-r22862154","status":"publish","type":"product","link":"https:\/\/watchdeluxe.it\/fr\/prodotto\/rado-coupole-ref-r22862154\/","title":{"rendered":"Rado Coupole r\u00e9f. R22862154"},"content":{"rendered":"<p>Rado Coupole r\u00e9f. R22862154<\/p>\n<ul>\n<li><strong>Mouvement :<\/strong> Automatique avec r\u00e9serve de marche jusqu\u2019\u00e0 80 heures<\/li>\n<li><strong>Mat\u00e9riau du bo\u00eetier :<\/strong> Acier inoxydable avec rev\u00eatement PVD couleur or rose<\/li>\n<li><strong>Diam\u00e8tre :<\/strong> 37,7 mm<\/li>\n<li><strong>Verre :<\/strong> Verre saphir avec rev\u00eatement antireflet sur les deux faces<\/li>\n<li><strong>\u00c9tanch\u00e9it\u00e9 :<\/strong> 5 bar (50 m\u00e8tres)<\/li>\n<li><strong>Fond de bo\u00eete :<\/strong> Transparent en verre saphir pour admirer le mouvement<\/li>\n<li><strong>Cadran :<\/strong> Noir avec index appliqu\u00e9s couleur or rose<\/li>\n<li><strong>Bracelet :<\/strong> Cuir noir de haute qualit\u00e9 avec gaufrage<\/li>\n<li><strong>\u00c9paisseur :<\/strong> 10,2 mm<\/li>\n<li><strong>Fonctions :<\/strong> Guichet date \u00e0 3 heures, heures, minutes et secondes centrales<\/li>\n<\/ul>\n","protected":false},"excerpt":{"rendered":"<p>Un chef-d\u2019\u0153uvre de design n\u00e9oclassique qui allie la chaleur de l\u2019or rose \u00e0 la pr\u00e9cision d\u2019un mouvement automatique suisse d\u2019excellence.<\/p>\n","protected":false},"featured_media":173454,"template":"","meta":{"_crdt_document":"","advanced_seo_description":"","jetpack_seo_html_title":"","jetpack_seo_noindex":false},"product_brand":[],"product_cat":[1925],"product_tag":[1537],"berocket_brand":[],"woo-feed-brand":[],"class_list":{"0":"post-173473","1":"product","2":"type-product","3":"status-publish","4":"has-post-thumbnail","6":"product_cat-rado","7":"product_tag-coupole","9":"first","10":"instock","11":"sale","12":"taxable","13":"shipping-taxable","14":"purchasable","15":"product-type-simple"},"bundled_by":[],"bundle_stock_status":"instock","bundle_stock_quantity":1,"bundle_virtual":false,"bundle_layout":"","bundle_add_to_cart_form_location":"","bundle_editable_in_cart":false,"bundle_sold_individually_context":"","bundle_item_grouping":"","bundle_min_size":"","bundle_max_size":"","bundle_price":[],"bundled_items":[],"bundle_sell_ids":[],"group_of_quantity":0,"min_quantity":0,"max_quantity":"","exclude_order_quantity_value_rules":"no","exclude_category_quantity_rules":"no","combine_variations":"no","exclude_global_add_ons":[],"addons":[],"jetpack_sharing_enabled":true,"jetpack_likes_enabled":true,"_links":{"self":[{"href":"https:\/\/watchdeluxe.it\/fr\/wp-json\/wp\/v2\/product\/173473","targetHints":{"allow":["GET"]}}],"collection":[{"href":"https:\/\/watchdeluxe.it\/fr\/wp-json\/wp\/v2\/product"}],"about":[{"href":"https:\/\/watchdeluxe.it\/fr\/wp-json\/wp\/v2\/types\/product"}],"wp:featuredmedia":[{"embeddable":true,"href":"https:\/\/watchdeluxe.it\/fr\/wp-json\/wp\/v2\/media\/173454"}],"wp:attachment":[{"href":"https:\/\/watchdeluxe.it\/fr\/wp-json\/wp\/v2\/media?parent=173473"}],"wp:term":[{"taxonomy":"product_brand","embeddable":true,"href":"https:\/\/watchdeluxe.it\/fr\/wp-json\/wp\/v2\/product_brand?post=173473"},{"taxonomy":"product_cat","embeddable":true,"href":"https:\/\/watchdeluxe.it\/fr\/wp-json\/wp\/v2\/product_cat?post=173473"},{"taxonomy":"product_tag","embeddable":true,"href":"https:\/\/watchdeluxe.it\/fr\/wp-json\/wp\/v2\/product_tag?post=173473"},{"taxonomy":"berocket_brand","embeddable":true,"href":"https:\/\/watchdeluxe.it\/fr\/wp-json\/wp\/v2\/berocket_brand?post=173473"},{"taxonomy":"woo-feed-brand","embeddable":true,"href":"https:\/\/watchdeluxe.it\/fr\/wp-json\/wp\/v2\/woo-feed-brand?post=173473"}],"curies":[{"name":"wp","href":"https:\/\/api.w.org\/{rel}","templated":true}]}}