{"id":173026,"date":"2026-04-11T10:29:33","date_gmt":"2026-04-11T08:29:33","guid":{"rendered":"https:\/\/watchdeluxe.it\/prodotto\/oris-aquis-gmt-date-ref-79877544135-0742465eb\/"},"modified":"2026-04-11T10:29:33","modified_gmt":"2026-04-11T08:29:33","slug":"oris-aquis-gmt-date-ref-79877544135-0742465eb","status":"publish","type":"product","link":"https:\/\/watchdeluxe.it\/fr\/prodotto\/oris-aquis-gmt-date-ref-79877544135-0742465eb\/","title":{"rendered":"Oris aquis gmt date r\u00e9f. 79877544135-0742465EB"},"content":{"rendered":"<p>Oris aquis gmt date r\u00e9f. 79877544135-0742465EB<\/p>\n<ul>\n<li><strong>R\u00e9f\u00e9rence :<\/strong> 01 798 7754 4135-07 4 24 65EB<\/li>\n<li><strong>Mouvement :<\/strong> Oris 798, remontage automatique GMT (base SW 330-1)<\/li>\n<li><strong>Bo\u00eetier :<\/strong> Acier inoxydable multicomposant, 43,50 mm<\/li>\n<li><strong>Lunette :<\/strong> C\u00e9ramique bleue avec \u00e9chelle 24 heures bidirectionnelle<\/li>\n<li><strong>Verre :<\/strong> Saphir, bomb\u00e9 sur les deux faces, traitement antireflet<\/li>\n<li><strong>Cadran :<\/strong> Bleu avec aiguilles et index en Super-LumiNova BG W9<\/li>\n<li><strong>\u00c9tanch\u00e9it\u00e9 :<\/strong> 30 bar (300 m\u00e8tres \/ 1 000 ft)<\/li>\n<li><strong>Bracelet :<\/strong> Caoutchouc bleu avec boucle d\u00e9ployante de s\u00e9curit\u00e9<\/li>\n<li><strong>Fonctions :<\/strong> Aiguille 24 heures centrale, date instantan\u00e9e, stop-seconde<\/li>\n<li><strong>R\u00e9serve de marche :<\/strong> 42 heures<\/li>\n<\/ul>\n","protected":false},"excerpt":{"rendered":"<p>L\u2019excellence subaquatique rencontre l\u2019esprit du voyageur moderne dans l\u2019Oris Aquis GMT Date, un garde-temps alliant robustesse extr\u00eame et pr\u00e9cision de trois fuseaux horaires.<\/p>\n","protected":false},"featured_media":172973,"template":"","meta":{"_crdt_document":"","advanced_seo_description":"","jetpack_seo_html_title":"","jetpack_seo_noindex":false},"product_brand":[],"product_cat":[1928],"product_tag":[1463],"berocket_brand":[],"woo-feed-brand":[],"class_list":{"0":"post-173026","1":"product","2":"type-product","3":"status-publish","4":"has-post-thumbnail","6":"product_cat-oris","7":"product_tag-aquis","9":"first","10":"instock","11":"sale","12":"taxable","13":"shipping-taxable","14":"purchasable","15":"product-type-simple"},"bundled_by":[],"bundle_stock_status":"instock","bundle_stock_quantity":1,"bundle_virtual":false,"bundle_layout":"","bundle_add_to_cart_form_location":"","bundle_editable_in_cart":false,"bundle_sold_individually_context":"","bundle_item_grouping":"","bundle_min_size":"","bundle_max_size":"","bundle_price":[],"bundled_items":[],"bundle_sell_ids":[],"group_of_quantity":0,"min_quantity":0,"max_quantity":"","exclude_order_quantity_value_rules":"no","exclude_category_quantity_rules":"no","combine_variations":"no","jetpack_sharing_enabled":true,"jetpack_likes_enabled":true,"_links":{"self":[{"href":"https:\/\/watchdeluxe.it\/fr\/wp-json\/wp\/v2\/product\/173026","targetHints":{"allow":["GET"]}}],"collection":[{"href":"https:\/\/watchdeluxe.it\/fr\/wp-json\/wp\/v2\/product"}],"about":[{"href":"https:\/\/watchdeluxe.it\/fr\/wp-json\/wp\/v2\/types\/product"}],"wp:featuredmedia":[{"embeddable":true,"href":"https:\/\/watchdeluxe.it\/fr\/wp-json\/wp\/v2\/media\/172973"}],"wp:attachment":[{"href":"https:\/\/watchdeluxe.it\/fr\/wp-json\/wp\/v2\/media?parent=173026"}],"wp:term":[{"taxonomy":"product_brand","embeddable":true,"href":"https:\/\/watchdeluxe.it\/fr\/wp-json\/wp\/v2\/product_brand?post=173026"},{"taxonomy":"product_cat","embeddable":true,"href":"https:\/\/watchdeluxe.it\/fr\/wp-json\/wp\/v2\/product_cat?post=173026"},{"taxonomy":"product_tag","embeddable":true,"href":"https:\/\/watchdeluxe.it\/fr\/wp-json\/wp\/v2\/product_tag?post=173026"},{"taxonomy":"berocket_brand","embeddable":true,"href":"https:\/\/watchdeluxe.it\/fr\/wp-json\/wp\/v2\/berocket_brand?post=173026"},{"taxonomy":"woo-feed-brand","embeddable":true,"href":"https:\/\/watchdeluxe.it\/fr\/wp-json\/wp\/v2\/woo-feed-brand?post=173026"}],"curies":[{"name":"wp","href":"https:\/\/api.w.org\/{rel}","templated":true}]}}