{"id":173008,"date":"2026-04-11T10:35:26","date_gmt":"2026-04-11T08:35:26","guid":{"rendered":"https:\/\/watchdeluxe.it\/prodotto\/oris-divers-sixty-five-cotton-candy-ref-73377714058-0781918\/"},"modified":"2026-04-11T10:35:26","modified_gmt":"2026-04-11T08:35:26","slug":"oris-divers-sixty-five-cotton-candy-ref-73377714058-0781918","status":"publish","type":"product","link":"https:\/\/watchdeluxe.it\/fr\/prodotto\/oris-divers-sixty-five-cotton-candy-ref-73377714058-0781918\/","title":{"rendered":"Oris Divers Sixty-Five \u00ab&nbsp;Cotton Candy&nbsp;\u00bb r\u00e9f. 73377714058-0781918"},"content":{"rendered":"<p>Oris Divers Sixty-Five \u00ab&nbsp;Cotton Candy&nbsp;\u00bb r\u00e9f. 73377714058-0781918<\/p>\n<ul>\n<li><strong>R\u00e9f\u00e9rence :<\/strong> 01 733 7771 4058-07 8 19 18<\/li>\n<li><strong>Collection :<\/strong> Divers Sixty-Five \u00ab&nbsp;Cotton Candy&nbsp;\u00bb<\/li>\n<li><strong>Mouvement :<\/strong> Oris 733 sur base SW 200-1, remontage automatique<\/li>\n<li><strong>Bo\u00eetier :<\/strong> Acier inoxydable multi-pi\u00e8ces, diam\u00e8tre 38,00 mm<\/li>\n<li><strong>Cadran :<\/strong> Rose pastel avec index et aiguilles en Super-LumiNova\u00ae<\/li>\n<li><strong>Verre :<\/strong> Saphir bomb\u00e9 sur les deux faces, traitement antireflet int\u00e9rieur<\/li>\n<li><strong>R\u00e9serve de marche :<\/strong> 41 heures<\/li>\n<li><strong>\u00c9tanch\u00e9it\u00e9 :<\/strong> 10 bar (100 m)<\/li>\n<li><strong>Bracelet :<\/strong> Acier inoxydable avec boucle d\u00e9ployante<\/li>\n<li><strong>Fonctions :<\/strong> Heures, minutes et secondes centrales, date instantan\u00e9e, correcteur rapide et stop-seconde<\/li>\n<\/ul>\n","protected":false},"excerpt":{"rendered":"<p>Une ic\u00f4ne du style r\u00e9tro qui allie l\u2019\u00e9l\u00e9gance de l\u2019acier \u00e0 l\u2019audace d\u2019un cadran rose \u00ab&nbsp;Cotton Candy&nbsp;\u00bb, id\u00e9al pour ceux qui recherchent un luxe contemporain et distinctif.<\/p>\n","protected":false},"featured_media":172977,"template":"","meta":{"_crdt_document":"","advanced_seo_description":"","jetpack_seo_html_title":"","jetpack_seo_noindex":false},"product_brand":[],"product_cat":[1928],"product_tag":[1461],"berocket_brand":[],"woo-feed-brand":[],"class_list":{"0":"post-173008","1":"product","2":"type-product","3":"status-publish","4":"has-post-thumbnail","6":"product_cat-oris","7":"product_tag-divers","9":"first","10":"instock","11":"sale","12":"taxable","13":"shipping-taxable","14":"purchasable","15":"product-type-simple"},"bundled_by":[],"bundle_stock_status":"instock","bundle_stock_quantity":1,"bundle_virtual":false,"bundle_layout":"","bundle_add_to_cart_form_location":"","bundle_editable_in_cart":false,"bundle_sold_individually_context":"","bundle_item_grouping":"","bundle_min_size":"","bundle_max_size":"","bundle_price":[],"bundled_items":[],"bundle_sell_ids":[],"group_of_quantity":0,"min_quantity":0,"max_quantity":"","exclude_order_quantity_value_rules":"no","exclude_category_quantity_rules":"no","combine_variations":"no","jetpack_sharing_enabled":true,"jetpack_likes_enabled":true,"_links":{"self":[{"href":"https:\/\/watchdeluxe.it\/fr\/wp-json\/wp\/v2\/product\/173008","targetHints":{"allow":["GET"]}}],"collection":[{"href":"https:\/\/watchdeluxe.it\/fr\/wp-json\/wp\/v2\/product"}],"about":[{"href":"https:\/\/watchdeluxe.it\/fr\/wp-json\/wp\/v2\/types\/product"}],"wp:featuredmedia":[{"embeddable":true,"href":"https:\/\/watchdeluxe.it\/fr\/wp-json\/wp\/v2\/media\/172977"}],"wp:attachment":[{"href":"https:\/\/watchdeluxe.it\/fr\/wp-json\/wp\/v2\/media?parent=173008"}],"wp:term":[{"taxonomy":"product_brand","embeddable":true,"href":"https:\/\/watchdeluxe.it\/fr\/wp-json\/wp\/v2\/product_brand?post=173008"},{"taxonomy":"product_cat","embeddable":true,"href":"https:\/\/watchdeluxe.it\/fr\/wp-json\/wp\/v2\/product_cat?post=173008"},{"taxonomy":"product_tag","embeddable":true,"href":"https:\/\/watchdeluxe.it\/fr\/wp-json\/wp\/v2\/product_tag?post=173008"},{"taxonomy":"berocket_brand","embeddable":true,"href":"https:\/\/watchdeluxe.it\/fr\/wp-json\/wp\/v2\/berocket_brand?post=173008"},{"taxonomy":"woo-feed-brand","embeddable":true,"href":"https:\/\/watchdeluxe.it\/fr\/wp-json\/wp\/v2\/woo-feed-brand?post=173008"}],"curies":[{"name":"wp","href":"https:\/\/api.w.org\/{rel}","templated":true}]}}