{"id":172933,"date":"2026-04-11T10:10:55","date_gmt":"2026-04-11T08:10:55","guid":{"rendered":"https:\/\/watchdeluxe.it\/prodotto\/hamilton-ventura-s-quartz-ref-h24201730\/"},"modified":"2026-04-11T10:10:55","modified_gmt":"2026-04-11T08:10:55","slug":"hamilton-ventura-s-quartz-ref-h24201730","status":"publish","type":"product","link":"https:\/\/watchdeluxe.it\/fr\/prodotto\/hamilton-ventura-s-quartz-ref-h24201730\/","title":{"rendered":"Hamilton Ventura S Quartz r\u00e9f. H24201730"},"content":{"rendered":"<p>Hamilton Ventura S Quartz r\u00e9f. H24201730<\/p>\n<ul>\n<li><strong>R\u00e9f\u00e9rence :<\/strong> H24201730<\/li>\n<li><strong>Collection :<\/strong> Ventura<\/li>\n<li><strong>Mouvement :<\/strong> Quartz (Calibre F03.105)<\/li>\n<li><strong>Mat\u00e9riau du bo\u00eetier :<\/strong> Acier inoxydable avec rev\u00eatement PVD noir<\/li>\n<li><strong>Dimensions du bo\u00eetier :<\/strong> 24 mm x 37 mm<\/li>\n<li><strong>Couleur du cadran :<\/strong> Noir avec index et aiguilles dor\u00e9s<\/li>\n<li><strong>Verre :<\/strong> Min\u00e9ral<\/li>\n<li><strong>Bracelet :<\/strong> Cuir de vachette noir<\/li>\n<li><strong>\u00c9tanch\u00e9it\u00e9 :<\/strong> 5 bar (50 m)<\/li>\n<li><strong>Fermoir :<\/strong> Boucle d\u00e9ployante<\/li>\n<\/ul>\n","protected":false},"excerpt":{"rendered":"<p>L\u2019Hamilton Ventura S Quartz fusionne le design iconique en forme de bouclier avec une esth\u00e9tique Black and Gold inspir\u00e9e du charme d\u2019Hollywood. Un chef-d\u2019\u0153uvre de style avant-gardiste qui c\u00e9l\u00e8bre l\u2019histoire de l\u2019horlogerie avec une touche de myst\u00e8re moderne. <\/p>\n","protected":false},"featured_media":172859,"template":"","meta":{"_crdt_document":"","advanced_seo_description":"","jetpack_seo_html_title":"","jetpack_seo_noindex":false},"product_brand":[],"product_cat":[1915],"product_tag":[1524],"berocket_brand":[],"woo-feed-brand":[],"class_list":{"0":"post-172933","1":"product","2":"type-product","3":"status-publish","4":"has-post-thumbnail","6":"product_cat-hamilton","7":"product_tag-ventura","9":"first","10":"instock","11":"sale","12":"taxable","13":"shipping-taxable","14":"purchasable","15":"product-type-simple"},"bundled_by":[],"bundle_stock_status":"instock","bundle_stock_quantity":1,"bundle_virtual":false,"bundle_layout":"","bundle_add_to_cart_form_location":"","bundle_editable_in_cart":false,"bundle_sold_individually_context":"","bundle_item_grouping":"","bundle_min_size":"","bundle_max_size":"","bundle_price":[],"bundled_items":[],"bundle_sell_ids":[],"group_of_quantity":0,"min_quantity":0,"max_quantity":"","exclude_order_quantity_value_rules":"no","exclude_category_quantity_rules":"no","combine_variations":"no","jetpack_sharing_enabled":true,"jetpack_likes_enabled":true,"_links":{"self":[{"href":"https:\/\/watchdeluxe.it\/fr\/wp-json\/wp\/v2\/product\/172933","targetHints":{"allow":["GET"]}}],"collection":[{"href":"https:\/\/watchdeluxe.it\/fr\/wp-json\/wp\/v2\/product"}],"about":[{"href":"https:\/\/watchdeluxe.it\/fr\/wp-json\/wp\/v2\/types\/product"}],"wp:featuredmedia":[{"embeddable":true,"href":"https:\/\/watchdeluxe.it\/fr\/wp-json\/wp\/v2\/media\/172859"}],"wp:attachment":[{"href":"https:\/\/watchdeluxe.it\/fr\/wp-json\/wp\/v2\/media?parent=172933"}],"wp:term":[{"taxonomy":"product_brand","embeddable":true,"href":"https:\/\/watchdeluxe.it\/fr\/wp-json\/wp\/v2\/product_brand?post=172933"},{"taxonomy":"product_cat","embeddable":true,"href":"https:\/\/watchdeluxe.it\/fr\/wp-json\/wp\/v2\/product_cat?post=172933"},{"taxonomy":"product_tag","embeddable":true,"href":"https:\/\/watchdeluxe.it\/fr\/wp-json\/wp\/v2\/product_tag?post=172933"},{"taxonomy":"berocket_brand","embeddable":true,"href":"https:\/\/watchdeluxe.it\/fr\/wp-json\/wp\/v2\/berocket_brand?post=172933"},{"taxonomy":"woo-feed-brand","embeddable":true,"href":"https:\/\/watchdeluxe.it\/fr\/wp-json\/wp\/v2\/woo-feed-brand?post=172933"}],"curies":[{"name":"wp","href":"https:\/\/api.w.org\/{rel}","templated":true}]}}