{"id":172909,"date":"2026-04-11T10:06:36","date_gmt":"2026-04-11T08:06:36","guid":{"rendered":"https:\/\/watchdeluxe.it\/prodotto\/hamilton-jazzmaster-chronographe-ref-h32576141\/"},"modified":"2026-04-11T10:06:36","modified_gmt":"2026-04-11T08:06:36","slug":"hamilton-jazzmaster-chronographe-ref-h32576141","status":"publish","type":"product","link":"https:\/\/watchdeluxe.it\/fr\/prodotto\/hamilton-jazzmaster-chronographe-ref-h32576141\/","title":{"rendered":"Hamilton Jazzmaster Chronographe r\u00e9f. H32576141"},"content":{"rendered":"<p>HAMILTON H32576141<\/p>\n<p>Con\u00e7u pour ceux qui appr\u00e9cient la symphonie du temps, ce garde-temps de la ligne Jazzmaster incarne l\u2019esprit d\u2019excellence et d\u2019innovation constante d\u2019Hamilton. Avec son esth\u00e9tique raffin\u00e9e et la puissance du calibre automatique H-21, le Maestro repr\u00e9sente l\u2019\u00e9quilibre parfait entre fonctionnalit\u00e9 technique et style intemporel.<\/p>\n<ul>\n<li><strong>Mouvement :<\/strong> Automatique H-21<\/li>\n<li><strong>R\u00e9serve de marche :<\/strong> 60 heures<\/li>\n<li><strong>Mat\u00e9riau du bo\u00eetier :<\/strong> Acier inoxydable<\/li>\n<li><strong>Verre :<\/strong> Saphir inrayable<\/li>\n<li><strong>Diam\u00e8tre bo\u00eetier :<\/strong> 41 mm<\/li>\n<li><strong>Couleur du cadran :<\/strong> Bleu<\/li>\n<li><strong>\u00c9tanch\u00e9it\u00e9 :<\/strong> 10 bar (100 m)<\/li>\n<li><strong>Fonctions :<\/strong> Chronographe, Jour et Date<\/li>\n<li><strong>Bracelet :<\/strong> Acier inoxydable<\/li>\n<li><strong>Largeur de l\u2019entre-corne :<\/strong> 22 mm<\/li>\n<\/ul>\n","protected":false},"excerpt":{"rendered":"<p>L\u2019Hamilton Jazzmaster Maestro Auto Chrono est un chef-d\u2019\u0153uvre d\u2019\u00e9l\u00e9gance contemporaine qui allie la pr\u00e9cision du mouvement suisse \u00e0 un design bleu nuit sophistiqu\u00e9.<\/p>\n","protected":false},"featured_media":172865,"template":"","meta":{"_crdt_document":"","advanced_seo_description":"","jetpack_seo_html_title":"","jetpack_seo_noindex":false},"product_brand":[],"product_cat":[1915],"product_tag":[],"berocket_brand":[],"woo-feed-brand":[],"class_list":{"0":"post-172909","1":"product","2":"type-product","3":"status-publish","4":"has-post-thumbnail","6":"product_cat-hamilton","8":"first","9":"instock","10":"sale","11":"taxable","12":"shipping-taxable","13":"purchasable","14":"product-type-simple"},"bundled_by":[],"bundle_stock_status":"instock","bundle_stock_quantity":1,"bundle_virtual":false,"bundle_layout":"","bundle_add_to_cart_form_location":"","bundle_editable_in_cart":false,"bundle_sold_individually_context":"","bundle_item_grouping":"","bundle_min_size":"","bundle_max_size":"","bundle_price":[],"bundled_items":[],"bundle_sell_ids":[],"group_of_quantity":0,"min_quantity":0,"max_quantity":"","exclude_order_quantity_value_rules":"no","exclude_category_quantity_rules":"no","combine_variations":"no","jetpack_sharing_enabled":true,"jetpack_likes_enabled":true,"_links":{"self":[{"href":"https:\/\/watchdeluxe.it\/fr\/wp-json\/wp\/v2\/product\/172909","targetHints":{"allow":["GET"]}}],"collection":[{"href":"https:\/\/watchdeluxe.it\/fr\/wp-json\/wp\/v2\/product"}],"about":[{"href":"https:\/\/watchdeluxe.it\/fr\/wp-json\/wp\/v2\/types\/product"}],"wp:featuredmedia":[{"embeddable":true,"href":"https:\/\/watchdeluxe.it\/fr\/wp-json\/wp\/v2\/media\/172865"}],"wp:attachment":[{"href":"https:\/\/watchdeluxe.it\/fr\/wp-json\/wp\/v2\/media?parent=172909"}],"wp:term":[{"taxonomy":"product_brand","embeddable":true,"href":"https:\/\/watchdeluxe.it\/fr\/wp-json\/wp\/v2\/product_brand?post=172909"},{"taxonomy":"product_cat","embeddable":true,"href":"https:\/\/watchdeluxe.it\/fr\/wp-json\/wp\/v2\/product_cat?post=172909"},{"taxonomy":"product_tag","embeddable":true,"href":"https:\/\/watchdeluxe.it\/fr\/wp-json\/wp\/v2\/product_tag?post=172909"},{"taxonomy":"berocket_brand","embeddable":true,"href":"https:\/\/watchdeluxe.it\/fr\/wp-json\/wp\/v2\/berocket_brand?post=172909"},{"taxonomy":"woo-feed-brand","embeddable":true,"href":"https:\/\/watchdeluxe.it\/fr\/wp-json\/wp\/v2\/woo-feed-brand?post=172909"}],"curies":[{"name":"wp","href":"https:\/\/api.w.org\/{rel}","templated":true}]}}