{"id":172490,"date":"2026-04-10T17:53:57","date_gmt":"2026-04-10T15:53:57","guid":{"rendered":"https:\/\/watchdeluxe.it\/prodotto\/hamilton-american-classic-intra-matic-ref-h38429541\/"},"modified":"2026-04-10T17:53:57","modified_gmt":"2026-04-10T15:53:57","slug":"hamilton-american-classic-intra-matic-ref-h38429541","status":"publish","type":"product","link":"https:\/\/watchdeluxe.it\/fr\/prodotto\/hamilton-american-classic-intra-matic-ref-h38429541\/","title":{"rendered":"Hamilton american classic intra-matic r\u00e9f. H38429541"},"content":{"rendered":"<p>Hamilton american classic intra-matic r\u00e9f. H38429541&lt;<\/p>\n<ul>\n<li><strong>Mouvement :<\/strong> Calibre H-51 m\u00e9canique \u00e0 remontage manuel<\/li>\n<li><strong>R\u00e9serve de marche :<\/strong> 60 heures<\/li>\n<li><strong>Bo\u00eetier :<\/strong> Acier inoxydable de 40 mm<\/li>\n<li><strong>Verre :<\/strong> Saphir bomb\u00e9 avec double traitement antireflet<\/li>\n<li><strong>Cadran :<\/strong> Bleu avec compteurs blancs et aiguilles chronographes orange vif<\/li>\n<li><strong>Spiral :<\/strong> En Nivachron\u2122 pour une r\u00e9sistance \u00e9lev\u00e9e aux champs magn\u00e9tiques<\/li>\n<li><strong>Bracelet :<\/strong> Cuir de veau marron perfor\u00e9 et bracelet mesh suppl\u00e9mentaire<\/li>\n<li><strong>\u00c9tanch\u00e9it\u00e9 :<\/strong> Jusqu&#8217;\u00e0 10 bar (100 m)<\/li>\n<li><strong>Visibilit\u00e9 :<\/strong> Index et aiguilles avec traitement Super-LumiNova\u00ae<\/li>\n<li><strong>\u00c9paisseur :<\/strong> 14,35 mm<\/li>\n<\/ul>\n","protected":false},"excerpt":{"rendered":"<p>L&#8217;\u00e9l\u00e9gance sportive des ann\u00e9es 60 revit dans ce chronographe m\u00e9canique \u00e0 remontage manuel, un chef-d&#8217;\u0153uvre de pr\u00e9cision suisse d\u00e9di\u00e9 aux puristes de l&#8217;horlogerie.<\/p>\n","protected":false},"featured_media":172394,"template":"","meta":{"_crdt_document":"","advanced_seo_description":"","jetpack_seo_html_title":"","jetpack_seo_noindex":false},"product_brand":[],"product_cat":[1915],"product_tag":[1431],"berocket_brand":[],"woo-feed-brand":[],"class_list":{"0":"post-172490","1":"product","2":"type-product","3":"status-publish","4":"has-post-thumbnail","6":"product_cat-hamilton","7":"product_tag-american-classic","9":"first","10":"instock","11":"sale","12":"taxable","13":"shipping-taxable","14":"purchasable","15":"product-type-simple"},"bundled_by":[],"bundle_stock_status":"instock","bundle_stock_quantity":1,"bundle_virtual":false,"bundle_layout":"","bundle_add_to_cart_form_location":"","bundle_editable_in_cart":false,"bundle_sold_individually_context":"","bundle_item_grouping":"","bundle_min_size":"","bundle_max_size":"","bundle_price":[],"bundled_items":[],"bundle_sell_ids":[],"group_of_quantity":0,"min_quantity":0,"max_quantity":"","exclude_order_quantity_value_rules":"no","exclude_category_quantity_rules":"no","combine_variations":"no","jetpack_sharing_enabled":true,"jetpack_likes_enabled":true,"_links":{"self":[{"href":"https:\/\/watchdeluxe.it\/fr\/wp-json\/wp\/v2\/product\/172490","targetHints":{"allow":["GET"]}}],"collection":[{"href":"https:\/\/watchdeluxe.it\/fr\/wp-json\/wp\/v2\/product"}],"about":[{"href":"https:\/\/watchdeluxe.it\/fr\/wp-json\/wp\/v2\/types\/product"}],"wp:featuredmedia":[{"embeddable":true,"href":"https:\/\/watchdeluxe.it\/fr\/wp-json\/wp\/v2\/media\/172394"}],"wp:attachment":[{"href":"https:\/\/watchdeluxe.it\/fr\/wp-json\/wp\/v2\/media?parent=172490"}],"wp:term":[{"taxonomy":"product_brand","embeddable":true,"href":"https:\/\/watchdeluxe.it\/fr\/wp-json\/wp\/v2\/product_brand?post=172490"},{"taxonomy":"product_cat","embeddable":true,"href":"https:\/\/watchdeluxe.it\/fr\/wp-json\/wp\/v2\/product_cat?post=172490"},{"taxonomy":"product_tag","embeddable":true,"href":"https:\/\/watchdeluxe.it\/fr\/wp-json\/wp\/v2\/product_tag?post=172490"},{"taxonomy":"berocket_brand","embeddable":true,"href":"https:\/\/watchdeluxe.it\/fr\/wp-json\/wp\/v2\/berocket_brand?post=172490"},{"taxonomy":"woo-feed-brand","embeddable":true,"href":"https:\/\/watchdeluxe.it\/fr\/wp-json\/wp\/v2\/woo-feed-brand?post=172490"}],"curies":[{"name":"wp","href":"https:\/\/api.w.org\/{rel}","templated":true}]}}