{"id":168268,"date":"2026-04-04T09:47:38","date_gmt":"2026-04-04T07:47:38","guid":{"rendered":"https:\/\/watchdeluxe.it\/prodotto\/longines-hydroconquest-ref-l37823969\/"},"modified":"2026-04-04T09:47:38","modified_gmt":"2026-04-04T07:47:38","slug":"longines-hydroconquest-ref-l37823969","status":"publish","type":"product","link":"https:\/\/watchdeluxe.it\/fr\/prodotto\/longines-hydroconquest-ref-l37823969\/","title":{"rendered":"Longines HydroConquest r\u00e9f. L37823969"},"content":{"rendered":"<p>Longines HydroConquest r\u00e9f. L37823969<\/p>\n<ul>\n<li><strong>Mat\u00e9riau :<\/strong> Acier inoxydable avec rev\u00eatement PVD jaune et lunette en c\u00e9ramique bleue<\/li>\n<li><strong>Verre :<\/strong> Saphir inrayable avec traitement antireflet multicouche sur les deux faces<\/li>\n<li><strong>Dimensions :<\/strong> Diam\u00e8tre de 43,00 mm et \u00e9paisseur de 11,90 mm<\/li>\n<li><strong>\u00c9tanch\u00e9it\u00e9 :<\/strong> Jusqu&#8217;\u00e0 30 bar (300 m\u00e8tres)<\/li>\n<li><strong>Mouvement :<\/strong> M\u00e9canique \u00e0 remontage automatique, calibre L888<\/li>\n<li><strong>R\u00e9serve de marche :<\/strong> Environ 72 heures<\/li>\n<li><strong>Cadran :<\/strong> Bleu soleil avec index et aiguilles dor\u00e9s en Super-LumiNova\u00ae<\/li>\n<li><strong>Fonctions :<\/strong> Heures, minutes, secondes et guichet de la date \u00e0 3 heures<\/li>\n<li><strong>Bracelet :<\/strong> Caoutchouc bleu avec boucle d\u00e9ployante double s\u00e9curit\u00e9 et extension de plong\u00e9e<\/li>\n<li><strong>Caract\u00e9ristiques :<\/strong> Couronne et fond viss\u00e9s avec lunette tournante unidirectionnelle<\/li>\n<\/ul>\n","protected":false},"excerpt":{"rendered":"<p>L&#8217;incarnation parfaite de l&#8217;\u00e9l\u00e9gance sportive : un garde-temps de plong\u00e9e qui allie l&#8217;excellence technique de Longines \u00e0 un design audacieux en acier et finitions dor\u00e9es.<\/p>\n","protected":false},"featured_media":167851,"template":"","meta":{"_crdt_document":"","advanced_seo_description":"","jetpack_seo_html_title":"","jetpack_seo_noindex":false},"product_brand":[],"product_cat":[2188],"product_tag":[2983],"berocket_brand":[],"woo-feed-brand":[],"class_list":{"0":"post-168268","1":"product","2":"type-product","3":"status-publish","4":"has-post-thumbnail","6":"product_cat-longines-fr","7":"product_tag-hydroconquest-fr","9":"first","10":"instock","11":"sale","12":"taxable","13":"shipping-taxable","14":"purchasable","15":"product-type-simple"},"bundled_by":[],"bundle_stock_status":"instock","bundle_stock_quantity":1,"bundle_virtual":false,"bundle_layout":"","bundle_add_to_cart_form_location":"","bundle_editable_in_cart":false,"bundle_sold_individually_context":"","bundle_item_grouping":"","bundle_min_size":"","bundle_max_size":"","bundle_price":[],"bundled_items":[],"bundle_sell_ids":[],"group_of_quantity":0,"min_quantity":0,"max_quantity":"","exclude_order_quantity_value_rules":"no","exclude_category_quantity_rules":"no","combine_variations":"no","jetpack_sharing_enabled":true,"jetpack_likes_enabled":true,"_links":{"self":[{"href":"https:\/\/watchdeluxe.it\/fr\/wp-json\/wp\/v2\/product\/168268","targetHints":{"allow":["GET"]}}],"collection":[{"href":"https:\/\/watchdeluxe.it\/fr\/wp-json\/wp\/v2\/product"}],"about":[{"href":"https:\/\/watchdeluxe.it\/fr\/wp-json\/wp\/v2\/types\/product"}],"wp:featuredmedia":[{"embeddable":true,"href":"https:\/\/watchdeluxe.it\/fr\/wp-json\/wp\/v2\/media\/167851"}],"wp:attachment":[{"href":"https:\/\/watchdeluxe.it\/fr\/wp-json\/wp\/v2\/media?parent=168268"}],"wp:term":[{"taxonomy":"product_brand","embeddable":true,"href":"https:\/\/watchdeluxe.it\/fr\/wp-json\/wp\/v2\/product_brand?post=168268"},{"taxonomy":"product_cat","embeddable":true,"href":"https:\/\/watchdeluxe.it\/fr\/wp-json\/wp\/v2\/product_cat?post=168268"},{"taxonomy":"product_tag","embeddable":true,"href":"https:\/\/watchdeluxe.it\/fr\/wp-json\/wp\/v2\/product_tag?post=168268"},{"taxonomy":"berocket_brand","embeddable":true,"href":"https:\/\/watchdeluxe.it\/fr\/wp-json\/wp\/v2\/berocket_brand?post=168268"},{"taxonomy":"woo-feed-brand","embeddable":true,"href":"https:\/\/watchdeluxe.it\/fr\/wp-json\/wp\/v2\/woo-feed-brand?post=168268"}],"curies":[{"name":"wp","href":"https:\/\/api.w.org\/{rel}","templated":true}]}}