{"id":168252,"date":"2026-04-10T15:12:43","date_gmt":"2026-04-10T13:12:43","guid":{"rendered":"https:\/\/watchdeluxe.it\/prodotto\/longines-la-grande-classique-ref-l43214116\/"},"modified":"2026-04-10T15:12:43","modified_gmt":"2026-04-10T13:12:43","slug":"longines-la-grande-classique-ref-l43214116","status":"publish","type":"product","link":"https:\/\/watchdeluxe.it\/fr\/prodotto\/longines-la-grande-classique-ref-l43214116\/","title":{"rendered":"Longines La Grande Classique r\u00e9f. L43214116"},"content":{"rendered":"<p>Longines La Grande Classique r\u00e9f. L43214116\n<\/p>\n<ul>\n<li><strong>Collection :<\/strong> Pr\u00e9sence<\/li>\n<li><strong>Mouvement :<\/strong> M\u00e9canique \u00e0 remontage automatique<\/li>\n<li><strong>Calibre :<\/strong> L561 (28 800 alternances par heure)<\/li>\n<li><strong>Mat\u00e9riau du bo\u00eetier :<\/strong> Acier inoxydable<\/li>\n<li><strong>Verre :<\/strong> Saphir inrayable<\/li>\n<li><strong>Diam\u00e8tre :<\/strong> 25,50 mm<\/li>\n<li><strong>Fond :<\/strong> Transparent en verre saphir<\/li>\n<li><strong>Cadran :<\/strong> Blanc mat avec chiffres romains peints<\/li>\n<li><strong>Fonctions :<\/strong> Heures, minutes, secondes et date \u00e0 3 heures<\/li>\n<li><strong>\u00c9tanch\u00e9it\u00e9 :<\/strong> 3 bar (30 m\u00e8tres)<\/li>\n<\/ul>\n","protected":false},"excerpt":{"rendered":"<p>L\u2019incarnation de la gr\u00e2ce intemporelle et de la pr\u00e9cision suisse dans un design \u00e9pur\u00e9. Ce garde-temps automatique est le symbole parfait d\u2019une \u00e9l\u00e9gance discr\u00e8te mais de grand caract\u00e8re. <\/p>\n","protected":false},"featured_media":167848,"template":"","meta":{"_crdt_document":"","advanced_seo_description":"","jetpack_seo_html_title":"","jetpack_seo_noindex":false},"product_brand":[],"product_cat":[1923],"product_tag":[],"berocket_brand":[],"woo-feed-brand":[],"class_list":{"0":"post-168252","1":"product","2":"type-product","3":"status-publish","4":"has-post-thumbnail","6":"product_cat-longines","8":"first","9":"instock","10":"sale","11":"taxable","12":"shipping-taxable","13":"purchasable","14":"product-type-simple"},"bundled_by":[],"bundle_stock_status":"instock","bundle_stock_quantity":1,"bundle_virtual":false,"bundle_layout":"","bundle_add_to_cart_form_location":"","bundle_editable_in_cart":false,"bundle_sold_individually_context":"","bundle_item_grouping":"","bundle_min_size":"","bundle_max_size":"","bundle_price":[],"bundled_items":[],"bundle_sell_ids":[],"group_of_quantity":0,"min_quantity":0,"max_quantity":"","exclude_order_quantity_value_rules":"no","exclude_category_quantity_rules":"no","combine_variations":"no","jetpack_sharing_enabled":true,"jetpack_likes_enabled":true,"_links":{"self":[{"href":"https:\/\/watchdeluxe.it\/fr\/wp-json\/wp\/v2\/product\/168252","targetHints":{"allow":["GET"]}}],"collection":[{"href":"https:\/\/watchdeluxe.it\/fr\/wp-json\/wp\/v2\/product"}],"about":[{"href":"https:\/\/watchdeluxe.it\/fr\/wp-json\/wp\/v2\/types\/product"}],"wp:featuredmedia":[{"embeddable":true,"href":"https:\/\/watchdeluxe.it\/fr\/wp-json\/wp\/v2\/media\/167848"}],"wp:attachment":[{"href":"https:\/\/watchdeluxe.it\/fr\/wp-json\/wp\/v2\/media?parent=168252"}],"wp:term":[{"taxonomy":"product_brand","embeddable":true,"href":"https:\/\/watchdeluxe.it\/fr\/wp-json\/wp\/v2\/product_brand?post=168252"},{"taxonomy":"product_cat","embeddable":true,"href":"https:\/\/watchdeluxe.it\/fr\/wp-json\/wp\/v2\/product_cat?post=168252"},{"taxonomy":"product_tag","embeddable":true,"href":"https:\/\/watchdeluxe.it\/fr\/wp-json\/wp\/v2\/product_tag?post=168252"},{"taxonomy":"berocket_brand","embeddable":true,"href":"https:\/\/watchdeluxe.it\/fr\/wp-json\/wp\/v2\/berocket_brand?post=168252"},{"taxonomy":"woo-feed-brand","embeddable":true,"href":"https:\/\/watchdeluxe.it\/fr\/wp-json\/wp\/v2\/woo-feed-brand?post=168252"}],"curies":[{"name":"wp","href":"https:\/\/api.w.org\/{rel}","templated":true}]}}