{"id":168236,"date":"2026-04-10T16:01:46","date_gmt":"2026-04-10T14:01:46","guid":{"rendered":"https:\/\/watchdeluxe.it\/prodotto\/omega-seamaster-diver-300-007-ref-210-92-42-20-01-001\/"},"modified":"2026-04-10T16:01:46","modified_gmt":"2026-04-10T14:01:46","slug":"omega-seamaster-diver-300-007-ref-210-92-42-20-01-001","status":"publish","type":"product","link":"https:\/\/watchdeluxe.it\/fr\/prodotto\/omega-seamaster-diver-300-007-ref-210-92-42-20-01-001\/","title":{"rendered":"Omega Seamaster Diver 300 007 r\u00e9f. 210.92.42.20.01.001"},"content":{"rendered":"<p>Omega Seamaster Diver 300 007 r\u00e9f. 210.92.42.20.01.001\n<\/p>\n<ul>\n<li><strong>Mouvement :<\/strong> Calibre OMEGA 8806 \u00e0 remontage automatique avec \u00e9chappement Co-Axial.<\/li>\n<li><strong>Certification :<\/strong> Master Chronometer certifi\u00e9e par le METAS, r\u00e9sistante aux champs magn\u00e9tiques.<\/li>\n<li><strong>Mat\u00e9riau du bo\u00eetier :<\/strong> Titane Grade 2, diam\u00e8tre 42 mm.<\/li>\n<li><strong>Bracelet :<\/strong> NATO \u00e0 rayures marron, gris et beige avec passants en titane.<\/li>\n<li><strong>Cadran :<\/strong> Aluminium \u00ab tropical \u00bb marron avec index en Super-LumiNova vintage.<\/li>\n<li><strong>Lunette :<\/strong> Tournante unidirectionnelle en aluminium marron.<\/li>\n<li><strong>Verre :<\/strong> Verre saphir bomb\u00e9 r\u00e9sistant aux rayures avec traitement antireflet \u00e0 l\u2019int\u00e9rieur.<\/li>\n<li><strong>R\u00e9serve de marche :<\/strong> 55 heures.<\/li>\n<li><strong>R\u00e9sistance magn\u00e9tique :<\/strong> Jusqu\u2019\u00e0 15 000 gauss.<\/li>\n<li><strong>\u00c9tanch\u00e9it\u00e9 :<\/strong> 30 bars (300 m\u00e8tres \/ 1000 pieds) avec valve \u00e0 h\u00e9lium.<\/li>\n<\/ul>\n","protected":false},"excerpt":{"rendered":"<p>Le garde-temps iconique de James Bond dans \u00ab Mourir peut attendre \u00bb, un chef-d\u2019\u0153uvre en titane Grade 2 alliant charme vintage et pr\u00e9cision Master Chronometer.<\/p>\n","protected":false},"featured_media":168140,"template":"","meta":{"_crdt_document":"","advanced_seo_description":"","jetpack_seo_html_title":"","jetpack_seo_noindex":false},"product_brand":[],"product_cat":[1921],"product_tag":[3961],"berocket_brand":[],"woo-feed-brand":[],"class_list":{"0":"post-168236","1":"product","2":"type-product","3":"status-publish","4":"has-post-thumbnail","6":"product_cat-omega","7":"product_tag-seamaster-2","9":"first","10":"instock","11":"sale","12":"taxable","13":"shipping-taxable","14":"purchasable","15":"product-type-simple"},"bundled_by":[],"bundle_stock_status":"instock","bundle_stock_quantity":1,"bundle_virtual":false,"bundle_layout":"","bundle_add_to_cart_form_location":"","bundle_editable_in_cart":false,"bundle_sold_individually_context":"","bundle_item_grouping":"","bundle_min_size":"","bundle_max_size":"","bundle_price":[],"bundled_items":[],"bundle_sell_ids":[],"group_of_quantity":0,"min_quantity":0,"max_quantity":"","exclude_order_quantity_value_rules":"no","exclude_category_quantity_rules":"no","combine_variations":"no","jetpack_sharing_enabled":true,"jetpack_likes_enabled":true,"_links":{"self":[{"href":"https:\/\/watchdeluxe.it\/fr\/wp-json\/wp\/v2\/product\/168236","targetHints":{"allow":["GET"]}}],"collection":[{"href":"https:\/\/watchdeluxe.it\/fr\/wp-json\/wp\/v2\/product"}],"about":[{"href":"https:\/\/watchdeluxe.it\/fr\/wp-json\/wp\/v2\/types\/product"}],"wp:featuredmedia":[{"embeddable":true,"href":"https:\/\/watchdeluxe.it\/fr\/wp-json\/wp\/v2\/media\/168140"}],"wp:attachment":[{"href":"https:\/\/watchdeluxe.it\/fr\/wp-json\/wp\/v2\/media?parent=168236"}],"wp:term":[{"taxonomy":"product_brand","embeddable":true,"href":"https:\/\/watchdeluxe.it\/fr\/wp-json\/wp\/v2\/product_brand?post=168236"},{"taxonomy":"product_cat","embeddable":true,"href":"https:\/\/watchdeluxe.it\/fr\/wp-json\/wp\/v2\/product_cat?post=168236"},{"taxonomy":"product_tag","embeddable":true,"href":"https:\/\/watchdeluxe.it\/fr\/wp-json\/wp\/v2\/product_tag?post=168236"},{"taxonomy":"berocket_brand","embeddable":true,"href":"https:\/\/watchdeluxe.it\/fr\/wp-json\/wp\/v2\/berocket_brand?post=168236"},{"taxonomy":"woo-feed-brand","embeddable":true,"href":"https:\/\/watchdeluxe.it\/fr\/wp-json\/wp\/v2\/woo-feed-brand?post=168236"}],"curies":[{"name":"wp","href":"https:\/\/api.w.org\/{rel}","templated":true}]}}