{"id":168176,"date":"2026-04-10T15:01:33","date_gmt":"2026-04-10T13:01:33","guid":{"rendered":"https:\/\/watchdeluxe.it\/prodotto\/longines-dolcevita-quartz-ref-l52554873\/"},"modified":"2026-04-10T15:01:33","modified_gmt":"2026-04-10T13:01:33","slug":"longines-dolcevita-quartz-ref-l52554873","status":"publish","type":"product","link":"https:\/\/watchdeluxe.it\/fr\/prodotto\/longines-dolcevita-quartz-ref-l52554873\/","title":{"rendered":"Longines dolcevita quartz r\u00e9f. L52554873"},"content":{"rendered":"<p>Longines dolcevita quartz r\u00e9f. L52554873<\/p>\n<li><strong>Mat\u00e9riau du bo\u00eetier :<\/strong> acier inoxydable<\/li>\n<li><strong>Dimensions :<\/strong> 20,80 x 32,00 mm<\/li>\n<li><strong>Verre :<\/strong> Saphir inrayable<\/li>\n<li><strong>\u00c9tanch\u00e9it\u00e9 :<\/strong> Jusqu&#8217;\u00e0 3 bar (30 m\u00e8tres)<\/li>\n<li><strong>Cadran :<\/strong> Nacre blanche avec 13 diamants Top Wesselton VS-SI sertis<\/li>\n<li><strong>Diamants :<\/strong> Total de 0,059 carat<\/li>\n<li><strong>Aiguilles :<\/strong> En acier bleui<\/li>\n<li><strong>Mouvement :<\/strong> Quartz Calibre L178<\/li>\n<li><strong>Fonctions :<\/strong> Heures, minutes, petite seconde \u00e0 6 heures et indicateur E.O.L.<\/li>\n<li><strong>Bracelet :<\/strong> Cuir d&#8217;alligator bleu avec boucle ardillon<\/li>\n<\/ul>\n","protected":false},"excerpt":{"rendered":"<p>La Longines DolceVita L52554873 est une ic\u00f4ne de gr\u00e2ce et de raffinement, o\u00f9 l&#8217;\u00e9clat de l&#8217;acier rencontre la splendeur de la nacre et des diamants. Un garde-temps rectangulaire au design intemporel, parfait pour c\u00e9l\u00e9brer l&#8217;\u00e9l\u00e9gance de la dolce vita italienne.<\/p>\n","protected":false},"featured_media":168177,"template":"","meta":{"_crdt_document":"","advanced_seo_description":"","jetpack_seo_html_title":"","jetpack_seo_noindex":false},"product_brand":[],"product_cat":[1923],"product_tag":[],"berocket_brand":[],"woo-feed-brand":[],"class_list":{"0":"post-168176","1":"product","2":"type-product","3":"status-publish","4":"has-post-thumbnail","6":"product_cat-longines","8":"first","9":"instock","10":"sale","11":"taxable","12":"shipping-taxable","13":"purchasable","14":"product-type-simple"},"bundled_by":[],"bundle_stock_status":"instock","bundle_stock_quantity":1,"bundle_virtual":false,"bundle_layout":"","bundle_add_to_cart_form_location":"","bundle_editable_in_cart":false,"bundle_sold_individually_context":"","bundle_item_grouping":"","bundle_min_size":"","bundle_max_size":"","bundle_price":[],"bundled_items":[],"bundle_sell_ids":[],"group_of_quantity":0,"min_quantity":0,"max_quantity":"","exclude_order_quantity_value_rules":"no","exclude_category_quantity_rules":"no","combine_variations":"no","jetpack_sharing_enabled":true,"jetpack_likes_enabled":true,"_links":{"self":[{"href":"https:\/\/watchdeluxe.it\/fr\/wp-json\/wp\/v2\/product\/168176","targetHints":{"allow":["GET"]}}],"collection":[{"href":"https:\/\/watchdeluxe.it\/fr\/wp-json\/wp\/v2\/product"}],"about":[{"href":"https:\/\/watchdeluxe.it\/fr\/wp-json\/wp\/v2\/types\/product"}],"wp:featuredmedia":[{"embeddable":true,"href":"https:\/\/watchdeluxe.it\/fr\/wp-json\/wp\/v2\/media\/168177"}],"wp:attachment":[{"href":"https:\/\/watchdeluxe.it\/fr\/wp-json\/wp\/v2\/media?parent=168176"}],"wp:term":[{"taxonomy":"product_brand","embeddable":true,"href":"https:\/\/watchdeluxe.it\/fr\/wp-json\/wp\/v2\/product_brand?post=168176"},{"taxonomy":"product_cat","embeddable":true,"href":"https:\/\/watchdeluxe.it\/fr\/wp-json\/wp\/v2\/product_cat?post=168176"},{"taxonomy":"product_tag","embeddable":true,"href":"https:\/\/watchdeluxe.it\/fr\/wp-json\/wp\/v2\/product_tag?post=168176"},{"taxonomy":"berocket_brand","embeddable":true,"href":"https:\/\/watchdeluxe.it\/fr\/wp-json\/wp\/v2\/berocket_brand?post=168176"},{"taxonomy":"woo-feed-brand","embeddable":true,"href":"https:\/\/watchdeluxe.it\/fr\/wp-json\/wp\/v2\/woo-feed-brand?post=168176"}],"curies":[{"name":"wp","href":"https:\/\/api.w.org\/{rel}","templated":true}]}}