{"id":168130,"date":"2026-04-10T14:51:37","date_gmt":"2026-04-10T12:51:37","guid":{"rendered":"https:\/\/watchdeluxe.it\/prodotto\/mido-ocean-star-tribute-edition-limitee-ref-m0268071104100\/"},"modified":"2026-04-10T14:51:37","modified_gmt":"2026-04-10T12:51:37","slug":"mido-ocean-star-tribute-edition-limitee-ref-m0268071104100","status":"publish","type":"product","link":"https:\/\/watchdeluxe.it\/fr\/prodotto\/mido-ocean-star-tribute-edition-limitee-ref-m0268071104100\/","title":{"rendered":"Mido Ocean Star Tribute \u00e9dition limit\u00e9e r\u00e9f. M0268071104100"},"content":{"rendered":"<p>Mido Ocean Star Tribute \u00e9dition limit\u00e9e r\u00e9f. M0268071104100<\/p>\n<ul>\n<li><strong>Collection :<\/strong> Ocean Star Tribute<\/li>\n<li><strong>Mouvement :<\/strong> Automatique Mido Calibre 80 (base ETA C07.621)<\/li>\n<li><strong>R\u00e9serve de marche :<\/strong> Jusqu\u2019\u00e0 80 heures<\/li>\n<li><strong>Mat\u00e9riau du bo\u00eetier :<\/strong> Acier inoxydable poli<\/li>\n<li><strong>Diam\u00e8tre :<\/strong> 40,50 mm<\/li>\n<li><strong>Verre :<\/strong> Verre saphir bomb\u00e9 style \u00ab Box \u00bb<\/li>\n<li><strong>\u00c9tanch\u00e9it\u00e9 :<\/strong> 20 bar (200 m \/ 660 ft) avec couronne viss\u00e9e<\/li>\n<li><strong>Lunette :<\/strong> Tournante unidirectionnelle avec bague en aluminium bleu et point lumineux<\/li>\n<li><strong>Cadran :<\/strong> Bleu avec index imprim\u00e9s en Super-Luminova\u00ae et guichet jour-date<\/li>\n<li><strong>Bracelet :<\/strong> Acier inoxydable \u00e0 mailles multiples avec boucle d\u00e9ployante et extension de plong\u00e9e<\/li>\n<\/ul>\n","protected":false},"excerpt":{"rendered":"<p>Hommage intemporel \u00e0 l\u2019h\u00e9ritage maritime de Mido, l\u2019Ocean Star Tribute allie le charme esth\u00e9tique des ann\u00e9es 60 \u00e0 la pr\u00e9cision m\u00e9canique du Calibre 80.<\/p>\n","protected":false},"featured_media":167824,"template":"","meta":{"_crdt_document":"","advanced_seo_description":"","jetpack_seo_html_title":"","jetpack_seo_noindex":false},"product_brand":[],"product_cat":[1922],"product_tag":[3739],"berocket_brand":[],"woo-feed-brand":[],"class_list":{"0":"post-168130","1":"product","2":"type-product","3":"status-publish","4":"has-post-thumbnail","6":"product_cat-mido","7":"product_tag-ocean-star-2","9":"first","10":"instock","11":"sale","12":"taxable","13":"shipping-taxable","14":"purchasable","15":"product-type-simple"},"bundled_by":[],"bundle_stock_status":"instock","bundle_stock_quantity":1,"bundle_virtual":false,"bundle_layout":"","bundle_add_to_cart_form_location":"","bundle_editable_in_cart":false,"bundle_sold_individually_context":"","bundle_item_grouping":"","bundle_min_size":"","bundle_max_size":"","bundle_price":[],"bundled_items":[],"bundle_sell_ids":[],"group_of_quantity":0,"min_quantity":0,"max_quantity":"","exclude_order_quantity_value_rules":"no","exclude_category_quantity_rules":"no","combine_variations":"no","jetpack_sharing_enabled":true,"jetpack_likes_enabled":true,"_links":{"self":[{"href":"https:\/\/watchdeluxe.it\/fr\/wp-json\/wp\/v2\/product\/168130","targetHints":{"allow":["GET"]}}],"collection":[{"href":"https:\/\/watchdeluxe.it\/fr\/wp-json\/wp\/v2\/product"}],"about":[{"href":"https:\/\/watchdeluxe.it\/fr\/wp-json\/wp\/v2\/types\/product"}],"wp:featuredmedia":[{"embeddable":true,"href":"https:\/\/watchdeluxe.it\/fr\/wp-json\/wp\/v2\/media\/167824"}],"wp:attachment":[{"href":"https:\/\/watchdeluxe.it\/fr\/wp-json\/wp\/v2\/media?parent=168130"}],"wp:term":[{"taxonomy":"product_brand","embeddable":true,"href":"https:\/\/watchdeluxe.it\/fr\/wp-json\/wp\/v2\/product_brand?post=168130"},{"taxonomy":"product_cat","embeddable":true,"href":"https:\/\/watchdeluxe.it\/fr\/wp-json\/wp\/v2\/product_cat?post=168130"},{"taxonomy":"product_tag","embeddable":true,"href":"https:\/\/watchdeluxe.it\/fr\/wp-json\/wp\/v2\/product_tag?post=168130"},{"taxonomy":"berocket_brand","embeddable":true,"href":"https:\/\/watchdeluxe.it\/fr\/wp-json\/wp\/v2\/berocket_brand?post=168130"},{"taxonomy":"woo-feed-brand","embeddable":true,"href":"https:\/\/watchdeluxe.it\/fr\/wp-json\/wp\/v2\/woo-feed-brand?post=168130"}],"curies":[{"name":"wp","href":"https:\/\/api.w.org\/{rel}","templated":true}]}}