{"id":168076,"date":"2026-04-10T14:43:27","date_gmt":"2026-04-10T12:43:27","guid":{"rendered":"https:\/\/watchdeluxe.it\/prodotto\/mido-rainflower-ref-m0432073701900\/"},"modified":"2026-04-10T14:43:27","modified_gmt":"2026-04-10T12:43:27","slug":"mido-rainflower-ref-m0432073701900","status":"publish","type":"product","link":"https:\/\/watchdeluxe.it\/fr\/prodotto\/mido-rainflower-ref-m0432073701900\/","title":{"rendered":"Mido Rainflower r\u00e9f. M0432073701900"},"content":{"rendered":"<p>Mido Rainflower r\u00e9f. M0432073701900<\/p>\n<ul>\n<li><strong>Collection :<\/strong> Ocean Star 36.5<\/li>\n<li><strong>Mouvement :<\/strong> Mido Calibre 80 automatique (base ETA C07.611)<\/li>\n<li><strong>R\u00e9serve de marche :<\/strong> Jusqu\u2019\u00e0 80 heures<\/li>\n<li><strong>Mat\u00e9riau du bo\u00eetier :<\/strong> Acier inoxydable avec traitement PVD or rose<\/li>\n<li><strong>Cadran :<\/strong> Nacre blanche sertie de 11 diamants (0,051 ct)<\/li>\n<li><strong>Lunette :<\/strong> Tournante unidirectionnelle avec bague en c\u00e9ramique noire haute technologie<\/li>\n<li><strong>Verre :<\/strong> Verre saphir avec traitement antireflet double face<\/li>\n<li><strong>\u00c9tanch\u00e9it\u00e9 :<\/strong> 20 bar (200 m \/ 660 ft) avec couronne et fond viss\u00e9s<\/li>\n<li><strong>Technologie :<\/strong> Spiral en Nivachron\u2122 amagn\u00e9tique pour une pr\u00e9cision sup\u00e9rieure<\/li>\n<li><strong>Bracelet :<\/strong> Caoutchouc noir avec finition textur\u00e9e et boucle ardillon<\/li>\n<\/ul>\n","protected":false},"excerpt":{"rendered":"<p>La MIDO Ocean Star 36.5 allie l\u2019\u00e9l\u00e9gance de la nacre et l\u2019\u00e9clat des diamants \u00e0 la robustesse d\u2019une montre de plong\u00e9e professionnelle, cr\u00e9ant un garde-temps au charme magn\u00e9tique et intemporel.<\/p>\n","protected":false},"featured_media":167818,"template":"","meta":{"_crdt_document":"","advanced_seo_description":"","jetpack_seo_html_title":"","jetpack_seo_noindex":false},"product_brand":[],"product_cat":[2940],"product_tag":[4737],"berocket_brand":[],"woo-feed-brand":[],"class_list":{"0":"post-168076","1":"product","2":"type-product","3":"status-publish","4":"has-post-thumbnail","6":"product_cat-mido-es","7":"product_tag-flor-de-lluvia","9":"first","10":"instock","11":"sale","12":"taxable","13":"shipping-taxable","14":"purchasable","15":"product-type-simple"},"bundled_by":[],"bundle_stock_status":"instock","bundle_stock_quantity":1,"bundle_virtual":false,"bundle_layout":"","bundle_add_to_cart_form_location":"","bundle_editable_in_cart":false,"bundle_sold_individually_context":"","bundle_item_grouping":"","bundle_min_size":"","bundle_max_size":"","bundle_price":[],"bundled_items":[],"bundle_sell_ids":[],"group_of_quantity":0,"min_quantity":0,"max_quantity":"","exclude_order_quantity_value_rules":"no","exclude_category_quantity_rules":"no","combine_variations":"no","exclude_global_add_ons":[],"addons":[],"jetpack_sharing_enabled":true,"jetpack_likes_enabled":true,"_links":{"self":[{"href":"https:\/\/watchdeluxe.it\/fr\/wp-json\/wp\/v2\/product\/168076","targetHints":{"allow":["GET"]}}],"collection":[{"href":"https:\/\/watchdeluxe.it\/fr\/wp-json\/wp\/v2\/product"}],"about":[{"href":"https:\/\/watchdeluxe.it\/fr\/wp-json\/wp\/v2\/types\/product"}],"wp:featuredmedia":[{"embeddable":true,"href":"https:\/\/watchdeluxe.it\/fr\/wp-json\/wp\/v2\/media\/167818"}],"wp:attachment":[{"href":"https:\/\/watchdeluxe.it\/fr\/wp-json\/wp\/v2\/media?parent=168076"}],"wp:term":[{"taxonomy":"product_brand","embeddable":true,"href":"https:\/\/watchdeluxe.it\/fr\/wp-json\/wp\/v2\/product_brand?post=168076"},{"taxonomy":"product_cat","embeddable":true,"href":"https:\/\/watchdeluxe.it\/fr\/wp-json\/wp\/v2\/product_cat?post=168076"},{"taxonomy":"product_tag","embeddable":true,"href":"https:\/\/watchdeluxe.it\/fr\/wp-json\/wp\/v2\/product_tag?post=168076"},{"taxonomy":"berocket_brand","embeddable":true,"href":"https:\/\/watchdeluxe.it\/fr\/wp-json\/wp\/v2\/berocket_brand?post=168076"},{"taxonomy":"woo-feed-brand","embeddable":true,"href":"https:\/\/watchdeluxe.it\/fr\/wp-json\/wp\/v2\/woo-feed-brand?post=168076"}],"curies":[{"name":"wp","href":"https:\/\/api.w.org\/{rel}","templated":true}]}}