{"id":167987,"date":"2026-04-10T12:57:08","date_gmt":"2026-04-10T10:57:08","guid":{"rendered":"https:\/\/watchdeluxe.it\/prodotto\/longines-heritage-ref-l27884530\/"},"modified":"2026-04-10T12:57:08","modified_gmt":"2026-04-10T10:57:08","slug":"longines-heritage-ref-l27884530","status":"publish","type":"product","link":"https:\/\/watchdeluxe.it\/fr\/prodotto\/longines-heritage-ref-l27884530\/","title":{"rendered":"Longines Heritage r\u00e9f. L27884530"},"content":{"rendered":"<p>Longines Heritage r\u00e9f. L27884530<\/p>\n<ul>\n<li><strong>Collection :<\/strong> Heritage Military 1938<\/li>\n<li><strong>Mat\u00e9riau du bo\u00eetier :<\/strong> Acier inoxydable<\/li>\n<li><strong>Verre :<\/strong> Verre saphir inrayable avec plusieurs couches de rev\u00eatement antireflet<\/li>\n<li><strong>Dimensions :<\/strong> 40,00 mm<\/li>\n<li><strong>\u00c9tanch\u00e9it\u00e9 :<\/strong> \u00c9tanche jusqu\u2019\u00e0 5 bar (50 m\u00e8tres)<\/li>\n<li><strong>Cadran :<\/strong> Noir mat avec chiffres arabes et aiguilles luminescentes<\/li>\n<li><strong>Type de mouvement :<\/strong> M\u00e9canique \u00e0 remontage automatique<\/li>\n<li><strong>Calibre :<\/strong> L619 (fr\u00e9quence de 28 800 alternances par heure)<\/li>\n<li><strong>R\u00e9serve de marche :<\/strong> Environ 42 heures<\/li>\n<li><strong>Bracelet :<\/strong> Cuir de veau noir avec boucle ardillon<\/li>\n<\/ul>\n","protected":false},"excerpt":{"rendered":"<p>Hommage impeccable \u00e0 l\u2019esth\u00e9tique militaire des ann\u00e9es 30, la Longines Heritage Military 1938 allie rigueur historique et pr\u00e9cision m\u00e9canique d\u2019excellence.<\/p>\n","protected":false},"featured_media":167783,"template":"","meta":{"_crdt_document":"","advanced_seo_description":"","jetpack_seo_html_title":"","jetpack_seo_noindex":false},"product_brand":[],"product_cat":[1919],"product_tag":[],"berocket_brand":[],"woo-feed-brand":[],"class_list":{"0":"post-167987","1":"product","2":"type-product","3":"status-publish","4":"has-post-thumbnail","6":"product_cat-nomos-glashutte","8":"first","9":"instock","10":"sale","11":"taxable","12":"shipping-taxable","13":"purchasable","14":"product-type-simple"},"bundled_by":[],"bundle_stock_status":"instock","bundle_stock_quantity":1,"bundle_virtual":false,"bundle_layout":"","bundle_add_to_cart_form_location":"","bundle_editable_in_cart":false,"bundle_sold_individually_context":"","bundle_item_grouping":"","bundle_min_size":"","bundle_max_size":"","bundle_price":[],"bundled_items":[],"bundle_sell_ids":[],"group_of_quantity":0,"min_quantity":0,"max_quantity":"","exclude_order_quantity_value_rules":"no","exclude_category_quantity_rules":"no","combine_variations":"no","jetpack_sharing_enabled":true,"jetpack_likes_enabled":true,"_links":{"self":[{"href":"https:\/\/watchdeluxe.it\/fr\/wp-json\/wp\/v2\/product\/167987","targetHints":{"allow":["GET"]}}],"collection":[{"href":"https:\/\/watchdeluxe.it\/fr\/wp-json\/wp\/v2\/product"}],"about":[{"href":"https:\/\/watchdeluxe.it\/fr\/wp-json\/wp\/v2\/types\/product"}],"wp:featuredmedia":[{"embeddable":true,"href":"https:\/\/watchdeluxe.it\/fr\/wp-json\/wp\/v2\/media\/167783"}],"wp:attachment":[{"href":"https:\/\/watchdeluxe.it\/fr\/wp-json\/wp\/v2\/media?parent=167987"}],"wp:term":[{"taxonomy":"product_brand","embeddable":true,"href":"https:\/\/watchdeluxe.it\/fr\/wp-json\/wp\/v2\/product_brand?post=167987"},{"taxonomy":"product_cat","embeddable":true,"href":"https:\/\/watchdeluxe.it\/fr\/wp-json\/wp\/v2\/product_cat?post=167987"},{"taxonomy":"product_tag","embeddable":true,"href":"https:\/\/watchdeluxe.it\/fr\/wp-json\/wp\/v2\/product_tag?post=167987"},{"taxonomy":"berocket_brand","embeddable":true,"href":"https:\/\/watchdeluxe.it\/fr\/wp-json\/wp\/v2\/berocket_brand?post=167987"},{"taxonomy":"woo-feed-brand","embeddable":true,"href":"https:\/\/watchdeluxe.it\/fr\/wp-json\/wp\/v2\/woo-feed-brand?post=167987"}],"curies":[{"name":"wp","href":"https:\/\/api.w.org\/{rel}","templated":true}]}}