{"id":167925,"date":"2026-04-10T15:46:47","date_gmt":"2026-04-10T13:46:47","guid":{"rendered":"https:\/\/watchdeluxe.it\/prodotto\/breitling-avenger-b01-chronographe-ref-ab0147101a1a1-2\/"},"modified":"2026-04-10T15:46:47","modified_gmt":"2026-04-10T13:46:47","slug":"breitling-avenger-b01-chronographe-ref-ab0147101a1a1-2","status":"publish","type":"product","link":"https:\/\/watchdeluxe.it\/fr\/prodotto\/breitling-avenger-b01-chronographe-ref-ab0147101a1a1-2\/","title":{"rendered":"Breitling Avenger B01 Chronographe r\u00e9f. AB0147101A1A1"},"content":{"rendered":"<p>Breitling Avenger B01 Chronographe r\u00e9f. AB0147101A1A<\/p>\n<ul>\n<li><strong>Mouvement :<\/strong> Calibre de manufacture Breitling 01, m\u00e9canique \u00e0 remontage automatique<\/li>\n<li><strong>R\u00e9serve de marche :<\/strong> Environ 70 heures<\/li>\n<li><strong>Mat\u00e9riau du bo\u00eetier :<\/strong> Acier inoxydable avec insert de lunette en platine<\/li>\n<li><strong>Diam\u00e8tre :<\/strong> 42,0 mm<\/li>\n<li><strong>Cadran :<\/strong> Ice Blue avec compteurs chronographiques noirs contrast\u00e9s<\/li>\n<li><strong>Verre :<\/strong> Saphir bomb\u00e9, antireflet double face<\/li>\n<li><strong>\u00c9tanch\u00e9it\u00e9 :<\/strong> 200 m\u00e8tres (20 bars)<\/li>\n<li><strong>Bracelet :<\/strong> Mod\u00e8le iconique Rouleaux en acier avec boucle d\u00e9ployante papillon<\/li>\n<li><strong>Fonctions :<\/strong> Chronographe au 1\/4 de seconde, totalisateurs 30 minutes et 12 heures<\/li>\n<li><strong>Certification :<\/strong> Chronom\u00e8tre officiellement certifi\u00e9 COSC<\/li>\n<\/ul>\n","protected":false},"excerpt":{"rendered":"<p>L\u2019incarnation de l\u2019\u00e9l\u00e9gance sportive : le Breitling Chronomat B01 42 avec cadran Ice Blue incarne la ma\u00eetrise technique et le design iconique de la marque.<\/p>\n","protected":false},"featured_media":167918,"template":"","meta":{"_crdt_document":"","advanced_seo_description":"","jetpack_seo_html_title":"","jetpack_seo_noindex":false},"product_brand":[],"product_cat":[1914],"product_tag":[3726],"berocket_brand":[],"woo-feed-brand":[],"class_list":{"0":"post-167925","1":"product","2":"type-product","3":"status-publish","4":"has-post-thumbnail","6":"product_cat-breitling","7":"product_tag-avenger-2","9":"first","10":"instock","11":"sale","12":"taxable","13":"shipping-taxable","14":"purchasable","15":"product-type-simple"},"bundled_by":[],"bundle_stock_status":"instock","bundle_stock_quantity":1,"bundle_virtual":false,"bundle_layout":"","bundle_add_to_cart_form_location":"","bundle_editable_in_cart":false,"bundle_sold_individually_context":"","bundle_item_grouping":"","bundle_min_size":"","bundle_max_size":"","bundle_price":[],"bundled_items":[],"bundle_sell_ids":[],"group_of_quantity":0,"min_quantity":0,"max_quantity":"","exclude_order_quantity_value_rules":"no","exclude_category_quantity_rules":"no","combine_variations":"no","jetpack_sharing_enabled":true,"jetpack_likes_enabled":true,"_links":{"self":[{"href":"https:\/\/watchdeluxe.it\/fr\/wp-json\/wp\/v2\/product\/167925","targetHints":{"allow":["GET"]}}],"collection":[{"href":"https:\/\/watchdeluxe.it\/fr\/wp-json\/wp\/v2\/product"}],"about":[{"href":"https:\/\/watchdeluxe.it\/fr\/wp-json\/wp\/v2\/types\/product"}],"wp:featuredmedia":[{"embeddable":true,"href":"https:\/\/watchdeluxe.it\/fr\/wp-json\/wp\/v2\/media\/167918"}],"wp:attachment":[{"href":"https:\/\/watchdeluxe.it\/fr\/wp-json\/wp\/v2\/media?parent=167925"}],"wp:term":[{"taxonomy":"product_brand","embeddable":true,"href":"https:\/\/watchdeluxe.it\/fr\/wp-json\/wp\/v2\/product_brand?post=167925"},{"taxonomy":"product_cat","embeddable":true,"href":"https:\/\/watchdeluxe.it\/fr\/wp-json\/wp\/v2\/product_cat?post=167925"},{"taxonomy":"product_tag","embeddable":true,"href":"https:\/\/watchdeluxe.it\/fr\/wp-json\/wp\/v2\/product_tag?post=167925"},{"taxonomy":"berocket_brand","embeddable":true,"href":"https:\/\/watchdeluxe.it\/fr\/wp-json\/wp\/v2\/berocket_brand?post=167925"},{"taxonomy":"woo-feed-brand","embeddable":true,"href":"https:\/\/watchdeluxe.it\/fr\/wp-json\/wp\/v2\/woo-feed-brand?post=167925"}],"curies":[{"name":"wp","href":"https:\/\/api.w.org\/{rel}","templated":true}]}}