{"id":167661,"date":"2026-04-10T10:28:07","date_gmt":"2026-04-10T08:28:07","guid":{"rendered":"https:\/\/watchdeluxe.it\/prodotto\/nomos-club-campus-vert-ref-739\/"},"modified":"2026-04-10T10:28:07","modified_gmt":"2026-04-10T08:28:07","slug":"nomos-club-campus-vert-ref-739","status":"publish","type":"product","link":"https:\/\/watchdeluxe.it\/fr\/prodotto\/nomos-club-campus-vert-ref-739\/","title":{"rendered":"Nomos Club Campus vert r\u00e9f. 739"},"content":{"rendered":"<p>Nomos Club Campus vert r\u00e9f. 739\n<\/p>\n<ul>\n<li><strong>Mod\u00e8le :<\/strong> Club Campus 38 All Olive<\/li>\n<li><strong>R\u00e9f\u00e9rence :<\/strong> 739<\/li>\n<li><strong>Mouvement :<\/strong> Calibre Alpha \u00e0 remontage manuel (manufacture)<\/li>\n<li><strong>Bo\u00eetier :<\/strong> Acier inoxydable, bipartite<\/li>\n<li><strong>Diam\u00e8tre :<\/strong> 38,5 mm<\/li>\n<li><strong>\u00c9paisseur :<\/strong> 8,5 mm<\/li>\n<li><strong>\u00c9tanch\u00e9it\u00e9 :<\/strong> 10 atm (jusqu\u2019\u00e0 100 m\u00e8tres)<\/li>\n<li><strong>Cadran :<\/strong> Vert olive avec chiffres arabes et romains<\/li>\n<li><strong>Verre :<\/strong> Verre saphir bomb\u00e9<\/li>\n<li><strong>Bracelet :<\/strong> Velours v\u00e9gan, couleur anthracite<\/li>\n<li><strong>Luminescence :<\/strong> Superluminova \u00e0 \u00e9mission bleue<\/li>\n<\/ul>\n","protected":false},"excerpt":{"rendered":"<p>La NOMOS 739 Club Campus 38 All Olive est l\u2019expression ultime du raffinement contemporain de Glash\u00fctte, une montre qui allie une esth\u00e9tique audacieuse \u00e0 la fiabilit\u00e9 d\u2019un mouvement m\u00e9canique de manufacture.<\/p>\n","protected":false},"featured_media":167552,"template":"","meta":{"_crdt_document":"","advanced_seo_description":"","jetpack_seo_html_title":"","jetpack_seo_noindex":false},"product_brand":[],"product_cat":[5410],"product_tag":[3933],"berocket_brand":[],"woo-feed-brand":[],"class_list":{"0":"post-167661","1":"product","2":"type-product","3":"status-publish","4":"has-post-thumbnail","6":"product_cat-nomos","7":"product_tag-campus","9":"first","10":"instock","11":"sale","12":"taxable","13":"shipping-taxable","14":"purchasable","15":"product-type-simple"},"bundled_by":[],"bundle_stock_status":"instock","bundle_stock_quantity":1,"bundle_virtual":false,"bundle_layout":"","bundle_add_to_cart_form_location":"","bundle_editable_in_cart":false,"bundle_sold_individually_context":"","bundle_item_grouping":"","bundle_min_size":"","bundle_max_size":"","bundle_price":[],"bundled_items":[],"bundle_sell_ids":[],"group_of_quantity":0,"min_quantity":0,"max_quantity":"","exclude_order_quantity_value_rules":"no","exclude_category_quantity_rules":"no","combine_variations":"no","exclude_global_add_ons":[],"addons":[],"jetpack_sharing_enabled":true,"jetpack_likes_enabled":true,"_links":{"self":[{"href":"https:\/\/watchdeluxe.it\/fr\/wp-json\/wp\/v2\/product\/167661","targetHints":{"allow":["GET"]}}],"collection":[{"href":"https:\/\/watchdeluxe.it\/fr\/wp-json\/wp\/v2\/product"}],"about":[{"href":"https:\/\/watchdeluxe.it\/fr\/wp-json\/wp\/v2\/types\/product"}],"wp:featuredmedia":[{"embeddable":true,"href":"https:\/\/watchdeluxe.it\/fr\/wp-json\/wp\/v2\/media\/167552"}],"wp:attachment":[{"href":"https:\/\/watchdeluxe.it\/fr\/wp-json\/wp\/v2\/media?parent=167661"}],"wp:term":[{"taxonomy":"product_brand","embeddable":true,"href":"https:\/\/watchdeluxe.it\/fr\/wp-json\/wp\/v2\/product_brand?post=167661"},{"taxonomy":"product_cat","embeddable":true,"href":"https:\/\/watchdeluxe.it\/fr\/wp-json\/wp\/v2\/product_cat?post=167661"},{"taxonomy":"product_tag","embeddable":true,"href":"https:\/\/watchdeluxe.it\/fr\/wp-json\/wp\/v2\/product_tag?post=167661"},{"taxonomy":"berocket_brand","embeddable":true,"href":"https:\/\/watchdeluxe.it\/fr\/wp-json\/wp\/v2\/berocket_brand?post=167661"},{"taxonomy":"woo-feed-brand","embeddable":true,"href":"https:\/\/watchdeluxe.it\/fr\/wp-json\/wp\/v2\/woo-feed-brand?post=167661"}],"curies":[{"name":"wp","href":"https:\/\/api.w.org\/{rel}","templated":true}]}}