{"id":167574,"date":"2026-04-10T09:40:25","date_gmt":"2026-04-10T07:40:25","guid":{"rendered":"https:\/\/watchdeluxe.it\/prodotto\/mido-multifort-patrimony-power-wind-ref-m0384301105100\/"},"modified":"2026-04-10T09:40:25","modified_gmt":"2026-04-10T07:40:25","slug":"mido-multifort-patrimony-power-wind-ref-m0384301105100","status":"publish","type":"product","link":"https:\/\/watchdeluxe.it\/fr\/prodotto\/mido-multifort-patrimony-power-wind-ref-m0384301105100\/","title":{"rendered":"Mido multifort patrimony power wind r\u00e9f. M0384301105100"},"content":{"rendered":"<\/p>\n<ul>\n<li><strong>Collection :<\/strong> Multifort M<\/li>\n<li><strong>Mouvement :<\/strong> Automatique Mido Calibre 80 (base ETA C07.621)<\/li>\n<li><strong>R\u00e9serve de marche :<\/strong> Jusqu\u2019\u00e0 80 heures<\/li>\n<li><strong>Mat\u00e9riau du bo\u00eetier :<\/strong> Acier inoxydable<\/li>\n<li><strong>Diam\u00e8tre :<\/strong> 42 mm<\/li>\n<li><strong>Verre :<\/strong> Saphir avec traitement antireflet sur les deux faces<\/li>\n<li><strong>Cadran :<\/strong> Noir d\u00e9grad\u00e9 avec finition satin\u00e9e verticale \u00ab C\u00f4tes de Gen\u00e8ve \u00bb<\/li>\n<li><strong>Spiral :<\/strong> Nivachron\u2122 (antimagn\u00e9tique et r\u00e9sistant aux chocs)<\/li>\n<li><strong>\u00c9tanch\u00e9it\u00e9 :<\/strong> 10 bar (100 m) avec couronne viss\u00e9e<\/li>\n<li><strong>Caract\u00e9ristiques :<\/strong> Jour-Date et syst\u00e8me de changement rapide du bracelet sans outils<\/li>\n<\/ul>\n","protected":false},"excerpt":{"rendered":"<p>Alliance parfaite de robustesse suisse et de pr\u00e9cision m\u00e9canique, la MIDO Multifort M se distingue par son cadran noir d\u00e9grad\u00e9 et l&#8217;innovant spiral en Nivachron\u2122.<\/p>\n","protected":false},"featured_media":167539,"template":"","meta":{"_crdt_document":"","advanced_seo_description":"","jetpack_seo_html_title":"","jetpack_seo_noindex":false},"product_brand":[],"product_cat":[1922],"product_tag":[3719],"berocket_brand":[],"woo-feed-brand":[],"class_list":{"0":"post-167574","1":"product","2":"type-product","3":"status-publish","4":"has-post-thumbnail","6":"product_cat-mido","7":"product_tag-multifort","9":"first","10":"instock","11":"sale","12":"taxable","13":"shipping-taxable","14":"purchasable","15":"product-type-simple"},"bundled_by":[],"bundle_stock_status":"instock","bundle_stock_quantity":1,"bundle_virtual":false,"bundle_layout":"","bundle_add_to_cart_form_location":"","bundle_editable_in_cart":false,"bundle_sold_individually_context":"","bundle_item_grouping":"","bundle_min_size":"","bundle_max_size":"","bundle_price":[],"bundled_items":[],"bundle_sell_ids":[],"group_of_quantity":0,"min_quantity":0,"max_quantity":"","exclude_order_quantity_value_rules":"no","exclude_category_quantity_rules":"no","combine_variations":"no","jetpack_sharing_enabled":true,"jetpack_likes_enabled":true,"_links":{"self":[{"href":"https:\/\/watchdeluxe.it\/fr\/wp-json\/wp\/v2\/product\/167574","targetHints":{"allow":["GET"]}}],"collection":[{"href":"https:\/\/watchdeluxe.it\/fr\/wp-json\/wp\/v2\/product"}],"about":[{"href":"https:\/\/watchdeluxe.it\/fr\/wp-json\/wp\/v2\/types\/product"}],"wp:featuredmedia":[{"embeddable":true,"href":"https:\/\/watchdeluxe.it\/fr\/wp-json\/wp\/v2\/media\/167539"}],"wp:attachment":[{"href":"https:\/\/watchdeluxe.it\/fr\/wp-json\/wp\/v2\/media?parent=167574"}],"wp:term":[{"taxonomy":"product_brand","embeddable":true,"href":"https:\/\/watchdeluxe.it\/fr\/wp-json\/wp\/v2\/product_brand?post=167574"},{"taxonomy":"product_cat","embeddable":true,"href":"https:\/\/watchdeluxe.it\/fr\/wp-json\/wp\/v2\/product_cat?post=167574"},{"taxonomy":"product_tag","embeddable":true,"href":"https:\/\/watchdeluxe.it\/fr\/wp-json\/wp\/v2\/product_tag?post=167574"},{"taxonomy":"berocket_brand","embeddable":true,"href":"https:\/\/watchdeluxe.it\/fr\/wp-json\/wp\/v2\/berocket_brand?post=167574"},{"taxonomy":"woo-feed-brand","embeddable":true,"href":"https:\/\/watchdeluxe.it\/fr\/wp-json\/wp\/v2\/woo-feed-brand?post=167574"}],"curies":[{"name":"wp","href":"https:\/\/api.w.org\/{rel}","templated":true}]}}