{"id":162235,"date":"2026-04-08T14:31:57","date_gmt":"2026-04-08T12:31:57","guid":{"rendered":"https:\/\/watchdeluxe.it\/prodotto\/zenith-pilot-big-date-flyback-edition-160e-anniversaire-ref-49-4002-3652-51-i009\/"},"modified":"2026-04-09T09:46:25","modified_gmt":"2026-04-09T07:46:25","slug":"zenith-pilot-big-date-flyback-edition-160e-anniversaire-ref-49-4002-3652-51-i009","status":"publish","type":"product","link":"https:\/\/watchdeluxe.it\/fr\/prodotto\/zenith-pilot-big-date-flyback-edition-160e-anniversaire-ref-49-4002-3652-51-i009\/","title":{"rendered":"Zenith Pilot Big Date Flyback \u00c9dition 160e Anniversaire r\u00e9f. 49.4002.3652\/51.I009"},"content":{"rendered":"<p>Genre : Montre homme\/unisexe<br \/>\nForme : Ronde<br \/>\nRemontage : Automatique<br \/>\nCalibre : El Primero 3600<br \/>\nR\u00e9serve de marche : 60 h<br \/>\nCouleur du cadran : Bleu<br \/>\nMat\u00e9riau du bo\u00eetier : C\u00e9ramique<br \/>\nDiam\u00e8tre du bo\u00eetier : 42 mm<br \/>\nVerre : Verre saphir<br \/>\nMat\u00e9riau de la lunette : C\u00e9ramique<br \/>\n\u00c9tanch\u00e9it\u00e9 : 100 m \/ 10 ATM<br \/>\nMat\u00e9riau du bracelet : Caoutchouc<br \/>\nCouleur du bracelet : Bleu<br \/>\nFermoir : Boucle d\u00e9ployante<br \/>\nMat\u00e9riau du fermoir : Acier<\/p>\n","protected":false},"excerpt":{"rendered":"<p>Genre : Montre homme\/unisexe Forme : Ronde Remontage : Automatique Calibre : El Primero 3600 R\u00e9serve de marche : 60 h Couleur du cadran : Bleu Mat\u00e9riau du bo\u00eetier : C\u00e9ramique Diam\u00e8tre du bo\u00eetier : 42 mm Verre : Verre saphir Mat\u00e9riau de la lunette : C\u00e9ramique \u00c9tanch\u00e9it\u00e9 : 100 m \/ 10 ATM Mat\u00e9riau [&hellip;]<\/p>\n","protected":false},"featured_media":162065,"template":"","meta":{"_crdt_document":"","advanced_seo_description":"","jetpack_seo_html_title":"","jetpack_seo_noindex":false},"product_brand":[],"product_cat":[1924],"product_tag":[3715],"berocket_brand":[],"woo-feed-brand":[],"class_list":{"0":"post-162235","1":"product","2":"type-product","3":"status-publish","4":"has-post-thumbnail","6":"product_cat-zenith","7":"product_tag-pilot-2","9":"first","10":"instock","11":"sale","12":"taxable","13":"shipping-taxable","14":"purchasable","15":"product-type-simple"},"bundled_by":[],"bundle_stock_status":"instock","bundle_stock_quantity":1,"bundle_virtual":false,"bundle_layout":"","bundle_add_to_cart_form_location":"","bundle_editable_in_cart":false,"bundle_sold_individually_context":"","bundle_item_grouping":"","bundle_min_size":"","bundle_max_size":"","bundle_price":[],"bundled_items":[],"bundle_sell_ids":[],"group_of_quantity":0,"min_quantity":0,"max_quantity":"","exclude_order_quantity_value_rules":"no","exclude_category_quantity_rules":"no","combine_variations":"no","jetpack_sharing_enabled":true,"jetpack_likes_enabled":true,"_links":{"self":[{"href":"https:\/\/watchdeluxe.it\/fr\/wp-json\/wp\/v2\/product\/162235","targetHints":{"allow":["GET"]}}],"collection":[{"href":"https:\/\/watchdeluxe.it\/fr\/wp-json\/wp\/v2\/product"}],"about":[{"href":"https:\/\/watchdeluxe.it\/fr\/wp-json\/wp\/v2\/types\/product"}],"wp:featuredmedia":[{"embeddable":true,"href":"https:\/\/watchdeluxe.it\/fr\/wp-json\/wp\/v2\/media\/162065"}],"wp:attachment":[{"href":"https:\/\/watchdeluxe.it\/fr\/wp-json\/wp\/v2\/media?parent=162235"}],"wp:term":[{"taxonomy":"product_brand","embeddable":true,"href":"https:\/\/watchdeluxe.it\/fr\/wp-json\/wp\/v2\/product_brand?post=162235"},{"taxonomy":"product_cat","embeddable":true,"href":"https:\/\/watchdeluxe.it\/fr\/wp-json\/wp\/v2\/product_cat?post=162235"},{"taxonomy":"product_tag","embeddable":true,"href":"https:\/\/watchdeluxe.it\/fr\/wp-json\/wp\/v2\/product_tag?post=162235"},{"taxonomy":"berocket_brand","embeddable":true,"href":"https:\/\/watchdeluxe.it\/fr\/wp-json\/wp\/v2\/berocket_brand?post=162235"},{"taxonomy":"woo-feed-brand","embeddable":true,"href":"https:\/\/watchdeluxe.it\/fr\/wp-json\/wp\/v2\/woo-feed-brand?post=162235"}],"curies":[{"name":"wp","href":"https:\/\/api.w.org\/{rel}","templated":true}]}}