{"id":161534,"date":"2025-04-30T16:39:29","date_gmt":"2025-04-30T14:39:29","guid":{"rendered":"https:\/\/watchdeluxe.it\/prodotto\/longines-conquest-noir-ref-l38304529\/"},"modified":"2026-04-09T11:06:46","modified_gmt":"2026-04-09T09:06:46","slug":"longines-conquest-noir-ref-l38304529","status":"publish","type":"product","link":"https:\/\/watchdeluxe.it\/fr\/prodotto\/longines-conquest-noir-ref-l38304529\/","title":{"rendered":"Longines Conquest noir r\u00e9f. L38304529"},"content":{"rendered":"<p>Longines Conquest noir r\u00e9f. L38304529<\/p>\n<p>Forme ronde<br \/>\nTaille 41 mm<br \/>\nBo\u00eetier en acier<br \/>\n\u00c9tanch\u00e9it\u00e9 100 m<\/p>\n<p>Mouvement<\/p>\n<p>Mouvement automatique<\/p>\n<p>Fonctions<\/p>\n<p>Complication Heure seule<br \/>\nDate<\/p>\n<p>Cadran<\/p>\n<p>Cadran noir<\/p>\n<p>Bracelet<\/p>\n<p>Bracelet en caoutchouc<\/p>\n","protected":false},"excerpt":{"rendered":"<p>Longines Conquest noir r\u00e9f. L38304529 Forme ronde Taille 41 mm Bo\u00eetier en acier \u00c9tanch\u00e9it\u00e9 100 m Mouvement Mouvement automatique Fonctions Complication Heure seule Date Cadran Cadran noir Bracelet Bracelet en caoutchouc<\/p>\n","protected":false},"featured_media":166550,"template":"","meta":{"_crdt_document":"","advanced_seo_description":"","jetpack_seo_html_title":"","jetpack_seo_noindex":false},"product_brand":[],"product_cat":[2188],"product_tag":[2408],"berocket_brand":[],"woo-feed-brand":[],"class_list":{"0":"post-161534","1":"product","2":"type-product","3":"status-publish","4":"has-post-thumbnail","6":"product_cat-longines-fr","7":"product_tag-conquete","9":"first","10":"instock","11":"sale","12":"taxable","13":"shipping-taxable","14":"purchasable","15":"product-type-simple"},"bundled_by":[],"bundle_stock_status":"instock","bundle_stock_quantity":1,"bundle_virtual":false,"bundle_layout":"","bundle_add_to_cart_form_location":"","bundle_editable_in_cart":false,"bundle_sold_individually_context":"","bundle_item_grouping":"","bundle_min_size":"","bundle_max_size":"","bundle_price":[],"bundled_items":[],"bundle_sell_ids":[],"group_of_quantity":0,"min_quantity":0,"max_quantity":"","exclude_order_quantity_value_rules":"no","exclude_category_quantity_rules":"no","combine_variations":"no","jetpack_sharing_enabled":true,"jetpack_likes_enabled":true,"_links":{"self":[{"href":"https:\/\/watchdeluxe.it\/fr\/wp-json\/wp\/v2\/product\/161534","targetHints":{"allow":["GET"]}}],"collection":[{"href":"https:\/\/watchdeluxe.it\/fr\/wp-json\/wp\/v2\/product"}],"about":[{"href":"https:\/\/watchdeluxe.it\/fr\/wp-json\/wp\/v2\/types\/product"}],"wp:featuredmedia":[{"embeddable":true,"href":"https:\/\/watchdeluxe.it\/fr\/wp-json\/wp\/v2\/media\/166550"}],"wp:attachment":[{"href":"https:\/\/watchdeluxe.it\/fr\/wp-json\/wp\/v2\/media?parent=161534"}],"wp:term":[{"taxonomy":"product_brand","embeddable":true,"href":"https:\/\/watchdeluxe.it\/fr\/wp-json\/wp\/v2\/product_brand?post=161534"},{"taxonomy":"product_cat","embeddable":true,"href":"https:\/\/watchdeluxe.it\/fr\/wp-json\/wp\/v2\/product_cat?post=161534"},{"taxonomy":"product_tag","embeddable":true,"href":"https:\/\/watchdeluxe.it\/fr\/wp-json\/wp\/v2\/product_tag?post=161534"},{"taxonomy":"berocket_brand","embeddable":true,"href":"https:\/\/watchdeluxe.it\/fr\/wp-json\/wp\/v2\/berocket_brand?post=161534"},{"taxonomy":"woo-feed-brand","embeddable":true,"href":"https:\/\/watchdeluxe.it\/fr\/wp-json\/wp\/v2\/woo-feed-brand?post=161534"}],"curies":[{"name":"wp","href":"https:\/\/api.w.org\/{rel}","templated":true}]}}