{"id":160874,"date":"2026-04-07T15:33:50","date_gmt":"2026-04-07T13:33:50","guid":{"rendered":"https:\/\/watchdeluxe.it\/prodotto\/panerai-pam03323\/"},"modified":"2026-04-07T15:33:50","modified_gmt":"2026-04-07T13:33:50","slug":"panerai-pam03323","status":"publish","type":"product","link":"https:\/\/watchdeluxe.it\/fr\/prodotto\/panerai-pam03323\/","title":{"rendered":"PANERAI PAM03323"},"content":{"rendered":"<p>Panerai Luminor Marina 44 r\u00e9f. PAM03323<br \/>\nType Heures Seulement<br \/>\nMouvement Automatique<br \/>\nDimensions bo\u00eetier \u00d8 44 mm<br \/>\nForme Ronde<br \/>\nM\u00e9taux Acier<br \/>\nBracelet Acier<br \/>\n\u00c9tanch\u00e9it\u00e9 50 ATM<br \/>\nCadran Bleu<br \/>\nVerre Saphir<br \/>\nFermoir D\u00e9ployant<\/p>\n","protected":false},"excerpt":{"rendered":"<p>Panerai Luminor Marina 44 r\u00e9f. PAM03323 Type Heures Seulement Mouvement Automatique Dimensions bo\u00eetier \u00d8 44 mm Forme Ronde M\u00e9taux Acier Bracelet Acier \u00c9tanch\u00e9it\u00e9 50 ATM Cadran Bleu Verre Saphir Fermoir D\u00e9ployant<\/p>\n","protected":false},"featured_media":160873,"template":"","meta":{"_crdt_document":"","advanced_seo_description":"","jetpack_seo_html_title":"","jetpack_seo_noindex":false},"product_brand":[],"product_cat":[2183],"product_tag":[1828],"berocket_brand":[],"woo-feed-brand":[],"class_list":{"0":"post-160874","1":"product","2":"type-product","3":"status-publish","4":"has-post-thumbnail","6":"product_cat-panerai","7":"product_tag-luminor","9":"first","10":"instock","11":"sale","12":"taxable","13":"shipping-taxable","14":"purchasable","15":"product-type-simple"},"bundled_by":[],"bundle_stock_status":"instock","bundle_stock_quantity":1,"bundle_virtual":false,"bundle_layout":"","bundle_add_to_cart_form_location":"","bundle_editable_in_cart":false,"bundle_sold_individually_context":"","bundle_item_grouping":"","bundle_min_size":"","bundle_max_size":"","bundle_price":[],"bundled_items":[],"bundle_sell_ids":[],"group_of_quantity":0,"min_quantity":0,"max_quantity":"","exclude_order_quantity_value_rules":"no","exclude_category_quantity_rules":"no","combine_variations":"no","jetpack_sharing_enabled":true,"jetpack_likes_enabled":true,"_links":{"self":[{"href":"https:\/\/watchdeluxe.it\/fr\/wp-json\/wp\/v2\/product\/160874","targetHints":{"allow":["GET"]}}],"collection":[{"href":"https:\/\/watchdeluxe.it\/fr\/wp-json\/wp\/v2\/product"}],"about":[{"href":"https:\/\/watchdeluxe.it\/fr\/wp-json\/wp\/v2\/types\/product"}],"wp:featuredmedia":[{"embeddable":true,"href":"https:\/\/watchdeluxe.it\/fr\/wp-json\/wp\/v2\/media\/160873"}],"wp:attachment":[{"href":"https:\/\/watchdeluxe.it\/fr\/wp-json\/wp\/v2\/media?parent=160874"}],"wp:term":[{"taxonomy":"product_brand","embeddable":true,"href":"https:\/\/watchdeluxe.it\/fr\/wp-json\/wp\/v2\/product_brand?post=160874"},{"taxonomy":"product_cat","embeddable":true,"href":"https:\/\/watchdeluxe.it\/fr\/wp-json\/wp\/v2\/product_cat?post=160874"},{"taxonomy":"product_tag","embeddable":true,"href":"https:\/\/watchdeluxe.it\/fr\/wp-json\/wp\/v2\/product_tag?post=160874"},{"taxonomy":"berocket_brand","embeddable":true,"href":"https:\/\/watchdeluxe.it\/fr\/wp-json\/wp\/v2\/berocket_brand?post=160874"},{"taxonomy":"woo-feed-brand","embeddable":true,"href":"https:\/\/watchdeluxe.it\/fr\/wp-json\/wp\/v2\/woo-feed-brand?post=160874"}],"curies":[{"name":"wp","href":"https:\/\/api.w.org\/{rel}","templated":true}]}}