{"id":160788,"date":"2026-04-07T15:07:16","date_gmt":"2026-04-07T13:07:16","guid":{"rendered":"https:\/\/watchdeluxe.it\/prodotto\/tag-heuer-carrera-chronographe-ref-cbs2115-ba0053\/"},"modified":"2026-04-10T17:23:08","modified_gmt":"2026-04-10T15:23:08","slug":"tag-heuer-carrera-chronographe-ref-cbs2115-ba0053","status":"publish","type":"product","link":"https:\/\/watchdeluxe.it\/fr\/prodotto\/tag-heuer-carrera-chronographe-ref-cbs2115-ba0053\/","title":{"rendered":"Tag Heuer Carrera Chronographe r\u00e9f. CBS2115.BA0053"},"content":{"rendered":"<p>Tag Heuer Carrera chronographe ref. CBS2115.BA0053<br \/>\n TAG Heuer Carrera Chronograph 41 mm (CBS2115.BA0053) \u00e9l\u00e9gante mais d\u00e9termin\u00e9e, allie design raffin\u00e9 et hautes performances. Le cadran vert avec finition bross\u00e9e circulaire d\u00e9gage un style contemporain, tandis que le mouvement automatique manufacture Calibre TH20-01 garantit pr\u00e9cision et durabilit\u00e9 gr\u00e2ce \u00e0 une r\u00e9serve de marche de 80 heures.<\/p>\n","protected":false},"excerpt":{"rendered":"<p>Tag Heuer Carrera chronographe ref. CBS2115.BA0053 TAG Heuer Carrera Chronograph 41 mm (CBS2115.BA0053) \u00e9l\u00e9gante mais d\u00e9termin\u00e9e, allie design raffin\u00e9 et hautes performances. Le cadran vert avec finition bross\u00e9e circulaire d\u00e9gage un style contemporain, tandis que le mouvement automatique manufacture Calibre TH20-01 garantit pr\u00e9cision et durabilit\u00e9 gr\u00e2ce \u00e0 une r\u00e9serve de marche de 80 heures.<\/p>\n","protected":false},"featured_media":160784,"template":"","meta":{"_crdt_document":"","advanced_seo_description":"","jetpack_seo_html_title":"","jetpack_seo_noindex":false},"product_brand":[],"product_cat":[1920],"product_tag":[3738],"berocket_brand":[],"woo-feed-brand":[],"class_list":{"0":"post-160788","1":"product","2":"type-product","3":"status-publish","4":"has-post-thumbnail","6":"product_cat-tag-heuer","7":"product_tag-carrera-2","9":"first","10":"instock","11":"sale","12":"taxable","13":"shipping-taxable","14":"purchasable","15":"product-type-simple"},"bundled_by":[],"bundle_stock_status":"instock","bundle_stock_quantity":1,"bundle_virtual":false,"bundle_layout":"","bundle_add_to_cart_form_location":"","bundle_editable_in_cart":false,"bundle_sold_individually_context":"","bundle_item_grouping":"","bundle_min_size":"","bundle_max_size":"","bundle_price":[],"bundled_items":[],"bundle_sell_ids":[],"group_of_quantity":0,"min_quantity":0,"max_quantity":"","exclude_order_quantity_value_rules":"no","exclude_category_quantity_rules":"no","combine_variations":"no","jetpack_sharing_enabled":true,"jetpack_likes_enabled":true,"_links":{"self":[{"href":"https:\/\/watchdeluxe.it\/fr\/wp-json\/wp\/v2\/product\/160788","targetHints":{"allow":["GET"]}}],"collection":[{"href":"https:\/\/watchdeluxe.it\/fr\/wp-json\/wp\/v2\/product"}],"about":[{"href":"https:\/\/watchdeluxe.it\/fr\/wp-json\/wp\/v2\/types\/product"}],"wp:featuredmedia":[{"embeddable":true,"href":"https:\/\/watchdeluxe.it\/fr\/wp-json\/wp\/v2\/media\/160784"}],"wp:attachment":[{"href":"https:\/\/watchdeluxe.it\/fr\/wp-json\/wp\/v2\/media?parent=160788"}],"wp:term":[{"taxonomy":"product_brand","embeddable":true,"href":"https:\/\/watchdeluxe.it\/fr\/wp-json\/wp\/v2\/product_brand?post=160788"},{"taxonomy":"product_cat","embeddable":true,"href":"https:\/\/watchdeluxe.it\/fr\/wp-json\/wp\/v2\/product_cat?post=160788"},{"taxonomy":"product_tag","embeddable":true,"href":"https:\/\/watchdeluxe.it\/fr\/wp-json\/wp\/v2\/product_tag?post=160788"},{"taxonomy":"berocket_brand","embeddable":true,"href":"https:\/\/watchdeluxe.it\/fr\/wp-json\/wp\/v2\/berocket_brand?post=160788"},{"taxonomy":"woo-feed-brand","embeddable":true,"href":"https:\/\/watchdeluxe.it\/fr\/wp-json\/wp\/v2\/woo-feed-brand?post=160788"}],"curies":[{"name":"wp","href":"https:\/\/api.w.org\/{rel}","templated":true}]}}