{"id":160653,"date":"2026-04-07T15:52:35","date_gmt":"2026-04-07T13:52:35","guid":{"rendered":"https:\/\/watchdeluxe.it\/prodotto\/hamilton-pan-europe-resident-evil-ref-h35455730\/"},"modified":"2026-04-07T15:52:35","modified_gmt":"2026-04-07T13:52:35","slug":"hamilton-pan-europe-resident-evil-ref-h35455730","status":"publish","type":"product","link":"https:\/\/watchdeluxe.it\/fr\/prodotto\/hamilton-pan-europe-resident-evil-ref-h35455730\/","title":{"rendered":"Hamilton Pan Europe Resident Evil r\u00e9f. H35455730"},"content":{"rendered":"<p>Hamilton Pan Europe Resident Evil r\u00e9f. H35455730<br \/>\nMouvement : Cal. H30 m\u00e9canique \u00e0 remontage automatique, 80 heures de r\u00e9serve de marche, spiral Nivachron\u2122<br \/>\nBo\u00eetier : Acier PVD noir 42 mm<br \/>\nVerre : Saphir inrayable<br \/>\nCadran : Noir<br \/>\nBracelet : Cuir fa\u00e7on crocodile avec boucle d\u00e9ployante<br \/>\n\u00c9tanch\u00e9it\u00e9 : 5 bar<\/p>\n","protected":false},"excerpt":{"rendered":"<p>Hamilton Pan Europe Resident Evil r\u00e9f. H35455730 Mouvement : Cal. H30 m\u00e9canique \u00e0 remontage automatique, 80 heures de r\u00e9serve de marche, spiral Nivachron\u2122 Bo\u00eetier : Acier PVD noir 42 mm Verre : Saphir inrayable Cadran : Noir Bracelet : Cuir fa\u00e7on crocodile avec boucle d\u00e9ployante \u00c9tanch\u00e9it\u00e9 : 5 bar<\/p>\n","protected":false},"featured_media":160018,"template":"","meta":{"_crdt_document":"","advanced_seo_description":"","jetpack_seo_html_title":"","jetpack_seo_noindex":false},"product_brand":[],"product_cat":[1915],"product_tag":[],"berocket_brand":[],"woo-feed-brand":[],"class_list":{"0":"post-160653","1":"product","2":"type-product","3":"status-publish","4":"has-post-thumbnail","6":"product_cat-hamilton","8":"first","9":"outofstock","10":"sale","11":"taxable","12":"shipping-taxable","13":"purchasable","14":"product-type-simple"},"bundled_by":[],"bundle_stock_status":"outofstock","bundle_stock_quantity":0,"bundle_virtual":false,"bundle_layout":"","bundle_add_to_cart_form_location":"","bundle_editable_in_cart":false,"bundle_sold_individually_context":"","bundle_item_grouping":"","bundle_min_size":"","bundle_max_size":"","bundle_price":[],"bundled_items":[],"bundle_sell_ids":[],"group_of_quantity":0,"min_quantity":0,"max_quantity":"","exclude_order_quantity_value_rules":"no","exclude_category_quantity_rules":"no","combine_variations":"no","jetpack_sharing_enabled":true,"jetpack_likes_enabled":true,"_links":{"self":[{"href":"https:\/\/watchdeluxe.it\/fr\/wp-json\/wp\/v2\/product\/160653","targetHints":{"allow":["GET"]}}],"collection":[{"href":"https:\/\/watchdeluxe.it\/fr\/wp-json\/wp\/v2\/product"}],"about":[{"href":"https:\/\/watchdeluxe.it\/fr\/wp-json\/wp\/v2\/types\/product"}],"wp:featuredmedia":[{"embeddable":true,"href":"https:\/\/watchdeluxe.it\/fr\/wp-json\/wp\/v2\/media\/160018"}],"wp:attachment":[{"href":"https:\/\/watchdeluxe.it\/fr\/wp-json\/wp\/v2\/media?parent=160653"}],"wp:term":[{"taxonomy":"product_brand","embeddable":true,"href":"https:\/\/watchdeluxe.it\/fr\/wp-json\/wp\/v2\/product_brand?post=160653"},{"taxonomy":"product_cat","embeddable":true,"href":"https:\/\/watchdeluxe.it\/fr\/wp-json\/wp\/v2\/product_cat?post=160653"},{"taxonomy":"product_tag","embeddable":true,"href":"https:\/\/watchdeluxe.it\/fr\/wp-json\/wp\/v2\/product_tag?post=160653"},{"taxonomy":"berocket_brand","embeddable":true,"href":"https:\/\/watchdeluxe.it\/fr\/wp-json\/wp\/v2\/berocket_brand?post=160653"},{"taxonomy":"woo-feed-brand","embeddable":true,"href":"https:\/\/watchdeluxe.it\/fr\/wp-json\/wp\/v2\/woo-feed-brand?post=160653"}],"curies":[{"name":"wp","href":"https:\/\/api.w.org\/{rel}","templated":true}]}}