{"id":145708,"date":"2026-04-04T09:54:18","date_gmt":"2026-04-04T07:54:18","guid":{"rendered":"https:\/\/watchdeluxe.it\/prodotto\/longines-spirit-zulu-ref-l38024632\/"},"modified":"2026-04-07T11:07:24","modified_gmt":"2026-04-07T09:07:24","slug":"longines-spirit-zulu-ref-l38024632","status":"publish","type":"product","link":"https:\/\/watchdeluxe.it\/fr\/prodotto\/longines-spirit-zulu-ref-l38024632\/","title":{"rendered":"LONGINES Spirit Zulu r\u00e9f. L38024632"},"content":{"rendered":"<p>Longines Spirit Zulu Time avec bo\u00eetier en acier de 39 mm, cadran anthracite avec d\u00e9tails dor\u00e9s, lunette avec insert en c\u00e9ramique verte, bracelet en cuir marron avec boucle d\u00e9ployante, couronne viss\u00e9e garantissant une \u00e9tanch\u00e9it\u00e9 de 100 m\u00e8tres et mouvement automatique certifi\u00e9 COSC avec 72 heures de r\u00e9serve de marche<\/p>\n","protected":false},"excerpt":{"rendered":"<p>D\u00e9couvrez l&#8217;\u00e9l\u00e9gance intemporelle de la Longines L38024632, une montre qui allie style et pr\u00e9cision.<\/p>\n","protected":false},"featured_media":145714,"template":"","meta":{"_crdt_document":"","advanced_seo_description":"","jetpack_seo_html_title":"","jetpack_seo_noindex":false},"product_brand":[],"product_cat":[1923],"product_tag":[5499],"berocket_brand":[],"woo-feed-brand":[],"class_list":{"0":"post-145708","1":"product","2":"type-product","3":"status-publish","4":"has-post-thumbnail","6":"product_cat-longines","7":"product_tag-spirit-zulu","9":"first","10":"instock","11":"sale","12":"taxable","13":"shipping-taxable","14":"purchasable","15":"product-type-simple"},"bundled_by":[],"bundle_stock_status":"instock","bundle_stock_quantity":1,"bundle_virtual":false,"bundle_layout":"","bundle_add_to_cart_form_location":"","bundle_editable_in_cart":false,"bundle_sold_individually_context":"","bundle_item_grouping":"","bundle_min_size":"","bundle_max_size":"","bundle_price":[],"bundled_items":[],"bundle_sell_ids":[],"group_of_quantity":0,"min_quantity":0,"max_quantity":"","exclude_order_quantity_value_rules":"no","exclude_category_quantity_rules":"no","combine_variations":"no","jetpack_sharing_enabled":true,"jetpack_likes_enabled":true,"_links":{"self":[{"href":"https:\/\/watchdeluxe.it\/fr\/wp-json\/wp\/v2\/product\/145708","targetHints":{"allow":["GET"]}}],"collection":[{"href":"https:\/\/watchdeluxe.it\/fr\/wp-json\/wp\/v2\/product"}],"about":[{"href":"https:\/\/watchdeluxe.it\/fr\/wp-json\/wp\/v2\/types\/product"}],"wp:featuredmedia":[{"embeddable":true,"href":"https:\/\/watchdeluxe.it\/fr\/wp-json\/wp\/v2\/media\/145714"}],"wp:attachment":[{"href":"https:\/\/watchdeluxe.it\/fr\/wp-json\/wp\/v2\/media?parent=145708"}],"wp:term":[{"taxonomy":"product_brand","embeddable":true,"href":"https:\/\/watchdeluxe.it\/fr\/wp-json\/wp\/v2\/product_brand?post=145708"},{"taxonomy":"product_cat","embeddable":true,"href":"https:\/\/watchdeluxe.it\/fr\/wp-json\/wp\/v2\/product_cat?post=145708"},{"taxonomy":"product_tag","embeddable":true,"href":"https:\/\/watchdeluxe.it\/fr\/wp-json\/wp\/v2\/product_tag?post=145708"},{"taxonomy":"berocket_brand","embeddable":true,"href":"https:\/\/watchdeluxe.it\/fr\/wp-json\/wp\/v2\/berocket_brand?post=145708"},{"taxonomy":"woo-feed-brand","embeddable":true,"href":"https:\/\/watchdeluxe.it\/fr\/wp-json\/wp\/v2\/woo-feed-brand?post=145708"}],"curies":[{"name":"wp","href":"https:\/\/api.w.org\/{rel}","templated":true}]}}