{"id":135007,"date":"2026-03-24T17:23:40","date_gmt":"2026-03-24T16:23:40","guid":{"rendered":"https:\/\/watchdeluxe.it\/prodotto\/baume-mercier-classima-ref-m0a08731-2\/"},"modified":"2026-04-11T11:53:58","modified_gmt":"2026-04-11T09:53:58","slug":"baume-mercier-classima-ref-m0a08731-2","status":"publish","type":"product","link":"https:\/\/watchdeluxe.it\/fr\/prodotto\/baume-mercier-classima-ref-m0a08731-2\/","title":{"rendered":"BAUME &amp; MERCIER &#8211; Classima REF. M0A08731"},"content":{"rendered":"<p>BAUME &amp; MERCIER &#8211; Classima REF. M0A08731nnAlimentation\/Mouvement : <strong>M\u00e9canique<\/strong>nAffichage : <strong>Analogique<\/strong>nFonctions : <strong>Heure seule<\/strong>n\u00c9tanch\u00e9it\u00e9 : <strong>03 ATM water resistant<\/strong>nMat\u00e9riau du bo\u00eetier : <strong>Acier<\/strong>nCouleur du bo\u00eetier : <strong>Acier<\/strong>nCouleur du cadran : <strong>Blanc<\/strong>nMati\u00e8re du bracelet : <strong>Cuir<\/strong>nCouleur du bracelet : <strong>Marron<\/strong>nDiam\u00e8tre du bo\u00eetier (mm) : <strong>40<\/strong><\/p>\n","protected":false},"excerpt":{"rendered":"<p>BAUME &amp; MERCIER &#8211; Classima REF. M0A08731nnAlimentation\/Mouvement : M\u00e9caniquenAffichage : AnalogiquenFonctions : Heure seulen\u00c9tanch\u00e9it\u00e9 : 03 ATM water resistantnMat\u00e9riau du bo\u00eetier : AciernCouleur du bo\u00eetier : AciernCouleur du cadran : BlancnMati\u00e8re du bracelet : CuirnCouleur du bracelet : MarronnDiam\u00e8tre du bo\u00eetier (mm) : 40<\/p>\n","protected":false},"featured_media":152236,"template":"","meta":{"_crdt_document":"","advanced_seo_description":"","jetpack_seo_html_title":"","jetpack_seo_noindex":false},"product_brand":[],"product_cat":[1927,1919],"product_tag":[],"berocket_brand":[],"woo-feed-brand":[],"class_list":{"0":"post-135007","1":"product","2":"type-product","3":"status-publish","4":"has-post-thumbnail","6":"product_cat-baume-mercier","7":"product_cat-nomos-glashutte","9":"first","10":"instock","11":"sale","12":"taxable","13":"shipping-taxable","14":"purchasable","15":"product-type-simple"},"bundled_by":[],"bundle_stock_status":"instock","bundle_stock_quantity":1,"bundle_virtual":false,"bundle_layout":"","bundle_add_to_cart_form_location":"","bundle_editable_in_cart":false,"bundle_sold_individually_context":"","bundle_item_grouping":"","bundle_min_size":"","bundle_max_size":"","bundle_price":[],"bundled_items":[],"bundle_sell_ids":[],"group_of_quantity":0,"min_quantity":0,"max_quantity":"","exclude_order_quantity_value_rules":"no","exclude_category_quantity_rules":"no","combine_variations":"no","jetpack_sharing_enabled":true,"jetpack_likes_enabled":true,"_links":{"self":[{"href":"https:\/\/watchdeluxe.it\/fr\/wp-json\/wp\/v2\/product\/135007","targetHints":{"allow":["GET"]}}],"collection":[{"href":"https:\/\/watchdeluxe.it\/fr\/wp-json\/wp\/v2\/product"}],"about":[{"href":"https:\/\/watchdeluxe.it\/fr\/wp-json\/wp\/v2\/types\/product"}],"wp:featuredmedia":[{"embeddable":true,"href":"https:\/\/watchdeluxe.it\/fr\/wp-json\/wp\/v2\/media\/152236"}],"wp:attachment":[{"href":"https:\/\/watchdeluxe.it\/fr\/wp-json\/wp\/v2\/media?parent=135007"}],"wp:term":[{"taxonomy":"product_brand","embeddable":true,"href":"https:\/\/watchdeluxe.it\/fr\/wp-json\/wp\/v2\/product_brand?post=135007"},{"taxonomy":"product_cat","embeddable":true,"href":"https:\/\/watchdeluxe.it\/fr\/wp-json\/wp\/v2\/product_cat?post=135007"},{"taxonomy":"product_tag","embeddable":true,"href":"https:\/\/watchdeluxe.it\/fr\/wp-json\/wp\/v2\/product_tag?post=135007"},{"taxonomy":"berocket_brand","embeddable":true,"href":"https:\/\/watchdeluxe.it\/fr\/wp-json\/wp\/v2\/berocket_brand?post=135007"},{"taxonomy":"woo-feed-brand","embeddable":true,"href":"https:\/\/watchdeluxe.it\/fr\/wp-json\/wp\/v2\/woo-feed-brand?post=135007"}],"curies":[{"name":"wp","href":"https:\/\/api.w.org\/{rel}","templated":true}]}}