{"id":135005,"date":"2026-03-24T17:23:23","date_gmt":"2026-03-24T16:23:23","guid":{"rendered":"https:\/\/watchdeluxe.it\/prodotto\/baume-mercier-classima-ref-m0a08868-2\/"},"modified":"2026-04-14T12:50:58","modified_gmt":"2026-04-14T10:50:58","slug":"baume-mercier-classima-ref-m0a08868-2","status":"publish","type":"product","link":"https:\/\/watchdeluxe.it\/fr\/prodotto\/baume-mercier-classima-ref-m0a08868-2\/","title":{"rendered":"Baume &amp; Mercier Classima r\u00e9f. M0A08868"},"content":{"rendered":"<p>Baume &amp; Mercier Classima ref. M0A08868nn<\/p>\n<div class=\"labelSubScheda\">SP\u00c9CIFICATIONS TECHNIQUES<\/div>\n<p>nn<\/p>\n<div class=\"carProdScheda\"><b>Mouvement :<\/b> Quartzn<b>Cadran :<\/b> Blancn<b>Index :<\/b> Indexn<b>Bo\u00eetier :<\/b> Aciern<b>Taille :<\/b> 42 mmn<b>Bracelet :<\/b> Cuir d\u2019alligator noirn<b>\u00c9tanch\u00e9it\u00e9 :<\/b> 50 m\u00e8tresn<b>Verre :<\/b> Saphirnn<\/div>\n","protected":false},"excerpt":{"rendered":"<p>Baume &amp; Mercier Classima ref. M0A08868nn SP\u00c9CIFICATIONS TECHNIQUES nn Mouvement : QuartznCadran : BlancnIndex : IndexnBo\u00eetier : AciernTaille : 42 mmnBracelet : Cuir d\u2019alligator noirn\u00c9tanch\u00e9it\u00e9 : 50 m\u00e8tresnVerre : Saphirnn<\/p>\n","protected":false},"featured_media":152224,"template":"","meta":{"_crdt_document":"","advanced_seo_description":"","jetpack_seo_html_title":"","jetpack_seo_noindex":false},"product_brand":[],"product_cat":[1927,1919],"product_tag":[],"berocket_brand":[],"woo-feed-brand":[],"class_list":{"0":"post-135005","1":"product","2":"type-product","3":"status-publish","4":"has-post-thumbnail","6":"product_cat-baume-mercier","7":"product_cat-nomos-glashutte","9":"first","10":"instock","11":"sale","12":"taxable","13":"shipping-taxable","14":"purchasable","15":"product-type-simple"},"bundled_by":[],"bundle_stock_status":"instock","bundle_stock_quantity":1,"bundle_virtual":false,"bundle_layout":"","bundle_add_to_cart_form_location":"","bundle_editable_in_cart":false,"bundle_sold_individually_context":"","bundle_item_grouping":"","bundle_min_size":"","bundle_max_size":"","bundle_price":[],"bundled_items":[],"bundle_sell_ids":[],"group_of_quantity":0,"min_quantity":0,"max_quantity":"","exclude_order_quantity_value_rules":"no","exclude_category_quantity_rules":"no","combine_variations":"no","jetpack_sharing_enabled":true,"jetpack_likes_enabled":true,"_links":{"self":[{"href":"https:\/\/watchdeluxe.it\/fr\/wp-json\/wp\/v2\/product\/135005","targetHints":{"allow":["GET"]}}],"collection":[{"href":"https:\/\/watchdeluxe.it\/fr\/wp-json\/wp\/v2\/product"}],"about":[{"href":"https:\/\/watchdeluxe.it\/fr\/wp-json\/wp\/v2\/types\/product"}],"wp:featuredmedia":[{"embeddable":true,"href":"https:\/\/watchdeluxe.it\/fr\/wp-json\/wp\/v2\/media\/152224"}],"wp:attachment":[{"href":"https:\/\/watchdeluxe.it\/fr\/wp-json\/wp\/v2\/media?parent=135005"}],"wp:term":[{"taxonomy":"product_brand","embeddable":true,"href":"https:\/\/watchdeluxe.it\/fr\/wp-json\/wp\/v2\/product_brand?post=135005"},{"taxonomy":"product_cat","embeddable":true,"href":"https:\/\/watchdeluxe.it\/fr\/wp-json\/wp\/v2\/product_cat?post=135005"},{"taxonomy":"product_tag","embeddable":true,"href":"https:\/\/watchdeluxe.it\/fr\/wp-json\/wp\/v2\/product_tag?post=135005"},{"taxonomy":"berocket_brand","embeddable":true,"href":"https:\/\/watchdeluxe.it\/fr\/wp-json\/wp\/v2\/berocket_brand?post=135005"},{"taxonomy":"woo-feed-brand","embeddable":true,"href":"https:\/\/watchdeluxe.it\/fr\/wp-json\/wp\/v2\/woo-feed-brand?post=135005"}],"curies":[{"name":"wp","href":"https:\/\/api.w.org\/{rel}","templated":true}]}}