{"id":134678,"date":"2026-03-21T10:53:35","date_gmt":"2026-03-21T09:53:35","guid":{"rendered":"https:\/\/watchdeluxe.it\/prodotto\/franck-muller-casablanca-chronographe-ref-8885-c-cc-dt\/"},"modified":"2026-04-02T10:39:44","modified_gmt":"2026-04-02T08:39:44","slug":"franck-muller-casablanca-chronographe-ref-8885-c-cc-dt","status":"publish","type":"product","link":"https:\/\/watchdeluxe.it\/fr\/prodotto\/franck-muller-casablanca-chronographe-ref-8885-c-cc-dt\/","title":{"rendered":"Franck Muller Casablanca chronographe r\u00e9f. 8885 C CC DT"},"content":{"rendered":"<p>Franck Muller Casablanca chronographe r\u00e9f. 8885 C CC DTnnBo\u00eetier en acier 39 x 55 mmnnbracelet en acier Franck Mullernncadran noirnnMontre avec bo\u00eete d\u2019origine (sans garantie)nnMouvement automatique avec chronographe<\/p>\n","protected":false},"excerpt":{"rendered":"<p>Franck Muller Casablanca chronographe r\u00e9f. 8885 C CC DTnnBo\u00eetier en acier 39 x 55 mmnnbracelet en acier Franck Mullernncadran noirnnMontre avec bo\u00eete d\u2019origine (sans garantie)nnMouvement automatique avec chronographe<\/p>\n","protected":false},"featured_media":136024,"template":"","meta":{"_crdt_document":"","advanced_seo_description":"","jetpack_seo_html_title":"","jetpack_seo_noindex":false},"product_brand":[],"product_cat":[5445,2331],"product_tag":[3773],"berocket_brand":[],"woo-feed-brand":[],"class_list":{"0":"post-134678","1":"product","2":"type-product","3":"status-publish","4":"has-post-thumbnail","6":"product_cat-franck-muller","7":"product_cat-vitrine","8":"product_tag-casablanca-fr","10":"first","11":"outofstock","12":"taxable","13":"shipping-taxable","14":"purchasable","15":"product-type-simple"},"bundled_by":[],"bundle_stock_status":"outofstock","bundle_stock_quantity":0,"bundle_virtual":false,"bundle_layout":"","bundle_add_to_cart_form_location":"","bundle_editable_in_cart":false,"bundle_sold_individually_context":"","bundle_item_grouping":"","bundle_min_size":"","bundle_max_size":"","bundle_price":[],"bundled_items":[],"bundle_sell_ids":[],"group_of_quantity":0,"min_quantity":0,"max_quantity":"","exclude_order_quantity_value_rules":"no","exclude_category_quantity_rules":"no","combine_variations":"no","jetpack_sharing_enabled":true,"jetpack_likes_enabled":true,"_links":{"self":[{"href":"https:\/\/watchdeluxe.it\/fr\/wp-json\/wp\/v2\/product\/134678","targetHints":{"allow":["GET"]}}],"collection":[{"href":"https:\/\/watchdeluxe.it\/fr\/wp-json\/wp\/v2\/product"}],"about":[{"href":"https:\/\/watchdeluxe.it\/fr\/wp-json\/wp\/v2\/types\/product"}],"wp:featuredmedia":[{"embeddable":true,"href":"https:\/\/watchdeluxe.it\/fr\/wp-json\/wp\/v2\/media\/136024"}],"wp:attachment":[{"href":"https:\/\/watchdeluxe.it\/fr\/wp-json\/wp\/v2\/media?parent=134678"}],"wp:term":[{"taxonomy":"product_brand","embeddable":true,"href":"https:\/\/watchdeluxe.it\/fr\/wp-json\/wp\/v2\/product_brand?post=134678"},{"taxonomy":"product_cat","embeddable":true,"href":"https:\/\/watchdeluxe.it\/fr\/wp-json\/wp\/v2\/product_cat?post=134678"},{"taxonomy":"product_tag","embeddable":true,"href":"https:\/\/watchdeluxe.it\/fr\/wp-json\/wp\/v2\/product_tag?post=134678"},{"taxonomy":"berocket_brand","embeddable":true,"href":"https:\/\/watchdeluxe.it\/fr\/wp-json\/wp\/v2\/berocket_brand?post=134678"},{"taxonomy":"woo-feed-brand","embeddable":true,"href":"https:\/\/watchdeluxe.it\/fr\/wp-json\/wp\/v2\/woo-feed-brand?post=134678"}],"curies":[{"name":"wp","href":"https:\/\/api.w.org\/{rel}","templated":true}]}}