{"id":134103,"date":"2026-02-05T16:20:57","date_gmt":"2026-02-05T15:20:57","guid":{"rendered":"https:\/\/watchdeluxe.it\/prodotto\/mido-multifort-tv-big-date-ref-m0495263302100\/"},"modified":"2026-04-06T09:23:20","modified_gmt":"2026-04-06T07:23:20","slug":"mido-multifort-tv-big-date-ref-m0495263302100","status":"publish","type":"product","link":"https:\/\/watchdeluxe.it\/fr\/prodotto\/mido-multifort-tv-big-date-ref-m0495263302100\/","title":{"rendered":"Mido Multifort TV big date ref. M0495263302100"},"content":{"rendered":"<p>Mido Multifort TV big date ref. M0495263302100<\/p>\n<ul>\n<li>\n<h4>Forme de l&#8217;affaire<\/h4>\n<p>Rectangulaire<\/li>\n<li>\n<h4>Mat\u00e9riau de l&#8217;\u00e9tui<\/h4>\n<p>Acier inoxydable avec rev\u00eatement PVD couleur or jaune<\/li>\n<li>\n<h4>Verre<\/h4>\n<p>Verre saphir avec traitement antireflet sur les deux faces<\/li>\n<li>\n<h4>Options de cas<\/h4>\n<p>Bo\u00eetier avec fond visible, couronne viss\u00e9e<\/li>\n<li>\n<h4>Longueur (mm)<\/h4>\n<p>39.20<\/li>\n<li>MIDO automatique ETA<\/li>\n<li>\n<h4>Fonctions<\/h4>\n<p>Grand rendez-vous<\/li>\n<li>\n<h4>R\u00e9serve de marche<\/h4>\n<p>R\u00e9serve de marche de 80 heures<\/li>\n<li>\n<h4>Largeur (mm)<\/h4>\n<p>40.00<\/li>\n<\/ul>\n","protected":false},"excerpt":{"rendered":"<p>Mido Multifort TV big date ref. M0495263302100 Forme de l&#8217;affaire Rectangulaire Mat\u00e9riau de l&#8217;\u00e9tui Acier inoxydable avec rev\u00eatement PVD couleur or jaune Verre Verre saphir avec traitement antireflet sur les deux faces Options de cas Bo\u00eetier avec fond visible, couronne viss\u00e9e Longueur (mm) 39.20 MIDO automatique ETA Fonctions Grand rendez-vous R\u00e9serve de marche R\u00e9serve de [&hellip;]<\/p>\n","protected":false},"featured_media":172194,"template":"","meta":{"_crdt_document":"","advanced_seo_description":"","jetpack_seo_html_title":"","jetpack_seo_noindex":false},"product_brand":[],"product_cat":[2941],"product_tag":[2943],"berocket_brand":[],"woo-feed-brand":[],"class_list":{"0":"post-134103","1":"product","2":"type-product","3":"status-publish","4":"has-post-thumbnail","6":"product_cat-mido-fr","7":"product_tag-multifort-fr","9":"first","10":"instock","11":"sale","12":"taxable","13":"shipping-taxable","14":"purchasable","15":"product-type-simple"},"bundled_by":[],"bundle_stock_status":"instock","bundle_stock_quantity":1,"bundle_virtual":false,"bundle_layout":"","bundle_add_to_cart_form_location":"","bundle_editable_in_cart":false,"bundle_sold_individually_context":"","bundle_item_grouping":"","bundle_min_size":"","bundle_max_size":"","bundle_price":[],"bundled_items":[],"bundle_sell_ids":[],"group_of_quantity":0,"min_quantity":0,"max_quantity":"","exclude_order_quantity_value_rules":"no","exclude_category_quantity_rules":"no","combine_variations":"no","jetpack_sharing_enabled":true,"jetpack_likes_enabled":true,"_links":{"self":[{"href":"https:\/\/watchdeluxe.it\/fr\/wp-json\/wp\/v2\/product\/134103","targetHints":{"allow":["GET"]}}],"collection":[{"href":"https:\/\/watchdeluxe.it\/fr\/wp-json\/wp\/v2\/product"}],"about":[{"href":"https:\/\/watchdeluxe.it\/fr\/wp-json\/wp\/v2\/types\/product"}],"wp:featuredmedia":[{"embeddable":true,"href":"https:\/\/watchdeluxe.it\/fr\/wp-json\/wp\/v2\/media\/172194"}],"wp:attachment":[{"href":"https:\/\/watchdeluxe.it\/fr\/wp-json\/wp\/v2\/media?parent=134103"}],"wp:term":[{"taxonomy":"product_brand","embeddable":true,"href":"https:\/\/watchdeluxe.it\/fr\/wp-json\/wp\/v2\/product_brand?post=134103"},{"taxonomy":"product_cat","embeddable":true,"href":"https:\/\/watchdeluxe.it\/fr\/wp-json\/wp\/v2\/product_cat?post=134103"},{"taxonomy":"product_tag","embeddable":true,"href":"https:\/\/watchdeluxe.it\/fr\/wp-json\/wp\/v2\/product_tag?post=134103"},{"taxonomy":"berocket_brand","embeddable":true,"href":"https:\/\/watchdeluxe.it\/fr\/wp-json\/wp\/v2\/berocket_brand?post=134103"},{"taxonomy":"woo-feed-brand","embeddable":true,"href":"https:\/\/watchdeluxe.it\/fr\/wp-json\/wp\/v2\/woo-feed-brand?post=134103"}],"curies":[{"name":"wp","href":"https:\/\/api.w.org\/{rel}","templated":true}]}}