{"id":133920,"date":"2026-02-03T15:57:49","date_gmt":"2026-02-03T14:57:49","guid":{"rendered":"https:\/\/watchdeluxe.it\/prodotto\/panerai-luminor-venticinque-ref-pam02025\/"},"modified":"2026-04-08T09:13:44","modified_gmt":"2026-04-08T07:13:44","slug":"panerai-luminor-venticinque-ref-pam02025","status":"publish","type":"product","link":"https:\/\/watchdeluxe.it\/fr\/prodotto\/panerai-luminor-venticinque-ref-pam02025\/","title":{"rendered":"Panerai Luminor Venticinque r\u00e9f. PAM02025"},"content":{"rendered":"<p>Panerai Luminor Venticinque r\u00e9f. PAM02025<\/p>\n<pre><code>Forma Di Forma\nDimensione 44 MM\nMateriale Cassa Acciaio brunito\nTipo di vetro Zaffiro\nImpermeabilit\u00e0 300 M\n<\/code><\/pre>\n<p>Mouvement<\/p>\n<pre><code>Movimento A Carica Manuale\nCalibro P.6000\n<\/code><\/pre>\n<p>Fonctions<\/p>\n<pre><code>Complicazione 3 Giorni Riserva di Carica\n<\/code><\/pre>\n<p>Cadran<\/p>\n<pre><code>Quadrante Blu Sfumato\n<\/code><\/pre>\n","protected":false},"excerpt":{"rendered":"<p>Chef-d\u2019\u0153uvre d\u2019ing\u00e9nierie et de design, la Panerai Luminor PAM02025 est id\u00e9ale pour ceux qui recherchent \u00e9l\u00e9gance et performance sans compromis.<\/p>\n","protected":false},"featured_media":133918,"template":"","meta":{"_crdt_document":"","advanced_seo_description":"","jetpack_seo_html_title":"","jetpack_seo_noindex":false,"jetpack_post_was_ever_published":false},"product_brand":[],"product_cat":[2183],"product_tag":[1828],"berocket_brand":[],"woo-feed-brand":[],"class_list":{"0":"post-133920","1":"product","2":"type-product","3":"status-publish","4":"has-post-thumbnail","6":"product_cat-panerai","7":"product_tag-luminor","9":"first","10":"instock","11":"sale","12":"taxable","13":"shipping-taxable","14":"purchasable","15":"product-type-simple"},"bundled_by":[],"bundle_stock_status":"instock","bundle_stock_quantity":1,"bundle_virtual":false,"bundle_layout":"","bundle_add_to_cart_form_location":"","bundle_editable_in_cart":false,"bundle_sold_individually_context":"","bundle_item_grouping":"","bundle_min_size":"","bundle_max_size":"","bundle_price":[],"bundled_items":[],"bundle_sell_ids":[],"group_of_quantity":0,"min_quantity":0,"max_quantity":"","exclude_order_quantity_value_rules":"no","exclude_category_quantity_rules":"no","combine_variations":"no","exclude_global_add_ons":[],"addons":[],"jetpack_sharing_enabled":true,"jetpack_likes_enabled":true,"_links":{"self":[{"href":"https:\/\/watchdeluxe.it\/fr\/wp-json\/wp\/v2\/product\/133920","targetHints":{"allow":["GET"]}}],"collection":[{"href":"https:\/\/watchdeluxe.it\/fr\/wp-json\/wp\/v2\/product"}],"about":[{"href":"https:\/\/watchdeluxe.it\/fr\/wp-json\/wp\/v2\/types\/product"}],"wp:featuredmedia":[{"embeddable":true,"href":"https:\/\/watchdeluxe.it\/fr\/wp-json\/wp\/v2\/media\/133918"}],"wp:attachment":[{"href":"https:\/\/watchdeluxe.it\/fr\/wp-json\/wp\/v2\/media?parent=133920"}],"wp:term":[{"taxonomy":"product_brand","embeddable":true,"href":"https:\/\/watchdeluxe.it\/fr\/wp-json\/wp\/v2\/product_brand?post=133920"},{"taxonomy":"product_cat","embeddable":true,"href":"https:\/\/watchdeluxe.it\/fr\/wp-json\/wp\/v2\/product_cat?post=133920"},{"taxonomy":"product_tag","embeddable":true,"href":"https:\/\/watchdeluxe.it\/fr\/wp-json\/wp\/v2\/product_tag?post=133920"},{"taxonomy":"berocket_brand","embeddable":true,"href":"https:\/\/watchdeluxe.it\/fr\/wp-json\/wp\/v2\/berocket_brand?post=133920"},{"taxonomy":"woo-feed-brand","embeddable":true,"href":"https:\/\/watchdeluxe.it\/fr\/wp-json\/wp\/v2\/woo-feed-brand?post=133920"}],"curies":[{"name":"wp","href":"https:\/\/api.w.org\/{rel}","templated":true}]}}