{"id":133844,"date":"2026-02-03T15:24:14","date_gmt":"2026-02-03T14:24:14","guid":{"rendered":"https:\/\/watchdeluxe.it\/prodotto\/tag-heuer-monaco-chronographe-edition-limitee-ref-cbl218e-ft6312\/"},"modified":"2026-02-03T15:24:14","modified_gmt":"2026-02-03T14:24:14","slug":"tag-heuer-monaco-chronographe-edition-limitee-ref-cbl218e-ft6312","status":"publish","type":"product","link":"https:\/\/watchdeluxe.it\/fr\/prodotto\/tag-heuer-monaco-chronographe-edition-limitee-ref-cbl218e-ft6312\/","title":{"rendered":"Tag Heuer Monaco chronographe \u00e9dition limit\u00e9e r\u00e9f. CBL218E.FT6312"},"content":{"rendered":"<p>Tag Heuer Monaco chronographe \u00e9dition limit\u00e9e r\u00e9f. CBL218E.FT6312<\/p>\n<p>Formula 1 Heineken Las Vegas Grand Prix 2025<\/p>\n<h4 class=\"product-name\"><span class=\"details-attributes d-block\">Automatique, 39 mm, Titane avec rev\u00eatement DLC<\/span><\/h4>\n<div class=\"row\">\n<div class=\"col-5 col-lg-4\">Collection Tag Heuer Monaco<\/div>\n<\/div>\n<div class=\"row\">\n<div class=\"col-5 col-lg-4\">Type Chronographes<\/div>\n<\/div>\n<div class=\"row\">\n<div class=\"col-5 col-lg-4\">Mouvement automatique<\/div>\n<\/div>\n<div class=\"row\">\n<div class=\"col-5 col-lg-4\">Dimensions bo\u00eetier \u00d8 39 mm<\/div>\n<\/div>\n<div class=\"row\">\n<div class=\"col-5 col-lg-4\">Mat\u00e9riau Titane<\/div>\n<\/div>\n<div class=\"row\">\n<div class=\"col-5 col-lg-4\">Bracelet Cuir de veau, Caoutchouc<\/div>\n<\/div>\n<div class=\"row\">\n<div class=\"col-5 col-lg-4\">R\u00e9sistance \u00e0 l&#8217;eau 10 ATM<\/div>\n<\/div>\n<div class=\"row\">\n<div class=\"col-5 col-lg-4\">Cadran Squelette<\/div>\n<\/div>\n<div class=\"row\">\n<div class=\"col-5 col-lg-4\">Verre saphir<\/div>\n<\/div>\n<div class=\"row\">\n<div class=\"col-5 col-lg-4\">Fermeture par pliage<\/div>\n<\/div>\n<div class=\"row\">\n<div class=\"col-7 col-lg-8\"><\/div>\n<\/div>\n","protected":false},"excerpt":{"rendered":"<p>Tag Heuer Monaco chronographe \u00e9dition limit\u00e9e r\u00e9f. CBL218E.FT6312 Formula 1 Heineken Las Vegas Grand Prix 2025 Automatique, 39 mm, Titane avec rev\u00eatement DLC Collection Tag Heuer Monaco Type Chronographes Mouvement automatique Dimensions bo\u00eetier \u00d8 39 mm Mat\u00e9riau Titane Bracelet Cuir de veau, Caoutchouc R\u00e9sistance \u00e0 l&#8217;eau 10 ATM Cadran Squelette Verre saphir Fermeture par pliage<\/p>\n","protected":false},"featured_media":133845,"template":"","meta":{"_crdt_document":"","advanced_seo_description":"","jetpack_seo_html_title":"","jetpack_seo_noindex":false},"product_brand":[2161],"product_cat":[2243],"product_tag":[2288],"berocket_brand":[],"woo-feed-brand":[],"class_list":{"0":"post-133844","1":"product","2":"type-product","3":"status-publish","4":"has-post-thumbnail","6":"product_brand-tag-heuer","7":"product_cat-tag-heuer-fr","8":"product_tag-monaco-fr","10":"first","11":"instock","12":"sale","13":"taxable","14":"shipping-taxable","15":"purchasable","16":"product-type-simple"},"bundled_by":[],"bundle_stock_status":"instock","bundle_stock_quantity":null,"bundle_virtual":false,"bundle_layout":"","bundle_add_to_cart_form_location":"","bundle_editable_in_cart":false,"bundle_sold_individually_context":"","bundle_item_grouping":"","bundle_min_size":"","bundle_max_size":"","bundle_price":[],"bundled_items":[],"bundle_sell_ids":[],"group_of_quantity":0,"min_quantity":0,"max_quantity":"","exclude_order_quantity_value_rules":"no","exclude_category_quantity_rules":"no","combine_variations":"no","jetpack_sharing_enabled":true,"jetpack_likes_enabled":true,"_links":{"self":[{"href":"https:\/\/watchdeluxe.it\/fr\/wp-json\/wp\/v2\/product\/133844","targetHints":{"allow":["GET"]}}],"collection":[{"href":"https:\/\/watchdeluxe.it\/fr\/wp-json\/wp\/v2\/product"}],"about":[{"href":"https:\/\/watchdeluxe.it\/fr\/wp-json\/wp\/v2\/types\/product"}],"wp:featuredmedia":[{"embeddable":true,"href":"https:\/\/watchdeluxe.it\/fr\/wp-json\/wp\/v2\/media\/133845"}],"wp:attachment":[{"href":"https:\/\/watchdeluxe.it\/fr\/wp-json\/wp\/v2\/media?parent=133844"}],"wp:term":[{"taxonomy":"product_brand","embeddable":true,"href":"https:\/\/watchdeluxe.it\/fr\/wp-json\/wp\/v2\/product_brand?post=133844"},{"taxonomy":"product_cat","embeddable":true,"href":"https:\/\/watchdeluxe.it\/fr\/wp-json\/wp\/v2\/product_cat?post=133844"},{"taxonomy":"product_tag","embeddable":true,"href":"https:\/\/watchdeluxe.it\/fr\/wp-json\/wp\/v2\/product_tag?post=133844"},{"taxonomy":"berocket_brand","embeddable":true,"href":"https:\/\/watchdeluxe.it\/fr\/wp-json\/wp\/v2\/berocket_brand?post=133844"},{"taxonomy":"woo-feed-brand","embeddable":true,"href":"https:\/\/watchdeluxe.it\/fr\/wp-json\/wp\/v2\/woo-feed-brand?post=133844"}],"curies":[{"name":"wp","href":"https:\/\/api.w.org\/{rel}","templated":true}]}}