{"id":133792,"date":"2026-02-03T15:09:54","date_gmt":"2026-02-03T14:09:54","guid":{"rendered":"https:\/\/watchdeluxe.it\/prodotto\/glashutte-original-seventies-chronographe-panorama-date-ref-1-37-02-20-02-70\/"},"modified":"2026-04-06T04:08:55","modified_gmt":"2026-04-06T02:08:55","slug":"glashutte-original-seventies-chronographe-panorama-date-ref-1-37-02-20-02-70","status":"publish","type":"product","link":"https:\/\/watchdeluxe.it\/fr\/prodotto\/glashutte-original-seventies-chronographe-panorama-date-ref-1-37-02-20-02-70\/","title":{"rendered":"Glashutte Original Seventies chronographe Panorama Date r\u00e9f. 1-37-02-20-02-70"},"content":{"rendered":"<p>Glashutte Original Seventies chronographe Panorama Date r\u00e9f. 1-37-02-20-02-70<\/p>\n<p>Fonctions<\/p>\n<ul>\n<li>Heures et minutes<\/li>\n<li>Petites secondes<\/li>\n<li>Chronographe totalisateur 30 minutes<\/li>\n<li>Visionneuse de 12 minutes<\/li>\n<li>Date Panoramique<\/li>\n<li>Indicateur de r\u00e9serve de marche<\/li>\n<li>Retour en vol<\/li>\n<\/ul>\n<p>Cas<\/p>\n<ul>\n<li>100 exemplaires Limitation acier<\/li>\n<li>Acier Mat\u00e9riau du bo\u00eetier<\/li>\n<li>10 bar \u00c9tanch\u00e9it\u00e9<\/li>\n<li>40,00 x 40,00 mm Diam\u00e8tre du bo\u00eetier<\/li>\n<li>14,10 mm \u00c9paisseur du bo\u00eetier<\/li>\n<li>Caract\u00e9ristiques de la couronne \u00e0 vis<\/li>\n<\/ul>\n<p>Cadran<\/p>\n<ul>\n<li>Cadran Indices appliqu\u00e9s<\/li>\n<li>Date Vue d&#8217;ensemble en blanc sur fond noir<\/li>\n<\/ul>\n<p>Calibre 37-02<\/p>\n<ul>\n<li>Mouvement automatique Type de mouvement<\/li>\n<li>70 heures \u00b1 5 % R\u00e9serve de marche<\/li>\n<li>28 800 alt\/h, \u00e9quivalent \u00e0 4 Hz Fr\u00e9quence<\/li>\n<\/ul>\n<p>Commentaires<\/p>\n<ul>\n<li>Platine trois-quarts de Glash\u00fctte avec d\u00e9coration \u00e0 bandes<\/li>\n<li>Pi\u00e8ces en acier poli<\/li>\n<li>Angles biseaut\u00e9s\/polis<\/li>\n<li>Vis polies\/br\u00fbl\u00e9es<\/li>\n<\/ul>\n<p>Courroie<\/p>\n<ul>\n<li>Acier inoxydable Mat\u00e9riau<\/li>\n<li>26 mm<\/li>\n<\/ul>\n","protected":false},"excerpt":{"rendered":"<p>Glashutte Original Seventies chronographe Panorama Date r\u00e9f. 1-37-02-20-02-70 Fonctions Heures et minutes Petites secondes Chronographe totalisateur 30 minutes Visionneuse de 12 minutes Date Panoramique Indicateur de r\u00e9serve de marche Retour en vol Cas 100 exemplaires Limitation acier Acier Mat\u00e9riau du bo\u00eetier 10 bar \u00c9tanch\u00e9it\u00e9 40,00 x 40,00 mm Diam\u00e8tre du bo\u00eetier 14,10 mm \u00c9paisseur du [&hellip;]<\/p>\n","protected":false},"featured_media":152106,"template":"","meta":{"_crdt_document":"","advanced_seo_description":"","jetpack_seo_html_title":"","jetpack_seo_noindex":false},"product_brand":[],"product_cat":[3915],"product_tag":[4152],"berocket_brand":[],"woo-feed-brand":[],"class_list":{"0":"post-133792","1":"product","2":"type-product","3":"status-publish","4":"has-post-thumbnail","6":"product_cat-glashutte-original","7":"product_tag-seventies-2","9":"first","10":"instock","11":"sale","12":"taxable","13":"shipping-taxable","14":"purchasable","15":"product-type-simple"},"bundled_by":[],"bundle_stock_status":"instock","bundle_stock_quantity":1,"bundle_virtual":false,"bundle_layout":"","bundle_add_to_cart_form_location":"","bundle_editable_in_cart":false,"bundle_sold_individually_context":"","bundle_item_grouping":"","bundle_min_size":"","bundle_max_size":"","bundle_price":[],"bundled_items":[],"bundle_sell_ids":[],"group_of_quantity":0,"min_quantity":0,"max_quantity":"","exclude_order_quantity_value_rules":"no","exclude_category_quantity_rules":"no","combine_variations":"no","exclude_global_add_ons":[],"addons":[],"jetpack_sharing_enabled":true,"jetpack_likes_enabled":true,"_links":{"self":[{"href":"https:\/\/watchdeluxe.it\/fr\/wp-json\/wp\/v2\/product\/133792","targetHints":{"allow":["GET"]}}],"collection":[{"href":"https:\/\/watchdeluxe.it\/fr\/wp-json\/wp\/v2\/product"}],"about":[{"href":"https:\/\/watchdeluxe.it\/fr\/wp-json\/wp\/v2\/types\/product"}],"wp:featuredmedia":[{"embeddable":true,"href":"https:\/\/watchdeluxe.it\/fr\/wp-json\/wp\/v2\/media\/152106"}],"wp:attachment":[{"href":"https:\/\/watchdeluxe.it\/fr\/wp-json\/wp\/v2\/media?parent=133792"}],"wp:term":[{"taxonomy":"product_brand","embeddable":true,"href":"https:\/\/watchdeluxe.it\/fr\/wp-json\/wp\/v2\/product_brand?post=133792"},{"taxonomy":"product_cat","embeddable":true,"href":"https:\/\/watchdeluxe.it\/fr\/wp-json\/wp\/v2\/product_cat?post=133792"},{"taxonomy":"product_tag","embeddable":true,"href":"https:\/\/watchdeluxe.it\/fr\/wp-json\/wp\/v2\/product_tag?post=133792"},{"taxonomy":"berocket_brand","embeddable":true,"href":"https:\/\/watchdeluxe.it\/fr\/wp-json\/wp\/v2\/berocket_brand?post=133792"},{"taxonomy":"woo-feed-brand","embeddable":true,"href":"https:\/\/watchdeluxe.it\/fr\/wp-json\/wp\/v2\/woo-feed-brand?post=133792"}],"curies":[{"name":"wp","href":"https:\/\/api.w.org\/{rel}","templated":true}]}}