{"id":133372,"date":"2026-02-02T16:09:30","date_gmt":"2026-02-02T15:09:30","guid":{"rendered":"https:\/\/watchdeluxe.it\/prodotto\/iwc-portofino-chronographe-ref-iw391030\/"},"modified":"2026-04-13T14:34:53","modified_gmt":"2026-04-13T12:34:53","slug":"iwc-portofino-chronographe-ref-iw391030","status":"publish","type":"product","link":"https:\/\/watchdeluxe.it\/fr\/prodotto\/iwc-portofino-chronographe-ref-iw391030\/","title":{"rendered":"Iwc Portofino chronographe r\u00e9f. IW391030"},"content":{"rendered":"<p>Iwc Portofino chronographe r\u00e9f. IW391030<\/p>\n<table class=\"table\">\n<tbody>\n<tr>\n<th class=\"table_name\">Marque<\/th>\n<td class=\"table_value\">Iwc<\/td>\n<\/tr>\n<tr>\n<th class=\"table_name\">R\u00e9f\u00e9rence<\/th>\n<td class=\"table_value\">IW391030<\/td>\n<\/tr>\n<tr>\n<th class=\"table_name\">Chargement<\/th>\n<td class=\"table_value\">Automatique<\/td>\n<\/tr>\n<tr>\n<th class=\"table_name\">Couleur du cadran<\/th>\n<td class=\"table_value\">Noir<\/td>\n<\/tr>\n<tr>\n<th class=\"table_name\">Mat\u00e9riau du bo\u00eetier<\/th>\n<td class=\"table_value\">Acier<\/td>\n<\/tr>\n<tr>\n<th class=\"table_name\">Mat\u00e9riau du bracelet<\/th>\n<td class=\"table_value\">Acier<\/td>\n<\/tr>\n<tr>\n<th class=\"table_name\">Ann\u00e9e de production<\/th>\n<td class=\"table_value\">2024<\/td>\n<\/tr>\n<\/tbody>\n<\/table>\n<table class=\"table\">\n<tbody>\n<tr>\n<th class=\"table_name\" colspan=\"2\">D\u00e9tails techniques<\/th>\n<\/tr>\n<tr>\n<th class=\"table_name\">Diam\u00e8tre du bo\u00eetier<\/th>\n<td class=\"table_value\">42 mm<\/td>\n<\/tr>\n<tr>\n<th class=\"table_name\">Hauteur du bo\u00eetier<\/th>\n<td class=\"table_value\">13,6 mm<\/td>\n<\/tr>\n<tr>\n<th class=\"table_name\">\u00c9tanch\u00e9it\u00e9<\/th>\n<td class=\"table_value\">3 Bar<\/td>\n<\/tr>\n<tr>\n<th class=\"table_name\">Mat\u00e9riau du verre<\/th>\n<td class=\"table_value\">Saphir<\/td>\n<\/tr>\n<tr>\n<th class=\"table_name\">Calibre\/Mouvement<\/th>\n<td class=\"table_value\">79320<\/td>\n<\/tr>\n<tr>\n<th class=\"table_name\">Nombre de rubis<\/th>\n<td class=\"table_value\">25<\/td>\n<\/tr>\n<\/tbody>\n<\/table>\n","protected":false},"excerpt":{"rendered":"<p>Iwc Portofino chronographe r\u00e9f. IW391030 Marque Iwc R\u00e9f\u00e9rence IW391030 Chargement Automatique Couleur du cadran Noir Mat\u00e9riau du bo\u00eetier Acier Mat\u00e9riau du bracelet Acier Ann\u00e9e de production 2024 D\u00e9tails techniques Diam\u00e8tre du bo\u00eetier 42 mm Hauteur du bo\u00eetier 13,6 mm \u00c9tanch\u00e9it\u00e9 3 Bar Mat\u00e9riau du verre Saphir Calibre\/Mouvement 79320 Nombre de rubis 25<\/p>\n","protected":false},"featured_media":133373,"template":"","meta":{"_crdt_document":"","advanced_seo_description":"","jetpack_seo_html_title":"","jetpack_seo_noindex":false},"product_brand":[],"product_cat":[1918],"product_tag":[1405],"berocket_brand":[],"woo-feed-brand":[],"class_list":{"0":"post-133372","1":"product","2":"type-product","3":"status-publish","4":"has-post-thumbnail","6":"product_cat-iwc","7":"product_tag-portofino","9":"first","10":"instock","11":"sale","12":"taxable","13":"shipping-taxable","14":"purchasable","15":"product-type-simple"},"bundled_by":[],"bundle_stock_status":"instock","bundle_stock_quantity":1,"bundle_virtual":false,"bundle_layout":"","bundle_add_to_cart_form_location":"","bundle_editable_in_cart":false,"bundle_sold_individually_context":"","bundle_item_grouping":"","bundle_min_size":"","bundle_max_size":"","bundle_price":[],"bundled_items":[],"bundle_sell_ids":[],"group_of_quantity":0,"min_quantity":0,"max_quantity":"","exclude_order_quantity_value_rules":"no","exclude_category_quantity_rules":"no","combine_variations":"no","jetpack_sharing_enabled":true,"jetpack_likes_enabled":true,"_links":{"self":[{"href":"https:\/\/watchdeluxe.it\/fr\/wp-json\/wp\/v2\/product\/133372","targetHints":{"allow":["GET"]}}],"collection":[{"href":"https:\/\/watchdeluxe.it\/fr\/wp-json\/wp\/v2\/product"}],"about":[{"href":"https:\/\/watchdeluxe.it\/fr\/wp-json\/wp\/v2\/types\/product"}],"wp:featuredmedia":[{"embeddable":true,"href":"https:\/\/watchdeluxe.it\/fr\/wp-json\/wp\/v2\/media\/133373"}],"wp:attachment":[{"href":"https:\/\/watchdeluxe.it\/fr\/wp-json\/wp\/v2\/media?parent=133372"}],"wp:term":[{"taxonomy":"product_brand","embeddable":true,"href":"https:\/\/watchdeluxe.it\/fr\/wp-json\/wp\/v2\/product_brand?post=133372"},{"taxonomy":"product_cat","embeddable":true,"href":"https:\/\/watchdeluxe.it\/fr\/wp-json\/wp\/v2\/product_cat?post=133372"},{"taxonomy":"product_tag","embeddable":true,"href":"https:\/\/watchdeluxe.it\/fr\/wp-json\/wp\/v2\/product_tag?post=133372"},{"taxonomy":"berocket_brand","embeddable":true,"href":"https:\/\/watchdeluxe.it\/fr\/wp-json\/wp\/v2\/berocket_brand?post=133372"},{"taxonomy":"woo-feed-brand","embeddable":true,"href":"https:\/\/watchdeluxe.it\/fr\/wp-json\/wp\/v2\/woo-feed-brand?post=133372"}],"curies":[{"name":"wp","href":"https:\/\/api.w.org\/{rel}","templated":true}]}}