{"id":133033,"date":"2026-02-02T11:48:04","date_gmt":"2026-02-02T10:48:04","guid":{"rendered":"https:\/\/watchdeluxe.it\/prodotto\/iwc-portugaise-chronographe-annee-du-cheval-ref-iw501709\/"},"modified":"2026-04-13T14:34:53","modified_gmt":"2026-04-13T12:34:53","slug":"iwc-portugaise-chronographe-annee-du-cheval-ref-iw501709","status":"publish","type":"product","link":"https:\/\/watchdeluxe.it\/fr\/prodotto\/iwc-portugaise-chronographe-annee-du-cheval-ref-iw501709\/","title":{"rendered":"IWC Portugaise chronographe &#8220;ann\u00e9e du cheval&#8221; r\u00e9f. IW501709"},"content":{"rendered":"<p>IWC Portugaise chronographe &#8220;ann\u00e9e du cheval&#8221; r\u00e9f. IW501709<\/p>\n<div id=\"tab-overview\" class=\"tab-panel\" tabindex=\"0\" role=\"tabpanel\" aria-labelledby=\"overview-tab-button\">\n<div class=\"phxsg-specs-table\">\n<div class=\"phxsg-specs-table__row\"><span class=\"phxsg-specs-table__row-left title-caption\">R\u00e9f\u00e9rence <\/span><span class=\"phxsg-specs-table__row-right title-caption\">IW501709<\/span><\/p>\n<hr class=\"phxsg-divider\" role=\"separator\">\n<p>co<span class=\"phxsg-specs-table__row-left title-caption\">uleur du cadran <\/span><span class=\"phxsg-specs-table__row-right title-caption\">Rouge<\/span><\/div>\n<div class=\"phxsg-specs-table__row\">\n<hr class=\"phxsg-divider\" role=\"separator\">\n<\/div>\n<div class=\"phxsg-specs-table__row\"><span class=\"phxsg-specs-table__row-left title-caption\">Bo\u00eetier <\/span><span class=\"phxsg-specs-table__row-right title-caption\">Acier<\/span><\/p>\n<hr class=\"phxsg-divider\" role=\"separator\">\n<\/div>\n<div class=\"phxsg-specs-table__row\"><span class=\"phxsg-specs-table__row-left title-caption\">Bracelet <\/span><span class=\"phxsg-specs-table__row-right title-caption\">Bracelet en alligator noir<\/span><\/p>\n<hr class=\"phxsg-divider\" role=\"separator\">\n<\/div>\n<div class=\"phxsg-specs-table__row\"><span class=\"phxsg-specs-table__row-left title-caption\">Diam\u00e8tre <\/span><span class=\"phxsg-specs-table__row-right title-caption\">42,4 mm<\/span><\/p>\n<hr class=\"phxsg-divider\" role=\"separator\">\n<\/div>\n<div class=\"phxsg-specs-table__row\"><span class=\"phxsg-specs-table__row-left title-caption\">Mouvement <\/span><span class=\"phxsg-specs-table__row-right title-caption\">Automatique, chronographe, remontage automatique, Mouvement manufacture IWC<\/span><\/div>\n<\/div>\n<\/div>\n","protected":false},"excerpt":{"rendered":"<p>IWC Portugaise chronographe &#8220;ann\u00e9e du cheval&#8221; r\u00e9f. IW501709 R\u00e9f\u00e9rence IW501709 couleur du cadran Rouge Bo\u00eetier Acier Bracelet Bracelet en alligator noir Diam\u00e8tre 42,4 mm Mouvement Automatique, chronographe, remontage automatique, Mouvement manufacture IWC<\/p>\n","protected":false},"featured_media":133034,"template":"","meta":{"_crdt_document":"","advanced_seo_description":"","jetpack_seo_html_title":"","jetpack_seo_noindex":false},"product_brand":[],"product_cat":[1918],"product_tag":[3716],"berocket_brand":[],"woo-feed-brand":[],"class_list":{"0":"post-133033","1":"product","2":"type-product","3":"status-publish","4":"has-post-thumbnail","6":"product_cat-iwc","7":"product_tag-portoghese-2","9":"first","10":"instock","11":"sale","12":"taxable","13":"shipping-taxable","14":"purchasable","15":"product-type-simple"},"bundled_by":[],"bundle_stock_status":"instock","bundle_stock_quantity":1,"bundle_virtual":false,"bundle_layout":"","bundle_add_to_cart_form_location":"","bundle_editable_in_cart":false,"bundle_sold_individually_context":"","bundle_item_grouping":"","bundle_min_size":"","bundle_max_size":"","bundle_price":[],"bundled_items":[],"bundle_sell_ids":[],"group_of_quantity":0,"min_quantity":0,"max_quantity":"","exclude_order_quantity_value_rules":"no","exclude_category_quantity_rules":"no","combine_variations":"no","exclude_global_add_ons":[],"addons":[],"jetpack_sharing_enabled":true,"jetpack_likes_enabled":true,"_links":{"self":[{"href":"https:\/\/watchdeluxe.it\/fr\/wp-json\/wp\/v2\/product\/133033","targetHints":{"allow":["GET"]}}],"collection":[{"href":"https:\/\/watchdeluxe.it\/fr\/wp-json\/wp\/v2\/product"}],"about":[{"href":"https:\/\/watchdeluxe.it\/fr\/wp-json\/wp\/v2\/types\/product"}],"wp:featuredmedia":[{"embeddable":true,"href":"https:\/\/watchdeluxe.it\/fr\/wp-json\/wp\/v2\/media\/133034"}],"wp:attachment":[{"href":"https:\/\/watchdeluxe.it\/fr\/wp-json\/wp\/v2\/media?parent=133033"}],"wp:term":[{"taxonomy":"product_brand","embeddable":true,"href":"https:\/\/watchdeluxe.it\/fr\/wp-json\/wp\/v2\/product_brand?post=133033"},{"taxonomy":"product_cat","embeddable":true,"href":"https:\/\/watchdeluxe.it\/fr\/wp-json\/wp\/v2\/product_cat?post=133033"},{"taxonomy":"product_tag","embeddable":true,"href":"https:\/\/watchdeluxe.it\/fr\/wp-json\/wp\/v2\/product_tag?post=133033"},{"taxonomy":"berocket_brand","embeddable":true,"href":"https:\/\/watchdeluxe.it\/fr\/wp-json\/wp\/v2\/berocket_brand?post=133033"},{"taxonomy":"woo-feed-brand","embeddable":true,"href":"https:\/\/watchdeluxe.it\/fr\/wp-json\/wp\/v2\/woo-feed-brand?post=133033"}],"curies":[{"name":"wp","href":"https:\/\/api.w.org\/{rel}","templated":true}]}}