{"id":132935,"date":"2026-02-02T10:54:50","date_gmt":"2026-02-02T09:54:50","guid":{"rendered":"https:\/\/watchdeluxe.it\/prodotto\/grand-seiko-heritage-quartz-ref-sbgx265g\/"},"modified":"2026-02-02T10:54:50","modified_gmt":"2026-02-02T09:54:50","slug":"grand-seiko-heritage-quartz-ref-sbgx265g","status":"publish","type":"product","link":"https:\/\/watchdeluxe.it\/fr\/prodotto\/grand-seiko-heritage-quartz-ref-sbgx265g\/","title":{"rendered":"Grand Seiko Heritage quartz r\u00e9f. SBGX265G"},"content":{"rendered":"<p>Grand Seiko Heritage quartz r\u00e9f. SBGX265G<\/p>\n<div class=\"_item\">\n<div class=\"_body\">\n<table class=\"_table\">\n<tbody>\n<tr>\n<th>Ext\u00e9rieur :<\/th>\n<td>Acier inoxydable<\/td>\n<\/tr>\n<tr>\n<th>Fond du bo\u00eetier :<\/th>\n<td>Fond viss\u00e9<\/td>\n<\/tr>\n<tr>\n<th>Mat\u00e9riau du verre :<\/th>\n<td>Verre saphir<\/td>\n<\/tr>\n<tr>\n<th>Rev\u00eatement en verre :<\/th>\n<td>Rev\u00eatement antireflet sur la surface int\u00e9rieure<\/td>\n<\/tr>\n<tr>\n<th>Taille du bo\u00eetier :<\/th>\n<td>Diam\u00e8tre 37.0mm Longueur 44.6mm Epaisseur 10.0mm<\/td>\n<\/tr>\n<tr>\n<th>Largeur du bracelet :<\/th>\n<td>19mm<\/td>\n<\/tr>\n<tr>\n<th>Type de fermeture :<\/th>\n<td>Triple loquet pliant avec d\u00e9clenchement par bouton-poussoir<\/td>\n<\/tr>\n<\/tbody>\n<\/table>\n<\/div>\n<\/div>\n<div class=\"_item\">\n<div class=\"_header\">Mouvement<\/div>\n<div class=\"_body\">\n<table class=\"_table\">\n<tbody>\n<tr>\n<th>Code du calibre :<\/th>\n<td>9F62 Instructions<\/td>\n<\/tr>\n<tr>\n<th>Type de mouvement :<\/th>\n<td>Quartz<\/td>\n<\/tr>\n<tr>\n<th>Pr\u00e9cision :<\/th>\n<td>\u00b110 secondes par an<\/td>\n<\/tr>\n<\/tbody>\n<\/table>\n<\/div>\n<\/div>\n<div class=\"_item\">\n<div class=\"_header\">Fonctions<\/div>\n<div class=\"_body\">\n<table class=\"_table\">\n<tbody>\n<tr>\n<th>R\u00e9sistance \u00e0 l&#8217;eau :<\/th>\n<td>10 bars<\/td>\n<\/tr>\n<tr>\n<th>R\u00e9sistance magn\u00e9tique :<\/th>\n<td>4 800 A\/m<\/td>\n<\/tr>\n<\/tbody>\n<\/table>\n<\/div>\n<\/div>\n","protected":false},"excerpt":{"rendered":"<p>Grand Seiko Heritage quartz r\u00e9f. SBGX265G Ext\u00e9rieur : Acier inoxydable Fond du bo\u00eetier : Fond viss\u00e9 Mat\u00e9riau du verre : Verre saphir Rev\u00eatement en verre : Rev\u00eatement antireflet sur la surface int\u00e9rieure Taille du bo\u00eetier : Diam\u00e8tre 37.0mm Longueur 44.6mm Epaisseur 10.0mm Largeur du bracelet : 19mm Type de fermeture : Triple loquet pliant avec [&hellip;]<\/p>\n","protected":false},"featured_media":132936,"template":"","meta":{"_crdt_document":"","advanced_seo_description":"","jetpack_seo_html_title":"","jetpack_seo_noindex":false},"product_brand":[2148],"product_cat":[3906],"product_tag":[3884],"berocket_brand":[],"woo-feed-brand":[],"class_list":{"0":"post-132935","1":"product","2":"type-product","3":"status-publish","4":"has-post-thumbnail","6":"product_brand-grand-seiko","7":"product_cat-grand-seiko","8":"product_tag-heritage-2","10":"first","11":"outofstock","12":"sale","13":"taxable","14":"shipping-taxable","15":"purchasable","16":"product-type-simple"},"bundled_by":[],"bundle_stock_status":"outofstock","bundle_stock_quantity":null,"bundle_virtual":false,"bundle_layout":"","bundle_add_to_cart_form_location":"","bundle_editable_in_cart":false,"bundle_sold_individually_context":"","bundle_item_grouping":"","bundle_min_size":"","bundle_max_size":"","bundle_price":[],"bundled_items":[],"bundle_sell_ids":[],"group_of_quantity":0,"min_quantity":0,"max_quantity":"","exclude_order_quantity_value_rules":"no","exclude_category_quantity_rules":"no","combine_variations":"no","jetpack_sharing_enabled":true,"jetpack_likes_enabled":true,"_links":{"self":[{"href":"https:\/\/watchdeluxe.it\/fr\/wp-json\/wp\/v2\/product\/132935","targetHints":{"allow":["GET"]}}],"collection":[{"href":"https:\/\/watchdeluxe.it\/fr\/wp-json\/wp\/v2\/product"}],"about":[{"href":"https:\/\/watchdeluxe.it\/fr\/wp-json\/wp\/v2\/types\/product"}],"wp:featuredmedia":[{"embeddable":true,"href":"https:\/\/watchdeluxe.it\/fr\/wp-json\/wp\/v2\/media\/132936"}],"wp:attachment":[{"href":"https:\/\/watchdeluxe.it\/fr\/wp-json\/wp\/v2\/media?parent=132935"}],"wp:term":[{"taxonomy":"product_brand","embeddable":true,"href":"https:\/\/watchdeluxe.it\/fr\/wp-json\/wp\/v2\/product_brand?post=132935"},{"taxonomy":"product_cat","embeddable":true,"href":"https:\/\/watchdeluxe.it\/fr\/wp-json\/wp\/v2\/product_cat?post=132935"},{"taxonomy":"product_tag","embeddable":true,"href":"https:\/\/watchdeluxe.it\/fr\/wp-json\/wp\/v2\/product_tag?post=132935"},{"taxonomy":"berocket_brand","embeddable":true,"href":"https:\/\/watchdeluxe.it\/fr\/wp-json\/wp\/v2\/berocket_brand?post=132935"},{"taxonomy":"woo-feed-brand","embeddable":true,"href":"https:\/\/watchdeluxe.it\/fr\/wp-json\/wp\/v2\/woo-feed-brand?post=132935"}],"curies":[{"name":"wp","href":"https:\/\/api.w.org\/{rel}","templated":true}]}}