{"id":132838,"date":"2026-02-02T10:22:39","date_gmt":"2026-02-02T09:22:39","guid":{"rendered":"https:\/\/watchdeluxe.it\/prodotto\/nomos-tangente-2date-ref-135-sb\/"},"modified":"2026-04-17T10:14:27","modified_gmt":"2026-04-17T08:14:27","slug":"nomos-tangente-2date-ref-135-sb","status":"publish","type":"product","link":"https:\/\/watchdeluxe.it\/fr\/prodotto\/nomos-tangente-2date-ref-135-sb\/","title":{"rendered":"Nomos Tangente 2date r\u00e9f. 135.sb"},"content":{"rendered":"<p>Nomos Tangente 2date r\u00e9f. 135.sb<\/p>\n<div class=\"product-specs__listing\">\n<dl class=\"specs-list\">\n<dt>Cas<\/dt>\n<dd>acier inoxydable<br \/>\ndos en acier inoxydable<\/dd>\n<dt>Verre<\/dt>\n<dd>verre saphir avec rev\u00eatement antireflet (c\u00f4t\u00e9 cadran et fond)<\/dd>\n<dt>Charge<\/dt>\n<dd>manuel<\/dd>\n<dt>Dimensions<\/dt>\n<dd>diam\u00e8tre <span class=\"size-property\"> 37,5 mm <\/span><br \/>\n\u00e9paisseur <span class=\"size-property\"> 6,8 mm <\/span><br \/>\nDimension ext\u00e9rieure de l&#8217;anse <span class=\"size-property\"> 47,7 mm <\/span> <\/dd>\n<dt>R\u00e9sistance \u00e0 l&#8217;eau<\/dt>\n<dd>5 atm (r\u00e9sistant aux \u00e9claboussures)<\/dd>\n<\/dl>\n<dl class=\"specs-list\">\n<dt>Cadran<\/dt>\n<dd>galvanis\u00e9, argent\u00e9 blanc<\/dd>\n<dt>Mains<\/dt>\n<dd>rhodi\u00e9<\/dd>\n<dt>sangle<\/dt>\n<dd>Horween Genuine Shell Cordovan noir<br \/>\n<span class=\"size-property\"> largeur d&#8217;anse 19 mm <\/span> <\/dd>\n<\/dl>\n<\/div>\n","protected":false},"excerpt":{"rendered":"<p>Nomos Tangente 2date r\u00e9f. 135.sb Cas acier inoxydable dos en acier inoxydable Verre verre saphir avec rev\u00eatement antireflet (c\u00f4t\u00e9 cadran et fond) Charge manuel Dimensions diam\u00e8tre 37,5 mm \u00e9paisseur 6,8 mm Dimension ext\u00e9rieure de l&#8217;anse 47,7 mm R\u00e9sistance \u00e0 l&#8217;eau 5 atm (r\u00e9sistant aux \u00e9claboussures) Cadran galvanis\u00e9, argent\u00e9 blanc Mains rhodi\u00e9 sangle Horween Genuine Shell [&hellip;]<\/p>\n","protected":false},"featured_media":132831,"template":"","meta":{"_crdt_document":"","advanced_seo_description":"","jetpack_seo_html_title":"","jetpack_seo_noindex":false},"product_brand":[],"product_cat":[1919],"product_tag":[3740],"berocket_brand":[],"woo-feed-brand":[],"class_list":{"0":"post-132838","1":"product","2":"type-product","3":"status-publish","4":"has-post-thumbnail","6":"product_cat-nomos-glashutte","7":"product_tag-tangente-2","9":"first","10":"instock","11":"taxable","12":"shipping-taxable","13":"purchasable","14":"product-type-simple"},"bundled_by":[],"bundle_stock_status":"instock","bundle_stock_quantity":1,"bundle_virtual":false,"bundle_layout":"","bundle_add_to_cart_form_location":"","bundle_editable_in_cart":false,"bundle_sold_individually_context":"","bundle_item_grouping":"","bundle_min_size":"","bundle_max_size":"","bundle_price":[],"bundled_items":[],"bundle_sell_ids":[],"group_of_quantity":0,"min_quantity":0,"max_quantity":"","exclude_order_quantity_value_rules":"no","exclude_category_quantity_rules":"no","combine_variations":"no","jetpack_sharing_enabled":true,"jetpack_likes_enabled":true,"_links":{"self":[{"href":"https:\/\/watchdeluxe.it\/fr\/wp-json\/wp\/v2\/product\/132838","targetHints":{"allow":["GET"]}}],"collection":[{"href":"https:\/\/watchdeluxe.it\/fr\/wp-json\/wp\/v2\/product"}],"about":[{"href":"https:\/\/watchdeluxe.it\/fr\/wp-json\/wp\/v2\/types\/product"}],"wp:featuredmedia":[{"embeddable":true,"href":"https:\/\/watchdeluxe.it\/fr\/wp-json\/wp\/v2\/media\/132831"}],"wp:attachment":[{"href":"https:\/\/watchdeluxe.it\/fr\/wp-json\/wp\/v2\/media?parent=132838"}],"wp:term":[{"taxonomy":"product_brand","embeddable":true,"href":"https:\/\/watchdeluxe.it\/fr\/wp-json\/wp\/v2\/product_brand?post=132838"},{"taxonomy":"product_cat","embeddable":true,"href":"https:\/\/watchdeluxe.it\/fr\/wp-json\/wp\/v2\/product_cat?post=132838"},{"taxonomy":"product_tag","embeddable":true,"href":"https:\/\/watchdeluxe.it\/fr\/wp-json\/wp\/v2\/product_tag?post=132838"},{"taxonomy":"berocket_brand","embeddable":true,"href":"https:\/\/watchdeluxe.it\/fr\/wp-json\/wp\/v2\/berocket_brand?post=132838"},{"taxonomy":"woo-feed-brand","embeddable":true,"href":"https:\/\/watchdeluxe.it\/fr\/wp-json\/wp\/v2\/woo-feed-brand?post=132838"}],"curies":[{"name":"wp","href":"https:\/\/api.w.org\/{rel}","templated":true}]}}