{"id":126026,"date":"2023-03-17T19:08:42","date_gmt":"2023-03-17T18:08:42","guid":{"rendered":"https:\/\/watchdeluxe.it\/prodotto\/longines-dolcevita-lady-ref-l52580716\/"},"modified":"2023-03-17T19:08:42","modified_gmt":"2023-03-17T18:08:42","slug":"longines-dolcevita-lady-ref-l52580716","status":"publish","type":"product","link":"https:\/\/watchdeluxe.it\/fr\/prodotto\/longines-dolcevita-lady-ref-l52580716\/","title":{"rendered":"Longines Dolcevita lady r\u00e9f. L52580716"},"content":{"rendered":"<p>Longines Dolcevita lady r\u00e9f. L52580716<\/p>\n<p>\u00e9tui avec des brillants<\/p>\n<p>taille du bo\u00eetier 17,4 x 27 mm<\/p>\n<p>mouvement \u00e0 quartz<\/p>\n","protected":false},"excerpt":{"rendered":"<p>Longines Dolcevita lady r\u00e9f. L52580716 \u00e9tui avec des brillants taille du bo\u00eetier 17,4 x 27 mm mouvement \u00e0 quartz<\/p>\n","protected":false},"featured_media":126027,"template":"","meta":{"_crdt_document":"","advanced_seo_description":"","jetpack_seo_html_title":"","jetpack_seo_noindex":false},"product_brand":[2151],"product_cat":[2188],"product_tag":[3205,2983,2842],"berocket_brand":[],"woo-feed-brand":[],"class_list":{"0":"post-126026","1":"product","2":"type-product","3":"status-publish","4":"has-post-thumbnail","6":"product_brand-longines","7":"product_cat-longines-fr","8":"product_tag-col-roule","9":"product_tag-hydroconquest-fr","10":"product_tag-quartz-fr","12":"first","13":"instock","14":"sale","15":"taxable","16":"shipping-taxable","17":"purchasable","18":"product-type-simple"},"bundled_by":[],"bundle_stock_status":"instock","bundle_stock_quantity":1,"bundle_virtual":false,"bundle_layout":"","bundle_add_to_cart_form_location":"","bundle_editable_in_cart":false,"bundle_sold_individually_context":"","bundle_item_grouping":"","bundle_min_size":"","bundle_max_size":"","bundle_price":[],"bundled_items":[],"bundle_sell_ids":[],"group_of_quantity":0,"min_quantity":0,"max_quantity":"","exclude_order_quantity_value_rules":"no","exclude_category_quantity_rules":"no","combine_variations":"no","jetpack_sharing_enabled":true,"jetpack_likes_enabled":true,"_links":{"self":[{"href":"https:\/\/watchdeluxe.it\/fr\/wp-json\/wp\/v2\/product\/126026","targetHints":{"allow":["GET"]}}],"collection":[{"href":"https:\/\/watchdeluxe.it\/fr\/wp-json\/wp\/v2\/product"}],"about":[{"href":"https:\/\/watchdeluxe.it\/fr\/wp-json\/wp\/v2\/types\/product"}],"wp:featuredmedia":[{"embeddable":true,"href":"https:\/\/watchdeluxe.it\/fr\/wp-json\/wp\/v2\/media\/126027"}],"wp:attachment":[{"href":"https:\/\/watchdeluxe.it\/fr\/wp-json\/wp\/v2\/media?parent=126026"}],"wp:term":[{"taxonomy":"product_brand","embeddable":true,"href":"https:\/\/watchdeluxe.it\/fr\/wp-json\/wp\/v2\/product_brand?post=126026"},{"taxonomy":"product_cat","embeddable":true,"href":"https:\/\/watchdeluxe.it\/fr\/wp-json\/wp\/v2\/product_cat?post=126026"},{"taxonomy":"product_tag","embeddable":true,"href":"https:\/\/watchdeluxe.it\/fr\/wp-json\/wp\/v2\/product_tag?post=126026"},{"taxonomy":"berocket_brand","embeddable":true,"href":"https:\/\/watchdeluxe.it\/fr\/wp-json\/wp\/v2\/berocket_brand?post=126026"},{"taxonomy":"woo-feed-brand","embeddable":true,"href":"https:\/\/watchdeluxe.it\/fr\/wp-json\/wp\/v2\/woo-feed-brand?post=126026"}],"curies":[{"name":"wp","href":"https:\/\/api.w.org\/{rel}","templated":true}]}}