{"id":125837,"date":"2025-11-18T16:07:14","date_gmt":"2025-11-18T15:07:14","guid":{"rendered":"https:\/\/watchdeluxe.it\/prodotto\/longines-primaluna-ref-l81244876\/"},"modified":"2025-11-18T16:07:14","modified_gmt":"2025-11-18T15:07:14","slug":"longines-primaluna-ref-l81244876","status":"publish","type":"product","link":"https:\/\/watchdeluxe.it\/fr\/prodotto\/longines-primaluna-ref-l81244876\/","title":{"rendered":"Longines Primaluna ref. L81244876"},"content":{"rendered":"<p>Longines Primaluna ref. L81244876<\/p>\n<ul>\n<li class=\"ProductPageData_Item__oMdBV\" data-code=\"mvt_fct_type\">\n<h3 class=\"text-cta pointer-events-none m-0 text-inherit\" aria-hidden=\"false\">Type de mouvement<\/h3>\n<div class=\"pointer-events-none m-0 text-gray-medium\" aria-hidden=\"false\">\n<p class=\"text-smallParagraph m-0\">Automatique<\/p>\n<\/div>\n<\/li>\n<li class=\"ProductPageData_Item__oMdBV\" data-code=\"mvt_fct_functions\">\n<h3 class=\"text-cta pointer-events-none m-0 text-inherit\" aria-hidden=\"false\">Fonction<\/h3>\n<div class=\"pointer-events-none m-0 text-gray-medium\" aria-hidden=\"false\">\n<p class=\"text-smallParagraph m-0\">Heures, minutes, secondes et date<\/p>\n<\/div>\n<\/li>\n<li class=\"ProductPageData_Item__oMdBV\" data-code=\"mvt_fct_calibre_name\">\n<h3 class=\"text-cta pointer-events-none m-0 text-inherit\" aria-hidden=\"false\">Calibre<\/h3>\n<div class=\"pointer-events-none m-0 text-gray-medium\" aria-hidden=\"false\">\n<p class=\"text-smallParagraph m-0\">L888<\/p>\n<\/div>\n<\/li>\n<li class=\"ProductPageData_Item__oMdBV\" data-code=\"mvt_fct_calibre\">\n<h3 class=\"text-cta pointer-events-none m-0 text-inherit\" aria-hidden=\"false\">Description du mouvement<\/h3>\n<div class=\"pointer-events-none m-0 text-gray-medium\" aria-hidden=\"false\">\n<p class=\"text-smallParagraph m-0\">Mouvement m\u00e9canique \u00e0 remontage automatique avec une fr\u00e9quence de 25&#8217;200 alternances par heure et une r\u00e9serve de marche d&#8217;environ 72 heures, spiral en silicium monocristallin.<\/p>\n<\/div>\n<\/li>\n<\/ul>\n<div id=\"radix-:r5:\" class=\"data-[state=closed]:animate-collapsible-up data-[state=open]:animate-collapsible-down overflow-hidden text-sm\" role=\"region\" data-state=\"open\" aria-labelledby=\"radix-:r4:\" data-orientation=\"vertical\" data-slot=\"accordion-content\">\n<div class=\"py-[15px]\">\n<ul class=\"ProductPageData_List__zkFdZ\">\n<li class=\"ProductPageData_Item__oMdBV\" data-code=\"case_shape\">\n<h3 class=\"text-cta pointer-events-none m-0 text-inherit\" aria-hidden=\"false\">Formulaire<\/h3>\n<div class=\"pointer-events-none m-0 text-gray-medium\" aria-hidden=\"false\">\n<p class=\"text-smallParagraph m-0\">Rotonde<\/p>\n<\/div>\n<\/li>\n<li class=\"ProductPageData_Item__oMdBV\" data-code=\"case_material\">\n<h3 class=\"text-cta pointer-events-none m-0 text-inherit\" aria-hidden=\"false\">Mat\u00e9riau<\/h3>\n<div class=\"pointer-events-none m-0 text-gray-medium\" aria-hidden=\"false\">\n<p class=\"text-smallParagraph m-0\">Acier inoxydable<\/p>\n<\/div>\n<\/li>\n<li class=\"ProductPageData_Item__oMdBV\" data-code=\"case_glass\">\n<h3 class=\"text-cta pointer-events-none m-0 text-inherit\" aria-hidden=\"false\">Verre<\/h3>\n<div class=\"pointer-events-none m-0 text-gray-medium\" aria-hidden=\"false\">\n<p class=\"text-smallParagraph m-0\">Verre saphir inrayable avec traitement antireflet multicouche sur les deux faces<\/p>\n<\/div>\n<\/li>\n<li class=\"ProductPageData_Item__oMdBV\" data-code=\"case_case_back\">\n<h3 class=\"text-cta pointer-events-none m-0 text-inherit\" aria-hidden=\"false\">Dos de l&#8217;\u00e9tui<\/h3>\n<div class=\"pointer-events-none m-0 text-gray-medium\" aria-hidden=\"false\">\n<p class=\"text-smallParagraph m-0\">Fond transparent en verre saphir<\/p>\n<\/div>\n<\/li>\n<li class=\"ProductPageData_Item__oMdBV\" data-code=\"case_dimension\">\n<h3 class=\"text-cta pointer-events-none m-0 text-inherit\" aria-hidden=\"false\">Dimensions<\/h3>\n<div class=\"pointer-events-none m-0 text-gray-medium\" aria-hidden=\"false\">\n<p class=\"text-smallParagraph m-0\">34,00 mm dia.<\/p>\n<\/div>\n<\/li>\n<li class=\"ProductPageData_Item__oMdBV\" data-code=\"case_lug_distance\">\n<h3 class=\"text-cta pointer-events-none m-0 text-inherit\" aria-hidden=\"false\">Distance entre les boucles<\/h3>\n<div class=\"pointer-events-none m-0 text-gray-medium\" aria-hidden=\"false\">\n<p class=\"text-smallParagraph m-0\">8 mm<\/p>\n<\/div>\n<\/li>\n<li class=\"ProductPageData_Item__oMdBV\" data-code=\"case_lug_to_lug\">\n<h3 class=\"text-cta pointer-events-none m-0 text-inherit\" aria-hidden=\"false\">De l&#8217;anse \u00e0 l&#8217;anse<\/h3>\n<div class=\"pointer-events-none m-0 text-gray-medium\" aria-hidden=\"false\">\n<p class=\"text-smallParagraph m-0\">41,00 mm<\/p>\n<\/div>\n<\/li>\n<li class=\"ProductPageData_Item__oMdBV\" data-code=\"case_thickness\">\n<h3 class=\"text-cta pointer-events-none m-0 text-inherit\" aria-hidden=\"false\">\u00c9paisseur<\/h3>\n<div class=\"pointer-events-none m-0 text-gray-medium\" aria-hidden=\"false\">\n<p class=\"text-smallParagraph m-0\">9,70 mm<\/p>\n<\/div>\n<\/li>\n<li class=\"ProductPageData_Item__oMdBV\" data-code=\"case_water_resistance\">\n<h3 class=\"text-cta pointer-events-none m-0 text-inherit\" aria-hidden=\"false\">Imperm\u00e9able \u00e0 l&#8217;eau<\/h3>\n<div class=\"pointer-events-none m-0 text-gray-medium\" aria-hidden=\"false\">\n<p class=\"text-smallParagraph m-0\">\u00c9tanch\u00e9it\u00e9 jusqu&#8217;\u00e0 3 bars<\/p>\n<\/div>\n<\/li>\n<li class=\"ProductPageData_Item__oMdBV\" data-code=\"case_weight\">\n<h3 class=\"text-cta pointer-events-none m-0 text-inherit\" aria-hidden=\"false\">Poids<\/h3>\n<div class=\"pointer-events-none m-0 text-gray-medium\" aria-hidden=\"false\">\n<p class=\"text-smallParagraph m-0\">100.0 g<\/p>\n<\/div>\n<\/li>\n<\/ul>\n<\/div>\n<\/div>\n","protected":false},"excerpt":{"rendered":"<p>Longines Primaluna ref. L81244876 Type de mouvement Automatique Fonction Heures, minutes, secondes et date Calibre L888 Description du mouvement Mouvement m\u00e9canique \u00e0 remontage automatique avec une fr\u00e9quence de 25&#8217;200 alternances par heure et une r\u00e9serve de marche d&#8217;environ 72 heures, spiral en silicium monocristallin. Formulaire Rotonde Mat\u00e9riau Acier inoxydable Verre Verre saphir inrayable avec traitement [&hellip;]<\/p>\n","protected":false},"featured_media":125838,"template":"","meta":{"_crdt_document":"","advanced_seo_description":"","jetpack_seo_html_title":"","jetpack_seo_noindex":false},"product_brand":[2151],"product_cat":[2188],"product_tag":[3054],"berocket_brand":[],"woo-feed-brand":[],"class_list":{"0":"post-125837","1":"product","2":"type-product","3":"status-publish","4":"has-post-thumbnail","6":"product_brand-longines","7":"product_cat-longines-fr","8":"product_tag-primaluna-fr","10":"first","11":"instock","12":"sale","13":"taxable","14":"shipping-taxable","15":"purchasable","16":"product-type-simple"},"bundled_by":[],"bundle_stock_status":"instock","bundle_stock_quantity":1,"bundle_virtual":false,"bundle_layout":"","bundle_add_to_cart_form_location":"","bundle_editable_in_cart":false,"bundle_sold_individually_context":"","bundle_item_grouping":"","bundle_min_size":"","bundle_max_size":"","bundle_price":[],"bundled_items":[],"bundle_sell_ids":[],"group_of_quantity":0,"min_quantity":0,"max_quantity":"","exclude_order_quantity_value_rules":"no","exclude_category_quantity_rules":"no","combine_variations":"no","jetpack_sharing_enabled":true,"jetpack_likes_enabled":true,"_links":{"self":[{"href":"https:\/\/watchdeluxe.it\/fr\/wp-json\/wp\/v2\/product\/125837","targetHints":{"allow":["GET"]}}],"collection":[{"href":"https:\/\/watchdeluxe.it\/fr\/wp-json\/wp\/v2\/product"}],"about":[{"href":"https:\/\/watchdeluxe.it\/fr\/wp-json\/wp\/v2\/types\/product"}],"wp:featuredmedia":[{"embeddable":true,"href":"https:\/\/watchdeluxe.it\/fr\/wp-json\/wp\/v2\/media\/125838"}],"wp:attachment":[{"href":"https:\/\/watchdeluxe.it\/fr\/wp-json\/wp\/v2\/media?parent=125837"}],"wp:term":[{"taxonomy":"product_brand","embeddable":true,"href":"https:\/\/watchdeluxe.it\/fr\/wp-json\/wp\/v2\/product_brand?post=125837"},{"taxonomy":"product_cat","embeddable":true,"href":"https:\/\/watchdeluxe.it\/fr\/wp-json\/wp\/v2\/product_cat?post=125837"},{"taxonomy":"product_tag","embeddable":true,"href":"https:\/\/watchdeluxe.it\/fr\/wp-json\/wp\/v2\/product_tag?post=125837"},{"taxonomy":"berocket_brand","embeddable":true,"href":"https:\/\/watchdeluxe.it\/fr\/wp-json\/wp\/v2\/berocket_brand?post=125837"},{"taxonomy":"woo-feed-brand","embeddable":true,"href":"https:\/\/watchdeluxe.it\/fr\/wp-json\/wp\/v2\/woo-feed-brand?post=125837"}],"curies":[{"name":"wp","href":"https:\/\/api.w.org\/{rel}","templated":true}]}}