{"id":125780,"date":"2025-11-18T15:43:43","date_gmt":"2025-11-18T14:43:43","guid":{"rendered":"https:\/\/watchdeluxe.it\/prodotto\/tag-heuer-formula-1-chronographe-ref-cbz2082-bf0009\/"},"modified":"2026-01-19T11:13:06","modified_gmt":"2026-01-19T10:13:06","slug":"tag-heuer-formula-1-chronographe-ref-cbz2082-bf0009","status":"publish","type":"product","link":"https:\/\/watchdeluxe.it\/fr\/prodotto\/tag-heuer-formula-1-chronographe-ref-cbz2082-bf0009\/","title":{"rendered":"Tag Heuer Formula 1 chronographe ref. CBZ2082.BF0009"},"content":{"rendered":"<p>Tag Heuer Formula 1 chronographe ref. CBZ2082.BF0009<\/p>\n<div class=\"row\">\n<div class=\"col-5 col-lg-4\">Type Chronographe<\/div>\n<\/div>\n<div class=\"row\">\n<div class=\"col-5 col-lg-4\">Mouvement automatique<\/div>\n<\/div>\n<div class=\"row\">\n<div class=\"col-5 col-lg-4\">Dimensions du bo\u00eetier \u00d8 44 MM<\/div>\n<\/div>\n<div class=\"row\">\n<div class=\"col-5 col-lg-4\">Mat\u00e9riau Titane<\/div>\n<\/div>\n<div class=\"row\">\n<div class=\"col-5 col-lg-4\">Bracelet en titane<\/div>\n<\/div>\n<div class=\"row\">\n<div class=\"col-5 col-lg-4\">R\u00e9sistance \u00e0 l&#8217;eau 20 ATM<\/div>\n<\/div>\n<div class=\"row\">\n<div class=\"col-5 col-lg-4\">Cadran noir, opalin, rouge<\/div>\n<\/div>\n<div class=\"row\">\n<div class=\"col-5 col-lg-4\">Verre saphir<\/div>\n<\/div>\n<div class=\"row\">\n<div class=\"col-5 col-lg-4\">Fermeture par pliage<\/div>\n<\/div>\n<div class=\"row\">\n<div class=\"col-7 col-lg-8\"><\/div>\n<\/div>\n","protected":false},"excerpt":{"rendered":"<p>Tag Heuer Formula 1 chronographe ref. CBZ2082.BF0009 Type Chronographe Mouvement automatique Dimensions du bo\u00eetier \u00d8 44 MM Mat\u00e9riau Titane Bracelet en titane R\u00e9sistance \u00e0 l&#8217;eau 20 ATM Cadran noir, opalin, rouge Verre saphir Fermeture par pliage<\/p>\n","protected":false},"featured_media":125781,"template":"","meta":{"_crdt_document":"","advanced_seo_description":"","jetpack_seo_html_title":"","jetpack_seo_noindex":false},"product_brand":[2161],"product_cat":[1920],"product_tag":[4179],"berocket_brand":[],"woo-feed-brand":[],"class_list":{"0":"post-125780","1":"product","2":"type-product","3":"status-publish","4":"has-post-thumbnail","6":"product_brand-tag-heuer","7":"product_cat-tag-heuer","8":"product_tag-formula-1-2","10":"first","11":"instock","12":"sale","13":"taxable","14":"shipping-taxable","15":"purchasable","16":"product-type-simple"},"bundled_by":[],"bundle_stock_status":"instock","bundle_stock_quantity":1,"bundle_virtual":false,"bundle_layout":"","bundle_add_to_cart_form_location":"","bundle_editable_in_cart":false,"bundle_sold_individually_context":"","bundle_item_grouping":"","bundle_min_size":"","bundle_max_size":"","bundle_price":[],"bundled_items":[],"bundle_sell_ids":[],"group_of_quantity":0,"min_quantity":0,"max_quantity":"","exclude_order_quantity_value_rules":"no","exclude_category_quantity_rules":"no","combine_variations":"no","jetpack_sharing_enabled":true,"jetpack_likes_enabled":true,"_links":{"self":[{"href":"https:\/\/watchdeluxe.it\/fr\/wp-json\/wp\/v2\/product\/125780","targetHints":{"allow":["GET"]}}],"collection":[{"href":"https:\/\/watchdeluxe.it\/fr\/wp-json\/wp\/v2\/product"}],"about":[{"href":"https:\/\/watchdeluxe.it\/fr\/wp-json\/wp\/v2\/types\/product"}],"wp:featuredmedia":[{"embeddable":true,"href":"https:\/\/watchdeluxe.it\/fr\/wp-json\/wp\/v2\/media\/125781"}],"wp:attachment":[{"href":"https:\/\/watchdeluxe.it\/fr\/wp-json\/wp\/v2\/media?parent=125780"}],"wp:term":[{"taxonomy":"product_brand","embeddable":true,"href":"https:\/\/watchdeluxe.it\/fr\/wp-json\/wp\/v2\/product_brand?post=125780"},{"taxonomy":"product_cat","embeddable":true,"href":"https:\/\/watchdeluxe.it\/fr\/wp-json\/wp\/v2\/product_cat?post=125780"},{"taxonomy":"product_tag","embeddable":true,"href":"https:\/\/watchdeluxe.it\/fr\/wp-json\/wp\/v2\/product_tag?post=125780"},{"taxonomy":"berocket_brand","embeddable":true,"href":"https:\/\/watchdeluxe.it\/fr\/wp-json\/wp\/v2\/berocket_brand?post=125780"},{"taxonomy":"woo-feed-brand","embeddable":true,"href":"https:\/\/watchdeluxe.it\/fr\/wp-json\/wp\/v2\/woo-feed-brand?post=125780"}],"curies":[{"name":"wp","href":"https:\/\/api.w.org\/{rel}","templated":true}]}}