{"id":125696,"date":"2025-11-18T15:18:19","date_gmt":"2025-11-18T14:18:19","guid":{"rendered":"https:\/\/watchdeluxe.it\/prodotto\/breitling-superocean-heritage-b01-chronograph-42-ref-ab0156361l1a1\/"},"modified":"2025-11-18T15:18:19","modified_gmt":"2025-11-18T14:18:19","slug":"breitling-superocean-heritage-b01-chronograph-42-ref-ab0156361l1a1","status":"publish","type":"product","link":"https:\/\/watchdeluxe.it\/fr\/prodotto\/breitling-superocean-heritage-b01-chronograph-42-ref-ab0156361l1a1\/","title":{"rendered":"Breitling Superocean Heritage B01 Chronograph 42 ref. AB0156361L1A1"},"content":{"rendered":"<p>Breitling Superocean Heritage B01 Chronograph 42 ref. AB0156361L1A1<\/p>\n<div class=\"sc-59f902fd-0 kSDZnm sc-775239fa-2 gyncjb\" data-test-id=\"Section\">\n<p class=\"sc-59f902fd-0 kSDZnm sc-99f1fd2f-0 NUQxh sc-775239fa-4 fFNCfx\" data-test-id=\"SectionTitle\">Mouvement<\/p>\n<div class=\"sc-59f902fd-0 kSDZnm sc-32f8a63d-0 iKoONW sc-775239fa-5 joBhIr\" data-test-id=\"NameValueWrapper-0\">\n<p class=\"sc-59f902fd-0 kSDZnm sc-99f1fd2f-0 NUQxh sc-775239fa-6 jrKSrx\" data-test-id=\"Name-0\">Breitling Calibre 01 (Manufacture) M\u00e9canique \u00e0 remontage automatique<\/p>\n<\/div>\n<div class=\"sc-59f902fd-0 kSDZnm sc-32f8a63d-0 iKoONW sc-775239fa-5 joBhIr\" data-test-id=\"NameValueWrapper-2\">\n<p class=\"sc-59f902fd-0 kSDZnm sc-99f1fd2f-0 NUQxh sc-775239fa-6 jrKSrx\" data-test-id=\"Name-2\">R\u00e9serve de marche Environ 70 heures<\/p>\n<\/div>\n<div class=\"sc-59f902fd-0 kSDZnm sc-32f8a63d-0 iKoONW sc-775239fa-5 joBhIr\" data-test-id=\"NameValueWrapper-3\">\n<p class=\"sc-59f902fd-0 kSDZnm sc-99f1fd2f-0 NUQxh sc-775239fa-6 jrKSrx\" data-test-id=\"Name-3\">Chronographe 1\/4 de seconde, 30 minutes<\/p>\n<\/div>\n<div class=\"sc-59f902fd-0 kSDZnm sc-32f8a63d-0 iKoONW sc-775239fa-5 joBhIr\" data-test-id=\"NameValueWrapper-4\">\n<p class=\"sc-59f902fd-0 kSDZnm sc-99f1fd2f-0 NUQxh sc-775239fa-6 jrKSrx\" data-test-id=\"Name-4\">Vibration 28 800 a\/h<\/p>\n<\/div>\n<div class=\"sc-59f902fd-0 kSDZnm sc-32f8a63d-0 iKoONW sc-775239fa-5 joBhIr\" data-test-id=\"NameValueWrapper-6\">\n<p class=\"sc-59f902fd-0 kSDZnm sc-99f1fd2f-0 NUQxh sc-775239fa-6 jrKSrx\" data-test-id=\"Name-6\">Calendrier Une fen\u00eatre dans le cadran<\/p>\n<\/div>\n<\/div>\n<div class=\"sc-59f902fd-0 kSDZnm sc-775239fa-2 gyncjb\" data-test-id=\"Section\">\n<div class=\"sc-59f902fd-0 kSDZnm sc-32f8a63d-0 iKoONW sc-775239fa-5 joBhIr\" data-test-id=\"NameValueWrapper-0\">\n<p class=\"sc-59f902fd-0 kSDZnm sc-99f1fd2f-0 NUQxh sc-775239fa-6 jrKSrx\" data-test-id=\"Name-0\">Mat\u00e9riau du bo\u00eetier Acier inoxydable<\/p>\n<\/div>\n<div class=\"sc-59f902fd-0 kSDZnm sc-32f8a63d-0 iKoONW sc-775239fa-5 joBhIr\" data-test-id=\"NameValueWrapper-1\">\n<p class=\"sc-59f902fd-0 kSDZnm sc-99f1fd2f-0 NUQxh sc-775239fa-6 jrKSrx\" data-test-id=\"Name-1\">Fond viss\u00e9 (verre saphir)<\/p>\n<\/div>\n<div class=\"sc-59f902fd-0 kSDZnm sc-32f8a63d-0 iKoONW sc-775239fa-5 joBhIr\" data-test-id=\"NameValueWrapper-2\">\n<p class=\"sc-59f902fd-0 kSDZnm sc-99f1fd2f-0 NUQxh sc-775239fa-6 jrKSrx\" data-test-id=\"Name-2\">R\u00e9sistance \u00e0 l&#8217;eau 20 bars (200 m\/660 ft)<\/p>\n<\/div>\n<\/div>\n<div class=\"sc-59f902fd-0 kSDZnm sc-775239fa-2 gyncjb\" data-test-id=\"Section\">\n<div class=\"sc-59f902fd-0 kSDZnm sc-32f8a63d-0 iKoONW sc-775239fa-5 joBhIr\" data-test-id=\"NameValueWrapper-3\">\n<p class=\"sc-59f902fd-0 kSDZnm sc-99f1fd2f-0 NUQxh sc-775239fa-6 jrKSrx\" data-test-id=\"Name-3\">Lunette unidirectionnelle avec stop<\/p>\n<\/div>\n<div class=\"sc-59f902fd-0 kSDZnm sc-32f8a63d-0 iKoONW sc-775239fa-5 joBhIr\" data-test-id=\"NameValueWrapper-4\">\n<p class=\"sc-59f902fd-0 kSDZnm sc-99f1fd2f-0 NUQxh sc-775239fa-6 jrKSrx\" data-test-id=\"Name-4\">Vis \u00e0 couronne, deux joints<\/p>\n<\/div>\n<div class=\"sc-59f902fd-0 kSDZnm sc-32f8a63d-0 iKoONW sc-775239fa-5 joBhIr\" data-test-id=\"NameValueWrapper-5\">\n<div class=\"sc-59f902fd-0 kSDZnm sc-775239fa-8 hDaueI\" data-test-id=\"ValueBox-5\">\n<p class=\"sc-59f902fd-0 kSDZnm sc-99f1fd2f-0 NUQxh sc-775239fa-7 fxixRU\" data-test-id=\"Value-5\">Saphir convexe, antireflet sur les deux faces<\/p>\n<\/div>\n<\/div>\n<\/div>\n<div class=\"sc-59f902fd-0 kSDZnm sc-775239fa-2 gyncjb\" data-test-id=\"Section\">\n<div class=\"sc-59f902fd-0 kSDZnm sc-32f8a63d-0 iKoONW sc-775239fa-5 joBhIr\" data-test-id=\"NameValueWrapper-1\">\n<div class=\"sc-59f902fd-0 kSDZnm sc-775239fa-8 hDaueI\" data-test-id=\"ValueBox-1\">\n<p class=\"sc-59f902fd-0 kSDZnm sc-99f1fd2f-0 NUQxh sc-775239fa-7 fxixRU\" data-test-id=\"Value-1\">\n<\/div>\n<\/div>\n<div class=\"sc-59f902fd-0 kSDZnm sc-32f8a63d-0 iKoONW sc-775239fa-5 joBhIr\" data-test-id=\"NameValueWrapper-2\">\n<p class=\"sc-59f902fd-0 kSDZnm sc-99f1fd2f-0 NUQxh sc-775239fa-6 jrKSrx\" data-test-id=\"Name-2\">Diam\u00e8tre 42 mm<\/p>\n<\/div>\n<div class=\"sc-59f902fd-0 kSDZnm sc-32f8a63d-0 iKoONW sc-775239fa-5 joBhIr\" data-test-id=\"NameValueWrapper-3\"><\/div>\n<\/div>\n<div class=\"sc-59f902fd-0 kSDZnm sc-775239fa-2 gyncjb\" data-test-id=\"Section\">\n<div class=\"sc-59f902fd-0 kSDZnm sc-32f8a63d-0 iKoONW sc-775239fa-5 joBhIr\" data-test-id=\"NameValueWrapper-0\">\n<p class=\"sc-59f902fd-0 kSDZnm sc-99f1fd2f-0 NUQxh sc-775239fa-6 jrKSrx\" data-test-id=\"Name-0\">Mat\u00e9riau du bracelet Acier inoxydable<\/p>\n<\/div>\n<div class=\"sc-59f902fd-0 kSDZnm sc-32f8a63d-0 iKoONW sc-775239fa-5 joBhIr\" data-test-id=\"NameValueWrapper-1\">\n<p class=\"sc-59f902fd-0 kSDZnm sc-99f1fd2f-0 NUQxh sc-775239fa-6 jrKSrx\" data-test-id=\"Name-1\">Couleur du bracelet Bracelet en m\u00e9tal<\/p>\n<\/div>\n<div class=\"sc-59f902fd-0 kSDZnm sc-32f8a63d-0 iKoONW sc-775239fa-5 joBhIr\" data-test-id=\"NameValueWrapper-2\"><\/div>\n<div class=\"sc-59f902fd-0 kSDZnm sc-32f8a63d-0 iKoONW sc-775239fa-5 joBhIr\" data-test-id=\"NameValueWrapper-3\">\n<div class=\"sc-59f902fd-0 kSDZnm sc-775239fa-8 hDaueI\" data-test-id=\"ValueBox-3\">\n<p class=\"sc-59f902fd-0 kSDZnm sc-99f1fd2f-0 NUQxh sc-775239fa-7 fxixRU\" data-test-id=\"Value-3\">\n<\/div>\n<\/div>\n<\/div>\n","protected":false},"excerpt":{"rendered":"<p>Breitling Superocean Heritage B01 Chronograph 42 ref. AB0156361L1A1 Mouvement Breitling Calibre 01 (Manufacture) M\u00e9canique \u00e0 remontage automatique R\u00e9serve de marche Environ 70 heures Chronographe 1\/4 de seconde, 30 minutes Vibration 28 800 a\/h Calendrier Une fen\u00eatre dans le cadran Mat\u00e9riau du bo\u00eetier Acier inoxydable Fond viss\u00e9 (verre saphir) R\u00e9sistance \u00e0 l&#8217;eau 20 bars (200 m\/660 [&hellip;]<\/p>\n","protected":false},"featured_media":125697,"template":"","meta":{"_crdt_document":"","advanced_seo_description":"","jetpack_seo_html_title":"","jetpack_seo_noindex":false,"jetpack_post_was_ever_published":false},"product_brand":[2143],"product_cat":[1914],"product_tag":[1440],"berocket_brand":[],"woo-feed-brand":[],"class_list":{"0":"post-125696","1":"product","2":"type-product","3":"status-publish","4":"has-post-thumbnail","6":"product_brand-breitling","7":"product_cat-breitling","8":"product_tag-superocean","10":"first","11":"instock","12":"sale","13":"taxable","14":"shipping-taxable","15":"purchasable","16":"product-type-simple"},"bundled_by":[],"bundle_stock_status":"instock","bundle_stock_quantity":1,"bundle_virtual":false,"bundle_layout":"","bundle_add_to_cart_form_location":"","bundle_editable_in_cart":false,"bundle_sold_individually_context":"","bundle_item_grouping":"","bundle_min_size":"","bundle_max_size":"","bundle_price":[],"bundled_items":[],"bundle_sell_ids":[],"group_of_quantity":0,"min_quantity":0,"max_quantity":"","exclude_order_quantity_value_rules":"no","exclude_category_quantity_rules":"no","combine_variations":"no","exclude_global_add_ons":[],"addons":[],"jetpack_sharing_enabled":true,"jetpack_likes_enabled":true,"_links":{"self":[{"href":"https:\/\/watchdeluxe.it\/fr\/wp-json\/wp\/v2\/product\/125696","targetHints":{"allow":["GET"]}}],"collection":[{"href":"https:\/\/watchdeluxe.it\/fr\/wp-json\/wp\/v2\/product"}],"about":[{"href":"https:\/\/watchdeluxe.it\/fr\/wp-json\/wp\/v2\/types\/product"}],"wp:featuredmedia":[{"embeddable":true,"href":"https:\/\/watchdeluxe.it\/fr\/wp-json\/wp\/v2\/media\/125697"}],"wp:attachment":[{"href":"https:\/\/watchdeluxe.it\/fr\/wp-json\/wp\/v2\/media?parent=125696"}],"wp:term":[{"taxonomy":"product_brand","embeddable":true,"href":"https:\/\/watchdeluxe.it\/fr\/wp-json\/wp\/v2\/product_brand?post=125696"},{"taxonomy":"product_cat","embeddable":true,"href":"https:\/\/watchdeluxe.it\/fr\/wp-json\/wp\/v2\/product_cat?post=125696"},{"taxonomy":"product_tag","embeddable":true,"href":"https:\/\/watchdeluxe.it\/fr\/wp-json\/wp\/v2\/product_tag?post=125696"},{"taxonomy":"berocket_brand","embeddable":true,"href":"https:\/\/watchdeluxe.it\/fr\/wp-json\/wp\/v2\/berocket_brand?post=125696"},{"taxonomy":"woo-feed-brand","embeddable":true,"href":"https:\/\/watchdeluxe.it\/fr\/wp-json\/wp\/v2\/woo-feed-brand?post=125696"}],"curies":[{"name":"wp","href":"https:\/\/api.w.org\/{rel}","templated":true}]}}