{"id":125649,"date":"2025-11-18T15:03:55","date_gmt":"2025-11-18T14:03:55","guid":{"rendered":"https:\/\/watchdeluxe.it\/prodotto\/hamilton-ventura-edge-skeleton-ref-h24635330\/"},"modified":"2026-04-10T15:35:05","modified_gmt":"2026-04-10T13:35:05","slug":"hamilton-ventura-edge-skeleton-ref-h24635330","status":"publish","type":"product","link":"https:\/\/watchdeluxe.it\/fr\/prodotto\/hamilton-ventura-edge-skeleton-ref-h24635330\/","title":{"rendered":"Hamilton Ventura Edge Skeleton ref. H24635330"},"content":{"rendered":"<p>Hamilton Ventura Edge Skeleton ref. H24635330<\/p>\n<p>Le bo\u00eetier, qui mesure 51 x 47 mm, est en acier inoxydable avec une finition en PVD noir. Il est \u00e9galement \u00e9quip\u00e9 d&#8217;un verre saphir avec technologie antireflet et Nivachron. La distance entre les cornes est de 23 mm. Etanch\u00e9it\u00e9 garantie jusqu&#8217;\u00e0 5 bar\/50m.<\/p>\n<p>Le cadran est noir et le mouvement est visible. On y trouve les fonctions heures, minutes et secondes. Le tour d&#8217;heures est constitu\u00e9 d&#8217;index appliqu\u00e9s.<\/p>\n<p>Le bracelet est en caoutchouc noir et poss\u00e8de \u00e9galement une boucle \u00e0 ardillon.<\/p>\n","protected":false},"excerpt":{"rendered":"<p>Hamilton Ventura Edge Skeleton ref. H24635330 Le bo\u00eetier, qui mesure 51 x 47 mm, est en acier inoxydable avec une finition en PVD noir. Il est \u00e9galement \u00e9quip\u00e9 d&#8217;un verre saphir avec technologie antireflet et Nivachron. La distance entre les cornes est de 23 mm. Etanch\u00e9it\u00e9 garantie jusqu&#8217;\u00e0 5 bar\/50m. Le cadran est noir et [&hellip;]<\/p>\n","protected":false},"featured_media":167871,"template":"","meta":{"_crdt_document":"","advanced_seo_description":"","jetpack_seo_html_title":"","jetpack_seo_noindex":false},"product_brand":[],"product_cat":[1915],"product_tag":[1524],"berocket_brand":[],"woo-feed-brand":[],"class_list":{"0":"post-125649","1":"product","2":"type-product","3":"status-publish","4":"has-post-thumbnail","6":"product_cat-hamilton","7":"product_tag-ventura","9":"first","10":"instock","11":"sale","12":"taxable","13":"shipping-taxable","14":"purchasable","15":"product-type-simple"},"bundled_by":[],"bundle_stock_status":"instock","bundle_stock_quantity":1,"bundle_virtual":false,"bundle_layout":"","bundle_add_to_cart_form_location":"","bundle_editable_in_cart":false,"bundle_sold_individually_context":"","bundle_item_grouping":"","bundle_min_size":"","bundle_max_size":"","bundle_price":[],"bundled_items":[],"bundle_sell_ids":[],"group_of_quantity":0,"min_quantity":0,"max_quantity":"","exclude_order_quantity_value_rules":"no","exclude_category_quantity_rules":"no","combine_variations":"no","jetpack_sharing_enabled":true,"jetpack_likes_enabled":true,"_links":{"self":[{"href":"https:\/\/watchdeluxe.it\/fr\/wp-json\/wp\/v2\/product\/125649","targetHints":{"allow":["GET"]}}],"collection":[{"href":"https:\/\/watchdeluxe.it\/fr\/wp-json\/wp\/v2\/product"}],"about":[{"href":"https:\/\/watchdeluxe.it\/fr\/wp-json\/wp\/v2\/types\/product"}],"wp:featuredmedia":[{"embeddable":true,"href":"https:\/\/watchdeluxe.it\/fr\/wp-json\/wp\/v2\/media\/167871"}],"wp:attachment":[{"href":"https:\/\/watchdeluxe.it\/fr\/wp-json\/wp\/v2\/media?parent=125649"}],"wp:term":[{"taxonomy":"product_brand","embeddable":true,"href":"https:\/\/watchdeluxe.it\/fr\/wp-json\/wp\/v2\/product_brand?post=125649"},{"taxonomy":"product_cat","embeddable":true,"href":"https:\/\/watchdeluxe.it\/fr\/wp-json\/wp\/v2\/product_cat?post=125649"},{"taxonomy":"product_tag","embeddable":true,"href":"https:\/\/watchdeluxe.it\/fr\/wp-json\/wp\/v2\/product_tag?post=125649"},{"taxonomy":"berocket_brand","embeddable":true,"href":"https:\/\/watchdeluxe.it\/fr\/wp-json\/wp\/v2\/berocket_brand?post=125649"},{"taxonomy":"woo-feed-brand","embeddable":true,"href":"https:\/\/watchdeluxe.it\/fr\/wp-json\/wp\/v2\/woo-feed-brand?post=125649"}],"curies":[{"name":"wp","href":"https:\/\/api.w.org\/{rel}","templated":true}]}}