{"id":125589,"date":"2023-03-17T18:38:52","date_gmt":"2023-03-17T17:38:52","guid":{"rendered":"https:\/\/watchdeluxe.it\/prodotto\/nomos-metro-38-date-display-ref-1102\/"},"modified":"2026-04-07T12:14:38","modified_gmt":"2026-04-07T10:14:38","slug":"nomos-metro-38-date-display-ref-1102","status":"publish","type":"product","link":"https:\/\/watchdeluxe.it\/fr\/prodotto\/nomos-metro-38-date-display-ref-1102\/","title":{"rendered":"NOMOS Metro 38 date display REF. 1102"},"content":{"rendered":"<p>NOMOS Metro 38 date display REF. 1102<\/p>\n<div class=\"list-couple\">\n<div class=\"specs-list\">\n<dl>\n<dt>Bo\u00eetier<\/dt>\n<dd>acier inoxydable<br \/>\nfond en verre saphir<\/dd>\n<\/dl>\n<dl>\n<dt>Verre<\/dt>\n<dd>verre saphir bomb\u00e9<\/dd>\n<\/dl>\n<dl>\n<dt>Remontage<\/dt>\n<dd>manuel<\/dd>\n<\/dl>\n<dl>\n<dt>Dimensions<\/dt>\n<dd>diam\u00e8tre <span class=\"size-property\"> 38,5 mm <\/span><br \/>\n\u00e9paisseur <span class=\"size-property\"> 7,8 mm <\/span><br \/>\ndimension externe de la corne <span class=\"size-property\"> 45,3 mm <\/span><\/dd>\n<\/dl>\n<dl>\n<dt>\u00c9tanch\u00e9it\u00e9<\/dt>\n<dd>3 atm (r\u00e9sistant aux \u00e9claboussures)<\/dd>\n<\/dl>\n<\/div>\n<div class=\"specs-list\">\n<dl>\n<dt>Cadran<\/dt>\n<dd>galvanis\u00e9, blanc plaqu\u00e9 argent<br \/>\nindex bleus \u00e0 trois, neuf et douze heures<\/dd>\n<\/dl>\n<dl>\n<dt>Aiguilles<\/dt>\n<dd>noir oxyd\u00e9, aiguille des secondes rouge<\/dd>\n<\/dl>\n<dl>\n<dt>bracelet<\/dt>\n<dd>Horween Genuine Shell Cordovan noir, avec barrettes \u00e0 pompe \u00e0 d\u00e9gagement rapide<br \/>\n<span class=\"size-property\"> largeur de corne 19 mm <\/span><\/dd>\n<\/dl>\n<\/div>\n<\/div>\n","protected":false},"excerpt":{"rendered":"<p>NOMOS Metro 38 date display REF. 1102 Bo\u00eetier acier inoxydable fond en verre saphir Verre verre saphir bomb\u00e9 Remontage manuel Dimensions diam\u00e8tre 38,5 mm \u00e9paisseur 7,8 mm dimension externe de la corne 45,3 mm \u00c9tanch\u00e9it\u00e9 3 atm (r\u00e9sistant aux \u00e9claboussures) Cadran galvanis\u00e9, blanc plaqu\u00e9 argent index bleus \u00e0 trois, neuf et douze heures Aiguilles noir [&hellip;]<\/p>\n","protected":false},"featured_media":164884,"template":"","meta":{"_crdt_document":"","advanced_seo_description":"","jetpack_seo_html_title":"","jetpack_seo_noindex":false},"product_brand":[],"product_cat":[2376],"product_tag":[1589],"berocket_brand":[],"woo-feed-brand":[],"class_list":{"0":"post-125589","1":"product","2":"type-product","3":"status-publish","4":"has-post-thumbnail","6":"product_cat-nomos-glashutte-fr","7":"product_tag-metro","9":"first","10":"instock","11":"sale","12":"taxable","13":"shipping-taxable","14":"purchasable","15":"product-type-simple"},"bundled_by":[],"bundle_stock_status":"instock","bundle_stock_quantity":1,"bundle_virtual":false,"bundle_layout":"","bundle_add_to_cart_form_location":"","bundle_editable_in_cart":false,"bundle_sold_individually_context":"","bundle_item_grouping":"","bundle_min_size":"","bundle_max_size":"","bundle_price":[],"bundled_items":[],"bundle_sell_ids":[],"group_of_quantity":0,"min_quantity":0,"max_quantity":"","exclude_order_quantity_value_rules":"no","exclude_category_quantity_rules":"no","combine_variations":"no","jetpack_sharing_enabled":true,"jetpack_likes_enabled":true,"_links":{"self":[{"href":"https:\/\/watchdeluxe.it\/fr\/wp-json\/wp\/v2\/product\/125589","targetHints":{"allow":["GET"]}}],"collection":[{"href":"https:\/\/watchdeluxe.it\/fr\/wp-json\/wp\/v2\/product"}],"about":[{"href":"https:\/\/watchdeluxe.it\/fr\/wp-json\/wp\/v2\/types\/product"}],"wp:featuredmedia":[{"embeddable":true,"href":"https:\/\/watchdeluxe.it\/fr\/wp-json\/wp\/v2\/media\/164884"}],"wp:attachment":[{"href":"https:\/\/watchdeluxe.it\/fr\/wp-json\/wp\/v2\/media?parent=125589"}],"wp:term":[{"taxonomy":"product_brand","embeddable":true,"href":"https:\/\/watchdeluxe.it\/fr\/wp-json\/wp\/v2\/product_brand?post=125589"},{"taxonomy":"product_cat","embeddable":true,"href":"https:\/\/watchdeluxe.it\/fr\/wp-json\/wp\/v2\/product_cat?post=125589"},{"taxonomy":"product_tag","embeddable":true,"href":"https:\/\/watchdeluxe.it\/fr\/wp-json\/wp\/v2\/product_tag?post=125589"},{"taxonomy":"berocket_brand","embeddable":true,"href":"https:\/\/watchdeluxe.it\/fr\/wp-json\/wp\/v2\/berocket_brand?post=125589"},{"taxonomy":"woo-feed-brand","embeddable":true,"href":"https:\/\/watchdeluxe.it\/fr\/wp-json\/wp\/v2\/woo-feed-brand?post=125589"}],"curies":[{"name":"wp","href":"https:\/\/api.w.org\/{rel}","templated":true}]}}