{"id":125490,"date":"2026-01-26T17:29:01","date_gmt":"2026-01-26T16:29:01","guid":{"rendered":"https:\/\/watchdeluxe.it\/prodotto\/montblanc-star-legacy-automatic-date-42-mm-ref-134359\/"},"modified":"2026-01-26T17:29:03","modified_gmt":"2026-01-26T16:29:03","slug":"montblanc-star-legacy-automatic-date-42-mm-ref-134359","status":"publish","type":"product","link":"https:\/\/watchdeluxe.it\/fr\/prodotto\/montblanc-star-legacy-automatic-date-42-mm-ref-134359\/","title":{"rendered":"Montblanc Star Legacy Automatic Date 42 mm ref. 134359"},"content":{"rendered":"<p>Montblanc Star Legacy Automatic Date 42 mm ref. 134359<\/p>\n<p><span class=\"T286Pc\" data-sfc-cp=\"\" data-complete=\"true\" data-processed=\"true\">La montre Montblanc Star Legacy Automatic Date 42 mm pr\u00e9sente un cadran anthracite nuanc\u00e9 avec un motif <\/span> \u00e9toil\u00e9<em class=\"eujQNb\" data-complete=\"true\" data-processed=\"true\">guilloch\u00e9<\/em>, des chiffres romains rhodi\u00e9s et des aiguilles en forme de feuille. Elle est anim\u00e9e par le mouvement automatique MB 24.17 et poss\u00e8de un fond de bo\u00eetier visible. Le bo\u00eetier en acier inoxydable a un diam\u00e8tre de 42 mm et une \u00e9paisseur de 10,6 mm. Le bracelet interchangeable est en cuir de veau anthracite. Les fonctions comprennent les heures, les minutes, les secondes et l&#8217;affichage de la date.<\/p>\n","protected":false},"excerpt":{"rendered":"<p>Montblanc Star Legacy Automatic Date 42 mm ref. 134359 La montre Montblanc Star Legacy Automatic Date 42 mm pr\u00e9sente un cadran anthracite nuanc\u00e9 avec un motif \u00e9toil\u00e9guilloch\u00e9, des chiffres romains rhodi\u00e9s et des aiguilles en forme de feuille. Elle est anim\u00e9e par le mouvement automatique MB 24.17 et poss\u00e8de un fond de bo\u00eetier visible. Le [&hellip;]<\/p>\n","protected":false},"featured_media":125470,"template":"","meta":{"_crdt_document":"","advanced_seo_description":"","jetpack_seo_html_title":"","jetpack_seo_noindex":false,"jetpack_post_was_ever_published":true},"product_brand":[1907],"product_cat":[1929],"product_tag":[1616],"berocket_brand":[],"woo-feed-brand":[],"class_list":{"0":"post-125490","1":"product","2":"type-product","3":"status-publish","4":"has-post-thumbnail","6":"product_brand-montblanc","7":"product_cat-montblanc","8":"product_tag-star-legacy","10":"first","11":"instock","12":"sale","13":"taxable","14":"shipping-taxable","15":"purchasable","16":"product-type-simple"},"bundled_by":[],"bundle_stock_status":"instock","bundle_stock_quantity":1,"bundle_virtual":false,"bundle_layout":"","bundle_add_to_cart_form_location":"","bundle_editable_in_cart":false,"bundle_sold_individually_context":"","bundle_item_grouping":"","bundle_min_size":"","bundle_max_size":"","bundle_price":[],"bundled_items":[],"bundle_sell_ids":[],"group_of_quantity":0,"min_quantity":0,"max_quantity":"","exclude_order_quantity_value_rules":"no","exclude_category_quantity_rules":"no","combine_variations":"no","exclude_global_add_ons":[],"addons":[],"jetpack_sharing_enabled":true,"jetpack_likes_enabled":true,"_links":{"self":[{"href":"https:\/\/watchdeluxe.it\/fr\/wp-json\/wp\/v2\/product\/125490","targetHints":{"allow":["GET"]}}],"collection":[{"href":"https:\/\/watchdeluxe.it\/fr\/wp-json\/wp\/v2\/product"}],"about":[{"href":"https:\/\/watchdeluxe.it\/fr\/wp-json\/wp\/v2\/types\/product"}],"wp:featuredmedia":[{"embeddable":true,"href":"https:\/\/watchdeluxe.it\/fr\/wp-json\/wp\/v2\/media\/125470"}],"wp:attachment":[{"href":"https:\/\/watchdeluxe.it\/fr\/wp-json\/wp\/v2\/media?parent=125490"}],"wp:term":[{"taxonomy":"product_brand","embeddable":true,"href":"https:\/\/watchdeluxe.it\/fr\/wp-json\/wp\/v2\/product_brand?post=125490"},{"taxonomy":"product_cat","embeddable":true,"href":"https:\/\/watchdeluxe.it\/fr\/wp-json\/wp\/v2\/product_cat?post=125490"},{"taxonomy":"product_tag","embeddable":true,"href":"https:\/\/watchdeluxe.it\/fr\/wp-json\/wp\/v2\/product_tag?post=125490"},{"taxonomy":"berocket_brand","embeddable":true,"href":"https:\/\/watchdeluxe.it\/fr\/wp-json\/wp\/v2\/berocket_brand?post=125490"},{"taxonomy":"woo-feed-brand","embeddable":true,"href":"https:\/\/watchdeluxe.it\/fr\/wp-json\/wp\/v2\/woo-feed-brand?post=125490"}],"curies":[{"name":"wp","href":"https:\/\/api.w.org\/{rel}","templated":true}]}}