{"id":125489,"date":"2025-11-06T11:01:29","date_gmt":"2025-11-06T10:01:29","guid":{"rendered":"https:\/\/watchdeluxe.it\/prodotto\/sac-a-dos-moyen-montblanc-extreme-3-0-a-3-compartiments-en-cuir-imprime-noir-ref-198847\/"},"modified":"2025-11-06T11:01:29","modified_gmt":"2025-11-06T10:01:29","slug":"sac-a-dos-moyen-montblanc-extreme-3-0-a-3-compartiments-en-cuir-imprime-noir-ref-198847","status":"publish","type":"product","link":"https:\/\/watchdeluxe.it\/fr\/prodotto\/sac-a-dos-moyen-montblanc-extreme-3-0-a-3-compartiments-en-cuir-imprime-noir-ref-198847\/","title":{"rendered":"Sac \u00e0 dos moyen Montblanc Extreme 3.0 \u00e0 3 compartiments, en cuir imprim\u00e9 noir ref. 198847"},"content":{"rendered":"<p>Sac \u00e0 dos moyen Montblanc Extreme 3.0 \u00e0 3 compartiments, en cuir imprim\u00e9 noir ref. 198847<\/p>\n<ul>\n<li data-hveid=\"CAUQAA\" data-complete=\"true\" data-sae=\"\"><span class=\"T286Pc\" data-sfc-cp=\"\" data-complete=\"true\"><strong class=\"Yjhzub\" data-complete=\"true\">Mati\u00e8re<\/strong>: Cuir de vachette pleine fleur avec impression du motif Extreme 3.0 en noir.<\/span><\/li>\n<li data-hveid=\"CAUQAQ\" data-complete=\"true\" data-sae=\"\"><span class=\"T286Pc\" data-sfc-cp=\"\" data-complete=\"true\"><strong class=\"Yjhzub\" data-complete=\"true\">Compartiments<\/strong>: Le sac \u00e0 dos comporte trois compartiments principaux, ce qui le rend id\u00e9al pour l&#8217;organisation et le transport des articles de tous les jours.<\/span><\/li>\n<li data-hveid=\"CAUQAg\" data-complete=\"true\" data-sae=\"\"><span class=\"T286Pc\" data-sfc-cp=\"\" data-complete=\"true\"><strong class=\"Yjhzub\" data-complete=\"true\">Fonctionnalit\u00e9<\/strong>: Il est dot\u00e9 de bretelles r\u00e9glables pour plus de confort et, selon le site Internet de Montblanc, il est con\u00e7u pour la vie de tous les jours, tant pour le travail que pour les loisirs.<\/span><span class=\"uJ19be notranslate\" data-wiz-uids=\"tiazxe_26,tiazxe_27\" data-complete=\"true\"><span class=\"vKEkVd\" data-animation-atomic=\"\" data-sae=\"\"> <\/span><\/span><\/li>\n<\/ul>\n","protected":false},"excerpt":{"rendered":"<p>Sac \u00e0 dos moyen Montblanc Extreme 3.0 \u00e0 3 compartiments, en cuir imprim\u00e9 noir ref. 198847 Mati\u00e8re: Cuir de vachette pleine fleur avec impression du motif Extreme 3.0 en noir. Compartiments: Le sac \u00e0 dos comporte trois compartiments principaux, ce qui le rend id\u00e9al pour l&#8217;organisation et le transport des articles de tous les jours. [&hellip;]<\/p>\n","protected":false},"featured_media":125436,"template":"","meta":{"_crdt_document":"","advanced_seo_description":"","jetpack_seo_html_title":"","jetpack_seo_noindex":false},"product_brand":[1907],"product_cat":[1929],"product_tag":[1414],"berocket_brand":[],"woo-feed-brand":[],"class_list":{"0":"post-125489","1":"product","2":"type-product","3":"status-publish","4":"has-post-thumbnail","6":"product_brand-montblanc","7":"product_cat-montblanc","8":"product_tag-zaino","10":"first","11":"instock","12":"sale","13":"taxable","14":"shipping-taxable","15":"purchasable","16":"product-type-simple"},"bundled_by":[],"bundle_stock_status":"instock","bundle_stock_quantity":1,"bundle_virtual":false,"bundle_layout":"","bundle_add_to_cart_form_location":"","bundle_editable_in_cart":false,"bundle_sold_individually_context":"","bundle_item_grouping":"","bundle_min_size":"","bundle_max_size":"","bundle_price":[],"bundled_items":[],"bundle_sell_ids":[],"group_of_quantity":0,"min_quantity":0,"max_quantity":"","exclude_order_quantity_value_rules":"no","exclude_category_quantity_rules":"no","combine_variations":"no","exclude_global_add_ons":[],"addons":[],"jetpack_sharing_enabled":true,"jetpack_likes_enabled":true,"_links":{"self":[{"href":"https:\/\/watchdeluxe.it\/fr\/wp-json\/wp\/v2\/product\/125489","targetHints":{"allow":["GET"]}}],"collection":[{"href":"https:\/\/watchdeluxe.it\/fr\/wp-json\/wp\/v2\/product"}],"about":[{"href":"https:\/\/watchdeluxe.it\/fr\/wp-json\/wp\/v2\/types\/product"}],"wp:featuredmedia":[{"embeddable":true,"href":"https:\/\/watchdeluxe.it\/fr\/wp-json\/wp\/v2\/media\/125436"}],"wp:attachment":[{"href":"https:\/\/watchdeluxe.it\/fr\/wp-json\/wp\/v2\/media?parent=125489"}],"wp:term":[{"taxonomy":"product_brand","embeddable":true,"href":"https:\/\/watchdeluxe.it\/fr\/wp-json\/wp\/v2\/product_brand?post=125489"},{"taxonomy":"product_cat","embeddable":true,"href":"https:\/\/watchdeluxe.it\/fr\/wp-json\/wp\/v2\/product_cat?post=125489"},{"taxonomy":"product_tag","embeddable":true,"href":"https:\/\/watchdeluxe.it\/fr\/wp-json\/wp\/v2\/product_tag?post=125489"},{"taxonomy":"berocket_brand","embeddable":true,"href":"https:\/\/watchdeluxe.it\/fr\/wp-json\/wp\/v2\/berocket_brand?post=125489"},{"taxonomy":"woo-feed-brand","embeddable":true,"href":"https:\/\/watchdeluxe.it\/fr\/wp-json\/wp\/v2\/woo-feed-brand?post=125489"}],"curies":[{"name":"wp","href":"https:\/\/api.w.org\/{rel}","templated":true}]}}