{"id":125379,"date":"2025-11-06T10:52:25","date_gmt":"2025-11-06T09:52:25","guid":{"rendered":"https:\/\/watchdeluxe.it\/prodotto\/montblanc-gemini-writers-edition-hommage-a-johann-wolfgang-von-goethe-ref-134674\/"},"modified":"2025-11-06T10:52:25","modified_gmt":"2025-11-06T09:52:25","slug":"montblanc-gemini-writers-edition-hommage-a-johann-wolfgang-von-goethe-ref-134674","status":"publish","type":"product","link":"https:\/\/watchdeluxe.it\/fr\/prodotto\/montblanc-gemini-writers-edition-hommage-a-johann-wolfgang-von-goethe-ref-134674\/","title":{"rendered":"Montblanc Gemini Writers Edition Hommage \u00e0 Johann Wolfgang von Goethe ref. 134674"},"content":{"rendered":"<p>Montblanc Gemini Writers Edition Hommage \u00e0 Johann Wolfgang von Goethe ref. 134674<\/p>\n<ul>\n<li data-hveid=\"CAQQAA\" data-complete=\"true\" data-sae=\"\"><span class=\"T286Pc\" data-sfc-cp=\"\" data-complete=\"true\"><strong class=\"Yjhzub\" data-complete=\"true\">Mat\u00e9riaux :<\/strong> Les boutons de manchette sont en acier inoxydable de haute qualit\u00e9. Au centre de l&#8217;embl\u00e8me se trouve une r\u00e9sine Montblanc sp\u00e9cialement usin\u00e9e. <\/span><\/li>\n<li data-hveid=\"CAQQAQ\" data-complete=\"true\" data-sae=\"\"><span class=\"T286Pc\" data-sfc-cp=\"\" data-complete=\"true\">Design <strong class=\"Yjhzub\" data-complete=\"true\">:<\/strong> Le design des boutons de manchette rend hommage \u00e0 l&#8217;\u00e9crivain Johann Wolfgang von Goethe et \u00e0 sa collection.<\/span><\/li>\n<li data-hveid=\"CAQQAg\" data-sae=\"\" data-complete=\"true\"><span class=\"T286Pc\" data-sfc-cp=\"\" data-complete=\"true\"><strong class=\"Yjhzub\" data-complete=\"true\">Couleur :<\/strong> la r\u00e9sine est bleue.<\/span><\/li>\n<li data-hveid=\"CAQQAw\" data-complete=\"true\" data-processed=\"true\" data-sae=\"\"><span class=\"T286Pc\" data-sfc-cp=\"\" data-complete=\"true\"><strong class=\"Yjhzub\" data-complete=\"true\">Fermeture :<\/strong> Le m\u00e9canisme de fermeture est \u00e0 pression, ce qui garantit une bonne prise en main.<\/span><\/li>\n<\/ul>\n","protected":false},"excerpt":{"rendered":"<p>Montblanc Gemini Writers Edition Hommage \u00e0 Johann Wolfgang von Goethe ref. 134674 Mat\u00e9riaux : Les boutons de manchette sont en acier inoxydable de haute qualit\u00e9. Au centre de l&#8217;embl\u00e8me se trouve une r\u00e9sine Montblanc sp\u00e9cialement usin\u00e9e. Design : Le design des boutons de manchette rend hommage \u00e0 l&#8217;\u00e9crivain Johann Wolfgang von Goethe et \u00e0 sa [&hellip;]<\/p>\n","protected":false},"featured_media":125372,"template":"","meta":{"_crdt_document":"","advanced_seo_description":"","jetpack_seo_html_title":"","jetpack_seo_noindex":false},"product_brand":[],"product_cat":[2241],"product_tag":[2430],"berocket_brand":[],"woo-feed-brand":[],"class_list":{"0":"post-125379","1":"product","2":"type-product","3":"status-publish","4":"has-post-thumbnail","6":"product_cat-montblanc-fr","7":"product_tag-jumeaux","9":"first","10":"instock","11":"sale","12":"taxable","13":"shipping-taxable","14":"purchasable","15":"product-type-simple"},"bundled_by":[],"bundle_stock_status":"instock","bundle_stock_quantity":1,"bundle_virtual":false,"bundle_layout":"","bundle_add_to_cart_form_location":"","bundle_editable_in_cart":false,"bundle_sold_individually_context":"","bundle_item_grouping":"","bundle_min_size":"","bundle_max_size":"","bundle_price":[],"bundled_items":[],"bundle_sell_ids":[],"group_of_quantity":0,"min_quantity":0,"max_quantity":"","exclude_order_quantity_value_rules":"no","exclude_category_quantity_rules":"no","combine_variations":"no","jetpack_sharing_enabled":true,"jetpack_likes_enabled":true,"_links":{"self":[{"href":"https:\/\/watchdeluxe.it\/fr\/wp-json\/wp\/v2\/product\/125379","targetHints":{"allow":["GET"]}}],"collection":[{"href":"https:\/\/watchdeluxe.it\/fr\/wp-json\/wp\/v2\/product"}],"about":[{"href":"https:\/\/watchdeluxe.it\/fr\/wp-json\/wp\/v2\/types\/product"}],"wp:featuredmedia":[{"embeddable":true,"href":"https:\/\/watchdeluxe.it\/fr\/wp-json\/wp\/v2\/media\/125372"}],"wp:attachment":[{"href":"https:\/\/watchdeluxe.it\/fr\/wp-json\/wp\/v2\/media?parent=125379"}],"wp:term":[{"taxonomy":"product_brand","embeddable":true,"href":"https:\/\/watchdeluxe.it\/fr\/wp-json\/wp\/v2\/product_brand?post=125379"},{"taxonomy":"product_cat","embeddable":true,"href":"https:\/\/watchdeluxe.it\/fr\/wp-json\/wp\/v2\/product_cat?post=125379"},{"taxonomy":"product_tag","embeddable":true,"href":"https:\/\/watchdeluxe.it\/fr\/wp-json\/wp\/v2\/product_tag?post=125379"},{"taxonomy":"berocket_brand","embeddable":true,"href":"https:\/\/watchdeluxe.it\/fr\/wp-json\/wp\/v2\/berocket_brand?post=125379"},{"taxonomy":"woo-feed-brand","embeddable":true,"href":"https:\/\/watchdeluxe.it\/fr\/wp-json\/wp\/v2\/woo-feed-brand?post=125379"}],"curies":[{"name":"wp","href":"https:\/\/api.w.org\/{rel}","templated":true}]}}