{"id":125211,"date":"2025-11-06T10:24:55","date_gmt":"2025-11-06T09:24:55","guid":{"rendered":"https:\/\/watchdeluxe.it\/prodotto\/porte-documents-etroit-montblanc-sartorial-bicolore-en-cuir-gaufre-bleu-et-noir-ref-220333\/"},"modified":"2025-11-06T10:24:55","modified_gmt":"2025-11-06T09:24:55","slug":"porte-documents-etroit-montblanc-sartorial-bicolore-en-cuir-gaufre-bleu-et-noir-ref-220333","status":"publish","type":"product","link":"https:\/\/watchdeluxe.it\/fr\/prodotto\/porte-documents-etroit-montblanc-sartorial-bicolore-en-cuir-gaufre-bleu-et-noir-ref-220333\/","title":{"rendered":"Porte-documents \u00e9troit Montblanc Sartorial, bicolore en cuir gaufr\u00e9 bleu et noir ref. 220333"},"content":{"rendered":"<p>Porte-documents \u00e9troit Montblanc Sartorial, avec un design bicolore en cuir gaufr\u00e9 bleu et noir ref. 220333<\/p>\n<ul>\n<li data-hveid=\"CAQQAA\" data-complete=\"true\" data-sae=\"\"><span class=\"T286Pc\" data-sfc-cp=\"\" data-complete=\"true\"><strong class=\"Yjhzub\" data-complete=\"true\">Mod\u00e8le<\/strong>: Porte-documents mince Sartorial.<\/span><\/li>\n<li data-hveid=\"CAQQAQ\" data-complete=\"true\" data-sae=\"\"><span class=\"T286Pc\" data-sfc-cp=\"\" data-complete=\"true\"><strong class=\"Yjhzub\" data-complete=\"true\">Mati\u00e8re<\/strong>: cuir gaufr\u00e9 bicolore.<\/span><\/li>\n<li data-hveid=\"CAQQAg\" data-complete=\"true\" data-sae=\"\"><span class=\"T286Pc\" data-sfc-cp=\"\" data-complete=\"true\"><strong class=\"Yjhzub\" data-complete=\"true\">Couleur<\/strong>: bleu et noir.<\/span><\/li>\n<li data-hveid=\"CAQQAw\" data-complete=\"true\" data-sae=\"\"><span class=\"T286Pc\" data-sfc-cp=\"\" data-complete=\"true\"><strong class=\"Yjhzub\" data-complete=\"true\">Capacit\u00e9<\/strong>: compartiment principal spacieux, adapt\u00e9 aux documents A4.<\/span><\/li>\n<li data-hveid=\"CAQQBA\" data-complete=\"true\" data-sae=\"\"><span class=\"T286Pc\" data-sfc-cp=\"\" data-complete=\"true\"><strong class=\"Yjhzub\" data-complete=\"true\">Fonctionnalit\u00e9<\/strong>: Combine l&#8217;esth\u00e9tique traditionnelle de Montblanc avec une fonctionnalit\u00e9 moderne.<\/span><span class=\"uJ19be notranslate\" data-wiz-uids=\"D314T_17,D314T_18\" data-complete=\"true\"><span class=\"vKEkVd\" data-animation-atomic=\"\" data-sae=\"\"> <\/span><\/span><\/li>\n<\/ul>\n","protected":false},"excerpt":{"rendered":"<p>Porte-documents \u00e9troit Montblanc Sartorial, avec un design bicolore en cuir gaufr\u00e9 bleu et noir ref. 220333 Mod\u00e8le: Porte-documents mince Sartorial. Mati\u00e8re: cuir gaufr\u00e9 bicolore. Couleur: bleu et noir. Capacit\u00e9: compartiment principal spacieux, adapt\u00e9 aux documents A4. Fonctionnalit\u00e9: Combine l&#8217;esth\u00e9tique traditionnelle de Montblanc avec une fonctionnalit\u00e9 moderne.<\/p>\n","protected":false},"featured_media":125207,"template":"","meta":{"_crdt_document":"","advanced_seo_description":"","jetpack_seo_html_title":"","jetpack_seo_noindex":false},"product_brand":[],"product_cat":[2367],"product_tag":[],"berocket_brand":[],"woo-feed-brand":[],"class_list":{"0":"post-125211","1":"product","2":"type-product","3":"status-publish","4":"has-post-thumbnail","6":"product_cat-nomos-glashutte-en","8":"first","9":"instock","10":"sale","11":"taxable","12":"shipping-taxable","13":"purchasable","14":"product-type-simple"},"bundled_by":[],"bundle_stock_status":"instock","bundle_stock_quantity":1,"bundle_virtual":false,"bundle_layout":"","bundle_add_to_cart_form_location":"","bundle_editable_in_cart":false,"bundle_sold_individually_context":"","bundle_item_grouping":"","bundle_min_size":"","bundle_max_size":"","bundle_price":[],"bundled_items":[],"bundle_sell_ids":[],"group_of_quantity":0,"min_quantity":0,"max_quantity":"","exclude_order_quantity_value_rules":"no","exclude_category_quantity_rules":"no","combine_variations":"no","jetpack_sharing_enabled":true,"jetpack_likes_enabled":true,"_links":{"self":[{"href":"https:\/\/watchdeluxe.it\/fr\/wp-json\/wp\/v2\/product\/125211","targetHints":{"allow":["GET"]}}],"collection":[{"href":"https:\/\/watchdeluxe.it\/fr\/wp-json\/wp\/v2\/product"}],"about":[{"href":"https:\/\/watchdeluxe.it\/fr\/wp-json\/wp\/v2\/types\/product"}],"wp:featuredmedia":[{"embeddable":true,"href":"https:\/\/watchdeluxe.it\/fr\/wp-json\/wp\/v2\/media\/125207"}],"wp:attachment":[{"href":"https:\/\/watchdeluxe.it\/fr\/wp-json\/wp\/v2\/media?parent=125211"}],"wp:term":[{"taxonomy":"product_brand","embeddable":true,"href":"https:\/\/watchdeluxe.it\/fr\/wp-json\/wp\/v2\/product_brand?post=125211"},{"taxonomy":"product_cat","embeddable":true,"href":"https:\/\/watchdeluxe.it\/fr\/wp-json\/wp\/v2\/product_cat?post=125211"},{"taxonomy":"product_tag","embeddable":true,"href":"https:\/\/watchdeluxe.it\/fr\/wp-json\/wp\/v2\/product_tag?post=125211"},{"taxonomy":"berocket_brand","embeddable":true,"href":"https:\/\/watchdeluxe.it\/fr\/wp-json\/wp\/v2\/berocket_brand?post=125211"},{"taxonomy":"woo-feed-brand","embeddable":true,"href":"https:\/\/watchdeluxe.it\/fr\/wp-json\/wp\/v2\/woo-feed-brand?post=125211"}],"curies":[{"name":"wp","href":"https:\/\/api.w.org\/{rel}","templated":true}]}}