{"id":125047,"date":"2025-11-06T09:55:30","date_gmt":"2025-11-06T08:55:30","guid":{"rendered":"https:\/\/watchdeluxe.it\/prodotto\/montblanc-meisterstuck-bordeaux-classique-stylo-roller-ref-133007\/"},"modified":"2026-01-16T14:42:58","modified_gmt":"2026-01-16T13:42:58","slug":"montblanc-meisterstuck-bordeaux-classique-stylo-roller-ref-133007","status":"publish","type":"product","link":"https:\/\/watchdeluxe.it\/fr\/prodotto\/montblanc-meisterstuck-bordeaux-classique-stylo-roller-ref-133007\/","title":{"rendered":"Montblanc Meisterst\u00fcck Bordeaux Classique stylo roller ref. 133007"},"content":{"rendered":"<p>Montblanc Meisterst\u00fcck Bordeaux Classique stylo roller ref. 133007<\/p>\n<ul>\n<li data-hveid=\"CAQQAA\" data-complete=\"true\" data-sae=\"\"><span class=\"T286Pc\" data-sfc-cp=\"\" data-complete=\"true\"><strong class=\"Yjhzub\" data-complete=\"true\">Mod\u00e8le<\/strong>: Stylo roller Meisterst\u00fcck Classique.<\/span><\/li>\n<li data-hveid=\"CAQQAQ\" data-complete=\"true\" data-sae=\"\"><span class=\"T286Pc\" data-sfc-cp=\"\" data-complete=\"true\"><strong class=\"Yjhzub\" data-complete=\"true\">Mat\u00e9riau<\/strong>: Fabriqu\u00e9 en r\u00e9sine bordeaux de haute qualit\u00e9.<\/span><\/li>\n<li data-hveid=\"CAQQAg\" data-sae=\"\" data-complete=\"true\"><span class=\"T286Pc\" data-sfc-cp=\"\" data-complete=\"true\"><strong class=\"Yjhzub\" data-complete=\"true\">D\u00e9tails<\/strong>: Finition avec des accessoires plaqu\u00e9s or jaune.<\/span><\/li>\n<li data-hveid=\"CAQQAw\" data-complete=\"true\" data-processed=\"true\" data-sae=\"\"><span class=\"T286Pc\" data-sfc-cp=\"\" data-complete=\"true\"><strong class=\"Yjhzub\" data-complete=\"true\">Embl\u00e8me<\/strong>: La partie sup\u00e9rieure de la casquette est incrust\u00e9e de l&#8217;embl\u00e8me blanc de Montblanc.<\/span><\/li>\n<\/ul>\n","protected":false},"excerpt":{"rendered":"<p>Montblanc Meisterst\u00fcck Bordeaux Classique stylo roller ref. 133007 Mod\u00e8le: Stylo roller Meisterst\u00fcck Classique. Mat\u00e9riau: Fabriqu\u00e9 en r\u00e9sine bordeaux de haute qualit\u00e9. D\u00e9tails: Finition avec des accessoires plaqu\u00e9s or jaune. Embl\u00e8me: La partie sup\u00e9rieure de la casquette est incrust\u00e9e de l&#8217;embl\u00e8me blanc de Montblanc.<\/p>\n","protected":false},"featured_media":125003,"template":"","meta":{"_crdt_document":"","advanced_seo_description":"","jetpack_seo_html_title":"","jetpack_seo_noindex":false},"product_brand":[],"product_cat":[2241],"product_tag":[2252],"berocket_brand":[],"woo-feed-brand":[],"class_list":{"0":"post-125047","1":"product","2":"type-product","3":"status-publish","4":"has-post-thumbnail","6":"product_cat-montblanc-fr","7":"product_tag-stylos","9":"first","10":"instock","11":"sale","12":"taxable","13":"shipping-taxable","14":"purchasable","15":"product-type-simple"},"bundled_by":[],"bundle_stock_status":"instock","bundle_stock_quantity":1,"bundle_virtual":false,"bundle_layout":"","bundle_add_to_cart_form_location":"","bundle_editable_in_cart":false,"bundle_sold_individually_context":"","bundle_item_grouping":"","bundle_min_size":"","bundle_max_size":"","bundle_price":[],"bundled_items":[],"bundle_sell_ids":[],"group_of_quantity":0,"min_quantity":0,"max_quantity":"","exclude_order_quantity_value_rules":"no","exclude_category_quantity_rules":"no","combine_variations":"no","jetpack_sharing_enabled":true,"jetpack_likes_enabled":true,"_links":{"self":[{"href":"https:\/\/watchdeluxe.it\/fr\/wp-json\/wp\/v2\/product\/125047","targetHints":{"allow":["GET"]}}],"collection":[{"href":"https:\/\/watchdeluxe.it\/fr\/wp-json\/wp\/v2\/product"}],"about":[{"href":"https:\/\/watchdeluxe.it\/fr\/wp-json\/wp\/v2\/types\/product"}],"wp:featuredmedia":[{"embeddable":true,"href":"https:\/\/watchdeluxe.it\/fr\/wp-json\/wp\/v2\/media\/125003"}],"wp:attachment":[{"href":"https:\/\/watchdeluxe.it\/fr\/wp-json\/wp\/v2\/media?parent=125047"}],"wp:term":[{"taxonomy":"product_brand","embeddable":true,"href":"https:\/\/watchdeluxe.it\/fr\/wp-json\/wp\/v2\/product_brand?post=125047"},{"taxonomy":"product_cat","embeddable":true,"href":"https:\/\/watchdeluxe.it\/fr\/wp-json\/wp\/v2\/product_cat?post=125047"},{"taxonomy":"product_tag","embeddable":true,"href":"https:\/\/watchdeluxe.it\/fr\/wp-json\/wp\/v2\/product_tag?post=125047"},{"taxonomy":"berocket_brand","embeddable":true,"href":"https:\/\/watchdeluxe.it\/fr\/wp-json\/wp\/v2\/berocket_brand?post=125047"},{"taxonomy":"woo-feed-brand","embeddable":true,"href":"https:\/\/watchdeluxe.it\/fr\/wp-json\/wp\/v2\/woo-feed-brand?post=125047"}],"curies":[{"name":"wp","href":"https:\/\/api.w.org\/{rel}","templated":true}]}}