{"id":124880,"date":"2025-11-05T17:07:21","date_gmt":"2025-11-05T16:07:21","guid":{"rendered":"https:\/\/watchdeluxe.it\/prodotto\/montblanc-sartorial-slim-briefcase-in-black-embossed-calfskin-ref-220490\/"},"modified":"2026-01-16T14:57:06","modified_gmt":"2026-01-16T13:57:06","slug":"montblanc-sartorial-slim-briefcase-in-black-embossed-calfskin-ref-220490","status":"publish","type":"product","link":"https:\/\/watchdeluxe.it\/fr\/prodotto\/montblanc-sartorial-slim-briefcase-in-black-embossed-calfskin-ref-220490\/","title":{"rendered":"Montblanc Sartorial slim briefcase in black embossed calfskin ref. 220490"},"content":{"rendered":"<p>Montblanc Sartorial slim briefcase in black embossed calfskin ref. 220490<\/p>\n<ul class=\"KsbFXc U6u95\" data-complete=\"true\" data-processed=\"true\">\n<li data-hveid=\"CAQQAA\" data-complete=\"true\" data-sae=\"\"><span class=\"T286Pc\" data-sfc-cp=\"\" data-complete=\"true\"><strong class=\"Yjhzub\" data-complete=\"true\">Mat\u00e9riaux :<\/strong> En cuir de vachette pleine fleur de haute qualit\u00e9 avec impression Saffiano et doublure en polyamide et coton.<\/span><\/li>\n<li data-hveid=\"CAQQAQ\" data-complete=\"true\" data-sae=\"\"><span class=\"T286Pc\" data-sfc-cp=\"\" data-complete=\"true\"><strong class=\"Yjhzub\" data-complete=\"true\">Design :<\/strong> compact et \u00e9l\u00e9gant, avec des poign\u00e9es sur le dessus pour le transport \u00e0 la main.<\/span><\/li>\n<li data-hveid=\"CAQQAg\" data-complete=\"true\" data-sae=\"\"><span class=\"T286Pc\" data-sfc-cp=\"\" data-complete=\"true\"><strong class=\"Yjhzub\" data-complete=\"true\">Fonctionnalit\u00e9 :<\/strong> offre suffisamment d&#8217;espace pour les documents essentiels tout en conservant un profil mince.<\/span><\/li>\n<li data-hveid=\"CAQQAw\" data-complete=\"true\" data-sae=\"\"><span class=\"T286Pc\" data-sfc-cp=\"\" data-complete=\"true\"><strong class=\"Yjhzub\" data-complete=\"true\">D\u00e9tails :<\/strong> Les accessoires m\u00e9talliques sont plaqu\u00e9s palladium.<\/span><\/li>\n<\/ul>\n","protected":false},"excerpt":{"rendered":"<p>Montblanc Sartorial slim briefcase in black embossed calfskin ref. 220490 Mat\u00e9riaux : En cuir de vachette pleine fleur de haute qualit\u00e9 avec impression Saffiano et doublure en polyamide et coton. Design : compact et \u00e9l\u00e9gant, avec des poign\u00e9es sur le dessus pour le transport \u00e0 la main. Fonctionnalit\u00e9 : offre suffisamment d&#8217;espace pour les documents [&hellip;]<\/p>\n","protected":false},"featured_media":124874,"template":"","meta":{"_crdt_document":"","advanced_seo_description":"","jetpack_seo_html_title":"","jetpack_seo_noindex":false,"jetpack_post_was_ever_published":false},"product_brand":[1907],"product_cat":[1929],"product_tag":[1445],"berocket_brand":[],"woo-feed-brand":[],"class_list":{"0":"post-124880","1":"product","2":"type-product","3":"status-publish","4":"has-post-thumbnail","6":"product_brand-montblanc","7":"product_cat-montblanc","8":"product_tag-borse","10":"first","11":"instock","12":"sale","13":"taxable","14":"shipping-taxable","15":"purchasable","16":"product-type-simple"},"bundled_by":[],"bundle_stock_status":"instock","bundle_stock_quantity":1,"bundle_virtual":false,"bundle_layout":"","bundle_add_to_cart_form_location":"","bundle_editable_in_cart":false,"bundle_sold_individually_context":"","bundle_item_grouping":"","bundle_min_size":"","bundle_max_size":"","bundle_price":[],"bundled_items":[],"bundle_sell_ids":[],"group_of_quantity":0,"min_quantity":0,"max_quantity":"","exclude_order_quantity_value_rules":"no","exclude_category_quantity_rules":"no","combine_variations":"no","exclude_global_add_ons":[],"addons":[],"jetpack_sharing_enabled":true,"jetpack_likes_enabled":true,"_links":{"self":[{"href":"https:\/\/watchdeluxe.it\/fr\/wp-json\/wp\/v2\/product\/124880","targetHints":{"allow":["GET"]}}],"collection":[{"href":"https:\/\/watchdeluxe.it\/fr\/wp-json\/wp\/v2\/product"}],"about":[{"href":"https:\/\/watchdeluxe.it\/fr\/wp-json\/wp\/v2\/types\/product"}],"wp:featuredmedia":[{"embeddable":true,"href":"https:\/\/watchdeluxe.it\/fr\/wp-json\/wp\/v2\/media\/124874"}],"wp:attachment":[{"href":"https:\/\/watchdeluxe.it\/fr\/wp-json\/wp\/v2\/media?parent=124880"}],"wp:term":[{"taxonomy":"product_brand","embeddable":true,"href":"https:\/\/watchdeluxe.it\/fr\/wp-json\/wp\/v2\/product_brand?post=124880"},{"taxonomy":"product_cat","embeddable":true,"href":"https:\/\/watchdeluxe.it\/fr\/wp-json\/wp\/v2\/product_cat?post=124880"},{"taxonomy":"product_tag","embeddable":true,"href":"https:\/\/watchdeluxe.it\/fr\/wp-json\/wp\/v2\/product_tag?post=124880"},{"taxonomy":"berocket_brand","embeddable":true,"href":"https:\/\/watchdeluxe.it\/fr\/wp-json\/wp\/v2\/berocket_brand?post=124880"},{"taxonomy":"woo-feed-brand","embeddable":true,"href":"https:\/\/watchdeluxe.it\/fr\/wp-json\/wp\/v2\/woo-feed-brand?post=124880"}],"curies":[{"name":"wp","href":"https:\/\/api.w.org\/{rel}","templated":true}]}}