{"id":124684,"date":"2025-11-05T16:01:37","date_gmt":"2025-11-05T15:01:37","guid":{"rendered":"https:\/\/watchdeluxe.it\/prodotto\/montblanc-compact-cabin-trolley-my4810-ref-199431\/"},"modified":"2025-11-05T16:01:37","modified_gmt":"2025-11-05T15:01:37","slug":"montblanc-compact-cabin-trolley-my4810-ref-199431","status":"publish","type":"product","link":"https:\/\/watchdeluxe.it\/fr\/prodotto\/montblanc-compact-cabin-trolley-my4810-ref-199431\/","title":{"rendered":"Montblanc compact cabin trolley #MY4810 ref. 199431"},"content":{"rendered":"<p>Montblanc compact cabin trolley #MY4810 ref. 199431<\/p>\n<ul class=\"KsbFXc U6u95\" data-complete=\"true\" data-processed=\"true\">\n<li data-hveid=\"CAQQAA\" data-complete=\"true\" data-sae=\"\"><span class=\"T286Pc\" data-sfc-cp=\"\" data-complete=\"true\"><strong class=\"Yjhzub\" data-complete=\"true\">Couleur<\/strong>: le chariot est de couleur &#8220;cassis&#8221;, une teinte proche du bordeaux.<\/span><\/li>\n<li data-hveid=\"CAQQAQ\" data-complete=\"true\" data-sae=\"\"><span class=\"T286Pc\" data-sfc-cp=\"\" data-complete=\"true\"><strong class=\"Yjhzub\" data-complete=\"true\">Mat\u00e9riaux<\/strong>: Fabriqu\u00e9 en polycarbonate l\u00e9ger, avec une garniture en cuir pour une touche d&#8217;\u00e9l\u00e9gance.<\/span><\/li>\n<li data-hveid=\"CAQQAg\" data-complete=\"true\" data-sae=\"\"><span class=\"T286Pc\" data-sfc-cp=\"\" data-complete=\"true\"><strong class=\"Yjhzub\" data-complete=\"true\">Conception<\/strong>: la conception est compacte et optimis\u00e9e pour une utilisation en tant que bagage \u00e0 main. Il est dot\u00e9 d&#8217;une poign\u00e9e de transport r\u00e9glable pour plus de commodit\u00e9. <\/span><\/li>\n<li data-hveid=\"CAQQAw\" data-complete=\"true\" data-sae=\"\"><span class=\"T286Pc\" data-sfc-cp=\"\" data-complete=\"true\"><strong class=\"Yjhzub\" data-complete=\"true\">Fonctionnalit\u00e9<\/strong>: il est \u00e9quip\u00e9 de roues coulissantes pour faciliter la man\u0153uvre.<\/span><\/li>\n<li data-hveid=\"CAQQBA\" data-complete=\"true\" data-sae=\"\"><span class=\"T286Pc\" data-sfc-cp=\"\" data-complete=\"true\"><strong class=\"Yjhzub\" data-complete=\"true\">Organisation<\/strong>: L&#8217;int\u00e9rieur est divis\u00e9 en compartiments pour permettre une organisation intelligente des affaires.<\/span><\/li>\n<li data-hveid=\"CAQQBQ\" data-complete=\"true\" data-sae=\"\"><span class=\"T286Pc\" data-sfc-cp=\"\" data-complete=\"true\"><strong class=\"Yjhzub\" data-complete=\"true\">Dimensions<\/strong>: Les dimensions sont de 35 x 55 x 21 cm, ce qui convient aux compartiments \u00e0 bagages de la plupart des compagnies a\u00e9riennes. Toutefois, il est recommand\u00e9 de v\u00e9rifier les r\u00e8gles sp\u00e9cifiques de la compagnie a\u00e9rienne avant de voyager. <\/span><\/li>\n<\/ul>\n","protected":false},"excerpt":{"rendered":"<p>Montblanc compact cabin trolley #MY4810 ref. 199431 Couleur: le chariot est de couleur &#8220;cassis&#8221;, une teinte proche du bordeaux. Mat\u00e9riaux: Fabriqu\u00e9 en polycarbonate l\u00e9ger, avec une garniture en cuir pour une touche d&#8217;\u00e9l\u00e9gance. Conception: la conception est compacte et optimis\u00e9e pour une utilisation en tant que bagage \u00e0 main. Il est dot\u00e9 d&#8217;une poign\u00e9e de [&hellip;]<\/p>\n","protected":false},"featured_media":124677,"template":"","meta":{"_crdt_document":"","advanced_seo_description":"","jetpack_seo_html_title":"","jetpack_seo_noindex":false},"product_brand":[],"product_cat":[2241],"product_tag":[3121],"berocket_brand":[],"woo-feed-brand":[],"class_list":{"0":"post-124684","1":"product","2":"type-product","3":"status-publish","4":"has-post-thumbnail","6":"product_cat-montblanc-fr","7":"product_tag-chariot","9":"first","10":"instock","11":"sale","12":"taxable","13":"shipping-taxable","14":"purchasable","15":"product-type-simple"},"bundled_by":[],"bundle_stock_status":"instock","bundle_stock_quantity":1,"bundle_virtual":false,"bundle_layout":"","bundle_add_to_cart_form_location":"","bundle_editable_in_cart":false,"bundle_sold_individually_context":"","bundle_item_grouping":"","bundle_min_size":"","bundle_max_size":"","bundle_price":[],"bundled_items":[],"bundle_sell_ids":[],"group_of_quantity":0,"min_quantity":0,"max_quantity":"","exclude_order_quantity_value_rules":"no","exclude_category_quantity_rules":"no","combine_variations":"no","jetpack_sharing_enabled":true,"jetpack_likes_enabled":true,"_links":{"self":[{"href":"https:\/\/watchdeluxe.it\/fr\/wp-json\/wp\/v2\/product\/124684","targetHints":{"allow":["GET"]}}],"collection":[{"href":"https:\/\/watchdeluxe.it\/fr\/wp-json\/wp\/v2\/product"}],"about":[{"href":"https:\/\/watchdeluxe.it\/fr\/wp-json\/wp\/v2\/types\/product"}],"wp:featuredmedia":[{"embeddable":true,"href":"https:\/\/watchdeluxe.it\/fr\/wp-json\/wp\/v2\/media\/124677"}],"wp:attachment":[{"href":"https:\/\/watchdeluxe.it\/fr\/wp-json\/wp\/v2\/media?parent=124684"}],"wp:term":[{"taxonomy":"product_brand","embeddable":true,"href":"https:\/\/watchdeluxe.it\/fr\/wp-json\/wp\/v2\/product_brand?post=124684"},{"taxonomy":"product_cat","embeddable":true,"href":"https:\/\/watchdeluxe.it\/fr\/wp-json\/wp\/v2\/product_cat?post=124684"},{"taxonomy":"product_tag","embeddable":true,"href":"https:\/\/watchdeluxe.it\/fr\/wp-json\/wp\/v2\/product_tag?post=124684"},{"taxonomy":"berocket_brand","embeddable":true,"href":"https:\/\/watchdeluxe.it\/fr\/wp-json\/wp\/v2\/berocket_brand?post=124684"},{"taxonomy":"woo-feed-brand","embeddable":true,"href":"https:\/\/watchdeluxe.it\/fr\/wp-json\/wp\/v2\/woo-feed-brand?post=124684"}],"curies":[{"name":"wp","href":"https:\/\/api.w.org\/{rel}","templated":true}]}}