{"id":124575,"date":"2025-11-05T15:43:29","date_gmt":"2025-11-05T14:43:29","guid":{"rendered":"https:\/\/watchdeluxe.it\/prodotto\/montblanc-starwalker-polargreen-stylo-plume-en-resine-precieuse-inspire-des-aurores-boreales-ref-132902\/"},"modified":"2026-01-16T15:11:38","modified_gmt":"2026-01-16T14:11:38","slug":"montblanc-starwalker-polargreen-stylo-plume-en-resine-precieuse-inspire-des-aurores-boreales-ref-132902","status":"publish","type":"product","link":"https:\/\/watchdeluxe.it\/fr\/prodotto\/montblanc-starwalker-polargreen-stylo-plume-en-resine-precieuse-inspire-des-aurores-boreales-ref-132902\/","title":{"rendered":"Montblanc StarWalker PolarGreen Stylo Plume en r\u00e9sine pr\u00e9cieuse, inspir\u00e9 des aurores bor\u00e9ales ref. 132902"},"content":{"rendered":"<p>Montblanc StarWalker PolarGreen Stylo Plume en r\u00e9sine pr\u00e9cieuse, inspir\u00e9 des aurores bor\u00e9ales ref. 132902<\/p>\n<ul class=\"KsbFXc U6u95\" data-processed=\"true\" data-complete=\"true\">\n<li data-hveid=\"CAQQAA\" data-complete=\"true\" data-sae=\"\"><span class=\"T286Pc\" data-sfc-cp=\"\" data-complete=\"true\"><strong class=\"Yjhzub\" data-complete=\"true\">Design<\/strong>: Le stylo s&#8217;inspire de la beaut\u00e9 des aurores bor\u00e9ales, avec son d\u00f4me sup\u00e9rieur en r\u00e9sine transparente et iris\u00e9e.<\/span><\/li>\n<li data-hveid=\"CAQQAQ\" data-complete=\"true\" data-sae=\"\"><span class=\"T286Pc\" data-sfc-cp=\"\" data-complete=\"true\"><strong class=\"Yjhzub\" data-complete=\"true\">Mat\u00e9riau<\/strong>: Le corps et le capuchon sont en r\u00e9sine verte de haute qualit\u00e9.<\/span><\/li>\n<li data-hveid=\"CAQQAg\" data-complete=\"true\" data-sae=\"\"><span class=\"T286Pc\" data-sfc-cp=\"\" data-complete=\"true\"><strong class=\"Yjhzub\" data-complete=\"true\">D\u00e9tails<\/strong>: Les accessoires sont en finition platine. La plume artisanale est en or massif Au585\/14K avec finition rhodium. <\/span><\/li>\n<li data-hveid=\"CAQQAw\" data-complete=\"true\" data-sae=\"\"><span class=\"T286Pc\" data-sfc-cp=\"\" data-complete=\"true\"><strong class=\"Yjhzub\" data-complete=\"true\">Clip<\/strong>: Le clip, \u00e9galement en platine, porte le nom Montblanc grav\u00e9 et un num\u00e9ro de s\u00e9rie individuel.<\/span><\/li>\n<li data-hveid=\"CAQQBA\" data-sae=\"\" data-complete=\"true\"><span class=\"T286Pc\" data-sfc-cp=\"\" data-complete=\"true\">Syst\u00e8me d&#8217;<strong class=\"Yjhzub\" data-complete=\"true\">\u00e9criture<\/strong>: fonctionne avec un syst\u00e8me de cartouches d&#8217;encre.<\/span><span class=\"uJ19be notranslate\" data-wiz-uids=\"qlLN5e_13,qlLN5e_14\" data-complete=\"true\"><span class=\"vKEkVd\" data-animation-atomic=\"\" data-sae=\"\"> <\/span><\/span><\/li>\n<\/ul>\n","protected":false},"excerpt":{"rendered":"<p>Montblanc StarWalker PolarGreen Stylo Plume en r\u00e9sine pr\u00e9cieuse, inspir\u00e9 des aurores bor\u00e9ales ref. 132902 Design: Le stylo s&#8217;inspire de la beaut\u00e9 des aurores bor\u00e9ales, avec son d\u00f4me sup\u00e9rieur en r\u00e9sine transparente et iris\u00e9e. Mat\u00e9riau: Le corps et le capuchon sont en r\u00e9sine verte de haute qualit\u00e9. D\u00e9tails: Les accessoires sont en finition platine. La plume [&hellip;]<\/p>\n","protected":false},"featured_media":124568,"template":"","meta":{"_crdt_document":"","advanced_seo_description":"","jetpack_seo_html_title":"","jetpack_seo_noindex":false,"jetpack_post_was_ever_published":false},"product_brand":[1907],"product_cat":[1929],"product_tag":[1452],"berocket_brand":[],"woo-feed-brand":[],"class_list":{"0":"post-124575","1":"product","2":"type-product","3":"status-publish","4":"has-post-thumbnail","6":"product_brand-montblanc","7":"product_cat-montblanc","8":"product_tag-penne","10":"first","11":"instock","12":"sale","13":"taxable","14":"shipping-taxable","15":"purchasable","16":"product-type-simple"},"bundled_by":[],"bundle_stock_status":"instock","bundle_stock_quantity":1,"bundle_virtual":false,"bundle_layout":"","bundle_add_to_cart_form_location":"","bundle_editable_in_cart":false,"bundle_sold_individually_context":"","bundle_item_grouping":"","bundle_min_size":"","bundle_max_size":"","bundle_price":[],"bundled_items":[],"bundle_sell_ids":[],"group_of_quantity":0,"min_quantity":0,"max_quantity":"","exclude_order_quantity_value_rules":"no","exclude_category_quantity_rules":"no","combine_variations":"no","exclude_global_add_ons":[],"addons":[],"jetpack_sharing_enabled":true,"jetpack_likes_enabled":true,"_links":{"self":[{"href":"https:\/\/watchdeluxe.it\/fr\/wp-json\/wp\/v2\/product\/124575","targetHints":{"allow":["GET"]}}],"collection":[{"href":"https:\/\/watchdeluxe.it\/fr\/wp-json\/wp\/v2\/product"}],"about":[{"href":"https:\/\/watchdeluxe.it\/fr\/wp-json\/wp\/v2\/types\/product"}],"wp:featuredmedia":[{"embeddable":true,"href":"https:\/\/watchdeluxe.it\/fr\/wp-json\/wp\/v2\/media\/124568"}],"wp:attachment":[{"href":"https:\/\/watchdeluxe.it\/fr\/wp-json\/wp\/v2\/media?parent=124575"}],"wp:term":[{"taxonomy":"product_brand","embeddable":true,"href":"https:\/\/watchdeluxe.it\/fr\/wp-json\/wp\/v2\/product_brand?post=124575"},{"taxonomy":"product_cat","embeddable":true,"href":"https:\/\/watchdeluxe.it\/fr\/wp-json\/wp\/v2\/product_cat?post=124575"},{"taxonomy":"product_tag","embeddable":true,"href":"https:\/\/watchdeluxe.it\/fr\/wp-json\/wp\/v2\/product_tag?post=124575"},{"taxonomy":"berocket_brand","embeddable":true,"href":"https:\/\/watchdeluxe.it\/fr\/wp-json\/wp\/v2\/berocket_brand?post=124575"},{"taxonomy":"woo-feed-brand","embeddable":true,"href":"https:\/\/watchdeluxe.it\/fr\/wp-json\/wp\/v2\/woo-feed-brand?post=124575"}],"curies":[{"name":"wp","href":"https:\/\/api.w.org\/{rel}","templated":true}]}}