{"id":124475,"date":"2023-03-20T13:54:37","date_gmt":"2023-03-20T12:54:37","guid":{"rendered":"https:\/\/watchdeluxe.it\/prodotto\/montblanc-starwalker-ultra-black-rollerball-pen-ref-118463\/"},"modified":"2026-01-21T17:51:33","modified_gmt":"2026-01-21T16:51:33","slug":"montblanc-starwalker-ultra-black-rollerball-pen-ref-118463","status":"publish","type":"product","link":"https:\/\/watchdeluxe.it\/fr\/prodotto\/montblanc-starwalker-ultra-black-rollerball-pen-ref-118463\/","title":{"rendered":"Montblanc Starwalker Ultra Black rollerball pen ref. 118463"},"content":{"rendered":"<p><b>Sp\u00e9cifications des produits<\/b><\/p>\n<ul>\n<li> <b> Nom de marque <\/b>: MONTBLANC<\/li>\n<li> <b> Poids de l&#8217;article <\/b>: 14,4 onces<\/li>\n<li> <b> Dimensions du produit <\/b>: 4.7 x 4.7 pouces<\/li>\n<li> <b> Couleur <\/b>: noir<\/li>\n<li> <b> Couleur de l&#8217;encre <\/b>: noir<\/li>\n<li> <b> Num\u00e9ro de pi\u00e8ce fabricant <\/b>: 118463<\/li>\n<\/ul>\n<p>&nbsp;<\/p>\n<p><strong>Caract\u00e9ristiques<\/strong><\/p>\n<ul>\n<li><span class=\"a-list-item\">  Canon : r\u00e9sine pr\u00e9cieuse mate sabl\u00e9e  <\/span><\/li>\n<li><span class=\"a-list-item\">  Clip : clip rev\u00eatu de PVD avec la marque Montblanc en relief et le num\u00e9ro de s\u00e9rie individuel.  <\/span><\/li>\n<li><span class=\"a-list-item\">  Capuchon : r\u00e9sine pr\u00e9cieuse mate sabl\u00e9e  <\/span><\/li>\n<\/ul>\n<p><!-- Loading EDP related metadata --> <b>Description du produit :  <\/b><!-- show up to 2 reviews by default --><\/p>\n<p>Stylo fineliner Montblanc avec capuchon et corps en r\u00e9sine pr\u00e9cieuse mate sabl\u00e9e et clip plaqu\u00e9 PVD.<\/p>\n","protected":false},"excerpt":{"rendered":"<p>Sp\u00e9cifications des produits Nom de marque : MONTBLANC Poids de l&#8217;article : 14,4 onces Dimensions du produit : 4.7 x 4.7 pouces Couleur : noir Couleur de l&#8217;encre : noir Num\u00e9ro de pi\u00e8ce fabricant : 118463 &nbsp; Caract\u00e9ristiques Canon : r\u00e9sine pr\u00e9cieuse mate sabl\u00e9e Clip : clip rev\u00eatu de PVD avec la marque Montblanc en [&hellip;]<\/p>\n","protected":false},"featured_media":124470,"template":"","meta":{"_crdt_document":"","advanced_seo_description":"","jetpack_seo_html_title":"","jetpack_seo_noindex":false},"product_brand":[],"product_cat":[2241],"product_tag":[2252],"berocket_brand":[],"woo-feed-brand":[],"class_list":{"0":"post-124475","1":"product","2":"type-product","3":"status-publish","4":"has-post-thumbnail","6":"product_cat-montblanc-fr","7":"product_tag-stylos","9":"first","10":"instock","11":"sale","12":"taxable","13":"shipping-taxable","14":"purchasable","15":"product-type-simple"},"bundled_by":[],"bundle_stock_status":"instock","bundle_stock_quantity":1,"bundle_virtual":false,"bundle_layout":"","bundle_add_to_cart_form_location":"","bundle_editable_in_cart":false,"bundle_sold_individually_context":"","bundle_item_grouping":"","bundle_min_size":"","bundle_max_size":"","bundle_price":[],"bundled_items":[],"bundle_sell_ids":[],"group_of_quantity":0,"min_quantity":0,"max_quantity":"","exclude_order_quantity_value_rules":"no","exclude_category_quantity_rules":"no","combine_variations":"no","jetpack_sharing_enabled":true,"jetpack_likes_enabled":true,"_links":{"self":[{"href":"https:\/\/watchdeluxe.it\/fr\/wp-json\/wp\/v2\/product\/124475","targetHints":{"allow":["GET"]}}],"collection":[{"href":"https:\/\/watchdeluxe.it\/fr\/wp-json\/wp\/v2\/product"}],"about":[{"href":"https:\/\/watchdeluxe.it\/fr\/wp-json\/wp\/v2\/types\/product"}],"wp:featuredmedia":[{"embeddable":true,"href":"https:\/\/watchdeluxe.it\/fr\/wp-json\/wp\/v2\/media\/124470"}],"wp:attachment":[{"href":"https:\/\/watchdeluxe.it\/fr\/wp-json\/wp\/v2\/media?parent=124475"}],"wp:term":[{"taxonomy":"product_brand","embeddable":true,"href":"https:\/\/watchdeluxe.it\/fr\/wp-json\/wp\/v2\/product_brand?post=124475"},{"taxonomy":"product_cat","embeddable":true,"href":"https:\/\/watchdeluxe.it\/fr\/wp-json\/wp\/v2\/product_cat?post=124475"},{"taxonomy":"product_tag","embeddable":true,"href":"https:\/\/watchdeluxe.it\/fr\/wp-json\/wp\/v2\/product_tag?post=124475"},{"taxonomy":"berocket_brand","embeddable":true,"href":"https:\/\/watchdeluxe.it\/fr\/wp-json\/wp\/v2\/berocket_brand?post=124475"},{"taxonomy":"woo-feed-brand","embeddable":true,"href":"https:\/\/watchdeluxe.it\/fr\/wp-json\/wp\/v2\/woo-feed-brand?post=124475"}],"curies":[{"name":"wp","href":"https:\/\/api.w.org\/{rel}","templated":true}]}}